{"id":12370,"date":"2018-10-13T14:38:18","date_gmt":"2018-10-13T12:38:18","guid":{"rendered":"https:\/\/www.adhoc-translations.com\/teknologi\/"},"modified":"2020-03-27T10:42:46","modified_gmt":"2020-03-27T09:42:46","slug":"teknologi","status":"publish","type":"page","link":"https:\/\/www.adhoc-translations.com\/da\/teknologi\/","title":{"rendered":"Teknologi"},"content":{"rendered":"<p>[et_pb_section fb_built=&#8221;1&#8243; _builder_version=&#8221;3.22.7&#8243; background_image=&#8221;https:\/\/www.adhoc-translations.com\/wp-content\/uploads\/2019\/05\/teknologi-header.jpg&#8221; custom_padding=&#8221;90px||100px|&#8221; z_index_tablet=&#8221;500&#8243; transparent_background=&#8221;off&#8221;][et_pb_row module_class=&#8221;et_pb_animation_top et-animated et-waypoint&#8221; _builder_version=&#8221;3.25&#8243; background_size=&#8221;initial&#8221; background_position=&#8221;top_left&#8221; background_repeat=&#8221;repeat&#8221; make_fullwidth=&#8221;off&#8221; use_custom_width=&#8221;off&#8221; width_unit=&#8221;on&#8221; custom_width_px=&#8221;1080px&#8221; custom_width_percent=&#8221;80%&#8221;][et_pb_column type=&#8221;4_4&#8243; _builder_version=&#8221;3.25&#8243; custom_padding=&#8221;|||&#8221; custom_padding__hover=&#8221;|||&#8221;][et_pb_text _builder_version=&#8221;4.4.1&#8243; header_font=&#8221;|700|||||||&#8221; header_font_size=&#8221;40px&#8221; header_2_font=&#8221;|300|||||||&#8221; background_size=&#8221;initial&#8221; background_position=&#8221;top_left&#8221; background_repeat=&#8221;repeat&#8221; text_orientation=&#8221;center&#8221; background_layout=&#8221;dark&#8221; module_alignment=&#8221;center&#8221; custom_padding=&#8221;25px|||&#8221; custom_padding_tablet=&#8221;35px|||&#8221; custom_padding_phone=&#8221;&#8221; custom_padding_last_edited=&#8221;on|phone&#8221; animation_style=&#8221;fade&#8221; z_index_tablet=&#8221;500&#8243; use_border_color=&#8221;off&#8221; border_color=&#8221;#ffffff&#8221; border_style=&#8221;solid&#8221;]<\/p>\n<h1>Overs\u00e6ttelsesv\u00e6rkt\u00f8j, integrationer<br \/>og anden smart teknologi<\/h1>\n<h2>ARBEJD SMART MED INTELLIGENT TEKNOLOGI<\/h2>\n<p>[\/et_pb_text][et_pb_button button_url=&#8221;https:\/\/www.adhoc-translations.com\/da\/faa-et-tilbud\/&#8221; button_text=&#8221;F\u00e5 et tilbud&#8221; button_alignment=&#8221;center&#8221; _builder_version=&#8221;3.16&#8243; background_layout=&#8221;dark&#8221; button_letter_spacing_hover=&#8221;0&#8243; button_text_size__hover_enabled=&#8221;off&#8221; button_text_size__hover=&#8221;null&#8221; button_one_text_size__hover_enabled=&#8221;off&#8221; button_one_text_size__hover=&#8221;null&#8221; button_two_text_size__hover_enabled=&#8221;off&#8221; button_two_text_size__hover=&#8221;null&#8221; button_text_color__hover_enabled=&#8221;off&#8221; button_text_color__hover=&#8221;null&#8221; button_one_text_color__hover_enabled=&#8221;off&#8221; button_one_text_color__hover=&#8221;null&#8221; button_two_text_color__hover_enabled=&#8221;off&#8221; button_two_text_color__hover=&#8221;null&#8221; button_border_width__hover_enabled=&#8221;off&#8221; button_border_width__hover=&#8221;null&#8221; button_one_border_width__hover_enabled=&#8221;off&#8221; button_one_border_width__hover=&#8221;null&#8221; button_two_border_width__hover_enabled=&#8221;off&#8221; button_two_border_width__hover=&#8221;null&#8221; button_border_color__hover_enabled=&#8221;off&#8221; button_border_color__hover=&#8221;null&#8221; button_one_border_color__hover_enabled=&#8221;off&#8221; button_one_border_color__hover=&#8221;null&#8221; button_two_border_color__hover_enabled=&#8221;off&#8221; button_two_border_color__hover=&#8221;null&#8221; button_border_radius__hover_enabled=&#8221;off&#8221; button_border_radius__hover=&#8221;null&#8221; button_one_border_radius__hover_enabled=&#8221;off&#8221; button_one_border_radius__hover=&#8221;null&#8221; button_two_border_radius__hover_enabled=&#8221;off&#8221; button_two_border_radius__hover=&#8221;null&#8221; button_letter_spacing__hover_enabled=&#8221;on&#8221; button_letter_spacing__hover=&#8221;0&#8243; button_one_letter_spacing__hover_enabled=&#8221;off&#8221; button_one_letter_spacing__hover=&#8221;null&#8221; button_two_letter_spacing__hover_enabled=&#8221;off&#8221; button_two_letter_spacing__hover=&#8221;null&#8221; button_bg_color__hover_enabled=&#8221;off&#8221; button_bg_color__hover=&#8221;null&#8221; button_one_bg_color__hover_enabled=&#8221;off&#8221; button_one_bg_color__hover=&#8221;null&#8221; button_two_bg_color__hover_enabled=&#8221;off&#8221; button_two_bg_color__hover=&#8221;null&#8221;][\/et_pb_button][\/et_pb_column][\/et_pb_row][\/et_pb_section][et_pb_section fb_built=&#8221;1&#8243; _builder_version=&#8221;4.0.6&#8243; background_enable_color=&#8221;off&#8221; custom_padding=&#8221;50px||50px|&#8221;][et_pb_row custom_padding_last_edited=&#8221;on|phone&#8221; _builder_version=&#8221;4.0.6&#8243; background_color=&#8221;#f4f4f4&#8243; custom_margin=&#8221;-100px||||false|false&#8221; custom_padding=&#8221;50px|100px|50px|100px|true|true&#8221; custom_padding_tablet=&#8221;&#8221; custom_padding_phone=&#8221;20px|20px|20px|20px|true|true&#8221; use_custom_width=&#8221;on&#8221; custom_width_px=&#8221;750px&#8221;][et_pb_column type=&#8221;4_4&#8243; _builder_version=&#8221;3.25&#8243; custom_padding=&#8221;|||&#8221; custom_padding__hover=&#8221;|||&#8221;][et_pb_text _builder_version=&#8221;3.27.4&#8243; text_orientation=&#8221;center&#8221; z_index_tablet=&#8221;500&#8243;]<\/p>\n<p>AdHoc Translations tilbyder en r\u00e6kke avancerede teknologiske l\u00f8sninger og sprogv\u00e6rkt\u00f8jer, der skaber optimale processer og produkter til gavn for vores kunder.<\/p>\n<p> Vi tilbyder blandt andet integrationer med vores kunders systemer og en portal, der g\u00f8r det nemt, hurtigt og gennemsigtigt for vores kunder at h\u00e5ndtere sprogopgaver p\u00e5 tv\u00e6rs af afdelinger og lande.<\/p>\n<p>[\/et_pb_text][\/et_pb_column][\/et_pb_row][\/et_pb_section][et_pb_section fb_built=&#8221;1&#8243; _builder_version=&#8221;4.0.6&#8243; inner_width_tablet=&#8221;50px&#8221; inner_max_width_tablet=&#8221;50px&#8221; custom_margin=&#8221;0px||||false|false&#8221; custom_padding=&#8221;0px||||false|false&#8221; z_index_tablet=&#8221;500&#8243;][et_pb_row _builder_version=&#8221;3.25&#8243; background_size=&#8221;initial&#8221; background_position=&#8221;top_left&#8221; background_repeat=&#8221;repeat&#8221;][et_pb_column type=&#8221;4_4&#8243; _builder_version=&#8221;3.25&#8243; custom_padding=&#8221;|||&#8221; custom_padding__hover=&#8221;|||&#8221;][et_pb_text _builder_version=&#8221;4.0.6&#8243; header_2_font=&#8221;|700|||||||&#8221; header_2_text_align=&#8221;center&#8221; header_2_text_color=&#8221;#222222&#8243; z_index_tablet=&#8221;500&#8243;]<\/p>\n<h2>Vores teknologiske l\u00f8sninger <br \/>og overs\u00e6ttelsesv\u00e6rkt\u00f8jer<\/h2>\n<p>[\/et_pb_text][\/et_pb_column][\/et_pb_row][et_pb_row column_structure=&#8221;1_3,1_3,1_3&#8243; make_equal=&#8221;on&#8221; _builder_version=&#8221;3.25&#8243; z_index_tablet=&#8221;500&#8243;][et_pb_column type=&#8221;1_3&#8243; _builder_version=&#8221;3.25&#8243; custom_padding=&#8221;|||&#8221; custom_padding__hover=&#8221;|||&#8221;][et_pb_image src=&#8221;https:\/\/www.adhoc-translations.com\/wp-content\/uploads\/2019\/05\/smartconnect-orange-200px.png&#8221; url=&#8221;https:\/\/www.adhoc-translations.com\/da\/teknologi\/cms-integration\/&#8221; align=&#8221;center&#8221; align_tablet=&#8221;center&#8221; align_phone=&#8221;&#8221; align_last_edited=&#8221;on|desktop&#8221; _builder_version=&#8221;4.0.6&#8243; width=&#8221;100px&#8221; max_width=&#8221;100px&#8221; animation_style=&#8221;zoom&#8221; z_index_tablet=&#8221;500&#8243;][\/et_pb_image][et_pb_text _builder_version=&#8221;4.0.6&#8243; header_2_font=&#8221;|700|||||||&#8221; header_2_text_align=&#8221;center&#8221; header_2_text_color=&#8221;#222222&#8243; header_3_font=&#8221;|700|||||||&#8221; header_3_text_align=&#8221;center&#8221; header_3_text_color=&#8221;#222222&#8243; text_orientation=&#8221;center&#8221; z_index_tablet=&#8221;500&#8243;]<\/p>\n<h3>Integrationer<br \/>(SmartConnect)<\/h3>\n<p>SmartConnect forbinder dine systemer (CMS, DMS) med vores overs\u00e6ttelsesplatform, s\u00e5 det bliver nemt og hurtigt at sende, modtage og publicere overs\u00e6ttelser direkte i dit system. Du sparer tid og mindsker risikoen for fejl.<\/p>\n<p><a href=\"https:\/\/www.adhoc-translations.com\/da\/teknologi\/cms-integration\/\">L\u00e6s mere her.<\/a><\/p>\n<p>[\/et_pb_text][\/et_pb_column][et_pb_column type=&#8221;1_3&#8243; _builder_version=&#8221;3.25&#8243; custom_padding=&#8221;|||&#8221; custom_padding__hover=&#8221;|||&#8221;][et_pb_image src=&#8221;https:\/\/www.adhoc-translations.com\/wp-content\/uploads\/2019\/05\/smartdesk-orange-200px.png&#8221; url=&#8221;https:\/\/www.adhoc-translations.com\/da\/teknologi\/translation-management-systemtms\/&#8221; align=&#8221;center&#8221; align_tablet=&#8221;center&#8221; align_phone=&#8221;&#8221; align_last_edited=&#8221;on|desktop&#8221; _builder_version=&#8221;4.0.6&#8243; width=&#8221;100px&#8221; max_width=&#8221;100px&#8221; animation_style=&#8221;zoom&#8221; z_index_tablet=&#8221;500&#8243;][\/et_pb_image][et_pb_text _builder_version=&#8221;4.0.6&#8243; header_2_font=&#8221;|700|||||||&#8221; header_2_text_align=&#8221;center&#8221; header_2_text_color=&#8221;#222222&#8243; header_3_font=&#8221;|700|||||||&#8221; header_3_text_align=&#8221;center&#8221; header_3_text_color=&#8221;#222222&#8243; text_orientation=&#8221;center&#8221; z_index_tablet=&#8221;500&#8243;]<\/p>\n<h3>Kundeportal<br \/>(SmartDesk)<\/h3>\n<p>Vores online kundeportal g\u00f8r det nemt og hurtigt at sende og modtage overs\u00e6ttelser. Det giver overblik og struktur, da alle opgaver er samlet et sted, og du l\u00f8bende kan f\u00f8lge status samt se oversigter over forbrug m.m.<\/p>\n<p><a href=\"https:\/\/www.adhoc-translations.com\/da\/teknologi\/translation-management-systemtms\/\">L\u00e6s mere her.<\/a><\/p>\n<p>[\/et_pb_text][\/et_pb_column][et_pb_column type=&#8221;1_3&#8243; _builder_version=&#8221;3.25&#8243; custom_padding=&#8221;|||&#8221; custom_padding__hover=&#8221;|||&#8221;][et_pb_image src=&#8221;https:\/\/www.adhoc-translations.com\/wp-content\/uploads\/2019\/05\/smartedit-orange-200px.png&#8221; url=&#8221;https:\/\/www.adhoc-translations.com\/da\/teknologi\/smartedit\/&#8221; align=&#8221;center&#8221; align_tablet=&#8221;center&#8221; align_phone=&#8221;&#8221; align_last_edited=&#8221;on|desktop&#8221; _builder_version=&#8221;4.0.6&#8243; width=&#8221;100px&#8221; max_width=&#8221;100px&#8221; animation_style=&#8221;zoom&#8221; z_index_tablet=&#8221;500&#8243;][\/et_pb_image][et_pb_text _builder_version=&#8221;4.0.6&#8243; header_2_font=&#8221;|700|||||||&#8221; header_2_text_align=&#8221;center&#8221; header_2_text_color=&#8221;#222222&#8243; header_3_font=&#8221;|700|||||||&#8221; header_3_text_align=&#8221;center&#8221; header_3_text_color=&#8221;#222222&#8243; text_orientation=&#8221;center&#8221; z_index_tablet=&#8221;500&#8243;]<\/p>\n<h3>Online korrektur<br \/>(SmartEdit)<\/h3>\n<p>Slut med gule noter og kommentarer i PDF-filer. Med SmartEdit kan du l\u00e6se korrektur p\u00e5 dine overs\u00e6ttelser direkte i det endelige layout uden at skulle have InDesign installeret. Det er nemt og sparer dig for en masse tid og besv\u00e6r.<\/p>\n<p><a href=\"https:\/\/www.adhoc-translations.com\/da\/teknologi\/smartedit\/\">L\u00e6s mere her.<\/a><\/p>\n<p>[\/et_pb_text][\/et_pb_column][\/et_pb_row][et_pb_row column_structure=&#8221;1_3,1_3,1_3&#8243; make_equal=&#8221;on&#8221; _builder_version=&#8221;3.25&#8243; z_index_tablet=&#8221;500&#8243;][et_pb_column type=&#8221;1_3&#8243; _builder_version=&#8221;3.25&#8243; custom_padding=&#8221;|||&#8221; custom_padding__hover=&#8221;|||&#8221;][et_pb_image src=&#8221;https:\/\/www.adhoc-translations.com\/wp-content\/uploads\/2019\/05\/terminologi-teknologi-orange-200px.png&#8221; url=&#8221;https:\/\/www.adhoc-translations.com\/da\/teknologi\/terminologi\/&#8221; align=&#8221;center&#8221; align_tablet=&#8221;center&#8221; align_phone=&#8221;&#8221; align_last_edited=&#8221;on|desktop&#8221; _builder_version=&#8221;4.0.6&#8243; width=&#8221;100px&#8221; max_width=&#8221;100px&#8221; animation_style=&#8221;zoom&#8221; z_index_tablet=&#8221;500&#8243;][\/et_pb_image][et_pb_text _builder_version=&#8221;4.4.1&#8243; header_2_font=&#8221;|700|||||||&#8221; header_2_text_align=&#8221;center&#8221; header_2_text_color=&#8221;#222222&#8243; header_3_font=&#8221;|700|||||||&#8221; header_3_text_align=&#8221;center&#8221; header_3_text_color=&#8221;#222222&#8243; text_orientation=&#8221;center&#8221; z_index_tablet=&#8221;500&#8243;]<\/p>\n<h3>Terminologi<\/h3>\n<p>Vores terminologieksperter hj\u00e6lper dig med at f\u00e5 styr p\u00e5 og vedligeholde din virksomheds terminologi, s\u00e5 du opn\u00e5r bedre kvalitet gennem ensartet brug af ord og termer i alle dine tekster uanset sprog.<\/p>\n<p><a href=\"https:\/\/www.adhoc-translations.com\/da\/teknologi\/terminologi\/\">L\u00e6s mere her<\/a><\/p>\n<p>[\/et_pb_text][\/et_pb_column][et_pb_column type=&#8221;1_3&#8243; _builder_version=&#8221;3.25&#8243; custom_padding=&#8221;|||&#8221; custom_padding__hover=&#8221;|||&#8221;][et_pb_image src=&#8221;https:\/\/www.adhoc-translations.com\/wp-content\/uploads\/2019\/05\/oversaettelsehukommelse-orange-200px.png&#8221; url=&#8221;https:\/\/www.adhoc-translations.com\/da\/teknologi\/oversaettelseshukommelse\/&#8221; align=&#8221;center&#8221; align_tablet=&#8221;center&#8221; align_phone=&#8221;&#8221; align_last_edited=&#8221;on|desktop&#8221; _builder_version=&#8221;4.0.6&#8243; width=&#8221;100px&#8221; max_width=&#8221;100px&#8221; animation_style=&#8221;zoom&#8221; z_index_tablet=&#8221;500&#8243;][\/et_pb_image][et_pb_text _builder_version=&#8221;4.4.1&#8243; header_2_font=&#8221;|700|||||||&#8221; header_2_text_align=&#8221;center&#8221; header_2_text_color=&#8221;#222222&#8243; header_3_font=&#8221;|700|||||||&#8221; header_3_text_align=&#8221;center&#8221; header_3_text_color=&#8221;#222222&#8243; text_orientation=&#8221;center&#8221; z_index_tablet=&#8221;500&#8243;]<\/p>\n<h3>Overs\u00e6ttelseshukommelser<\/h3>\n<p>Vi opbygger kundespecifikke overs\u00e6ttelseshukommelser (databaser), s\u00e5 tidligere oversatte ord, s\u00e6tninger og hele tekster bliver genbrugt. Det skaber st\u00f8rre ensartethed i dine tekster og billigere overs\u00e6ttelser.<\/p>\n<p><a href=\"https:\/\/www.adhoc-translations.com\/da\/teknologi\/oversaettelseshukommelse\/\">L\u00e6s mere her.<\/a><\/p>\n<p>[\/et_pb_text][\/et_pb_column][et_pb_column type=&#8221;1_3&#8243; _builder_version=&#8221;3.25&#8243; custom_padding=&#8221;|||&#8221; custom_padding__hover=&#8221;|||&#8221;][et_pb_image src=&#8221;https:\/\/www.adhoc-translations.com\/wp-content\/uploads\/2019\/06\/maskinoversaettelse-orange-200px-2.png&#8221; url=&#8221;https:\/\/www.adhoc-translations.com\/da\/teknologi\/maskinoversaettelse\/&#8221; align=&#8221;center&#8221; align_tablet=&#8221;center&#8221; align_phone=&#8221;&#8221; align_last_edited=&#8221;on|desktop&#8221; _builder_version=&#8221;4.0.6&#8243; width=&#8221;100px&#8221; max_width=&#8221;100px&#8221; animation_style=&#8221;zoom&#8221; z_index_tablet=&#8221;500&#8243;][\/et_pb_image][et_pb_text _builder_version=&#8221;4.0.6&#8243; header_2_font=&#8221;|700|||||||&#8221; header_2_text_align=&#8221;center&#8221; header_2_text_color=&#8221;#222222&#8243; header_3_font=&#8221;|700|||||||&#8221; header_3_text_align=&#8221;center&#8221; header_3_text_color=&#8221;#222222&#8243; text_orientation=&#8221;center&#8221; z_index_tablet=&#8221;500&#8243;]<\/p>\n<h3>Maskinovers\u00e6ttelse<\/h3>\n<p>Vi tilbyder forskellige l\u00f8sninger til at integrere maskinovers\u00e6ttelse, n\u00e5r teksttype og sprogkombination egner sig til dette. Maskinovers\u00e6ttelse g\u00f8r det bl.a. muligt at levere store m\u00e6ngder tekst p\u00e5 kort tid til en lavere pris.<\/p>\n<p><a href=\"https:\/\/www.adhoc-translations.com\/da\/teknologi\/maskinoversaettelse\/\">L\u00e6s mere her.<\/a><\/p>\n<p>[\/et_pb_text][\/et_pb_column][\/et_pb_row][\/et_pb_section]<\/p>\n","protected":false},"excerpt":{"rendered":"<p>Overs\u00e6ttelsesv\u00e6rkt\u00f8j, integrationerog anden smart teknologi ARBEJD SMART MED INTELLIGENT TEKNOLOGIAdHoc Translations tilbyder en r\u00e6kke avancerede teknologiske l\u00f8sninger og sprogv\u00e6rkt\u00f8jer, der skaber optimale processer og produkter til gavn for vores kunder. [&hellip;]<\/p>\n","protected":false},"author":898233,"featured_media":0,"parent":0,"menu_order":0,"comment_status":"closed","ping_status":"closed","template":"","meta":{"_et_pb_use_builder":"on","_et_pb_old_content":"","_et_gb_content_width":"","footnotes":""},"class_list":["post-12370","page","type-page","status-publish","hentry"],"yoast_head":"<!-- This site is optimized with the Yoast SEO plugin v27.3 - https:\/\/yoast.com\/product\/yoast-seo-wordpress\/ -->\n<title>Teknologi - smart h\u00e5ndtering af dine overs\u00e6ttelsesprojekter<\/title>\n<meta name=\"description\" content=\"AdHoc Translations anvender den nyeste teknologi, der sikrer fuld integration, gennemsigtighed og effektive processer tilpasset den enkelte kunde. L\u00e6s mere.\" \/>\n<meta name=\"robots\" content=\"index, follow, max-snippet:-1, max-image-preview:large, max-video-preview:-1\" \/>\n<link rel=\"canonical\" href=\"https:\/\/www.adhoc-translations.com\/da\/teknologi\/\" \/>\n<meta property=\"og:locale\" content=\"da_DK\" \/>\n<meta property=\"og:type\" content=\"article\" \/>\n<meta property=\"og:title\" content=\"Teknologi - smart h\u00e5ndtering af dine overs\u00e6ttelsesprojekter\" \/>\n<meta property=\"og:description\" content=\"AdHoc Translations anvender den nyeste teknologi, der sikrer fuld integration, gennemsigtighed og effektive processer tilpasset den enkelte kunde. L\u00e6s mere.\" \/>\n<meta property=\"og:url\" content=\"https:\/\/www.adhoc-translations.com\/da\/teknologi\/\" \/>\n<meta property=\"og:site_name\" content=\"AdHoc Translations\" \/>\n<meta property=\"article:publisher\" content=\"https:\/\/www.facebook.com\/AdHocTranslations\/\" \/>\n<meta property=\"article:modified_time\" content=\"2020-03-27T09:42:46+00:00\" \/>\n<meta name=\"twitter:card\" content=\"summary_large_image\" \/>\n<meta name=\"twitter:site\" content=\"@AdHoc_Language\" \/>\n<meta name=\"twitter:label1\" content=\"Estimeret l\u00e6setid\" \/>\n\t<meta name=\"twitter:data1\" content=\"8 minutter\" \/>\n<script type=\"application\/ld+json\" class=\"yoast-schema-graph\">{\"@context\":\"https:\\\/\\\/schema.org\",\"@graph\":[{\"@type\":\"WebPage\",\"@id\":\"https:\\\/\\\/www.adhoc-translations.com\\\/da\\\/teknologi\\\/\",\"url\":\"https:\\\/\\\/www.adhoc-translations.com\\\/da\\\/teknologi\\\/\",\"name\":\"Teknologi - smart h\u00e5ndtering af dine overs\u00e6ttelsesprojekter\",\"isPartOf\":{\"@id\":\"https:\\\/\\\/www.adhoc-translations.com\\\/#website\"},\"datePublished\":\"2018-10-13T12:38:18+00:00\",\"dateModified\":\"2020-03-27T09:42:46+00:00\",\"description\":\"AdHoc Translations anvender den nyeste teknologi, der sikrer fuld integration, gennemsigtighed og effektive processer tilpasset den enkelte kunde. L\u00e6s mere.\",\"breadcrumb\":{\"@id\":\"https:\\\/\\\/www.adhoc-translations.com\\\/da\\\/teknologi\\\/#breadcrumb\"},\"inLanguage\":\"da-DK\",\"potentialAction\":[{\"@type\":\"ReadAction\",\"target\":[\"https:\\\/\\\/www.adhoc-translations.com\\\/da\\\/teknologi\\\/\"]}]},{\"@type\":\"BreadcrumbList\",\"@id\":\"https:\\\/\\\/www.adhoc-translations.com\\\/da\\\/teknologi\\\/#breadcrumb\",\"itemListElement\":[{\"@type\":\"ListItem\",\"position\":1,\"name\":\"Home\",\"item\":\"https:\\\/\\\/www.adhoc-translations.com\\\/da\\\/\"},{\"@type\":\"ListItem\",\"position\":2,\"name\":\"Teknologi\"}]},{\"@type\":\"WebSite\",\"@id\":\"https:\\\/\\\/www.adhoc-translations.com\\\/#website\",\"url\":\"https:\\\/\\\/www.adhoc-translations.com\\\/\",\"name\":\"AdHoc Translations\",\"description\":\"Global communication made easy\",\"publisher\":{\"@id\":\"https:\\\/\\\/www.adhoc-translations.com\\\/#organization\"},\"potentialAction\":[{\"@type\":\"SearchAction\",\"target\":{\"@type\":\"EntryPoint\",\"urlTemplate\":\"https:\\\/\\\/www.adhoc-translations.com\\\/?s={search_term_string}\"},\"query-input\":{\"@type\":\"PropertyValueSpecification\",\"valueRequired\":true,\"valueName\":\"search_term_string\"}}],\"inLanguage\":\"da-DK\"},{\"@type\":\"Organization\",\"@id\":\"https:\\\/\\\/www.adhoc-translations.com\\\/#organization\",\"name\":\"AdHoc Translations\",\"url\":\"https:\\\/\\\/www.adhoc-translations.com\\\/\",\"logo\":{\"@type\":\"ImageObject\",\"inLanguage\":\"da-DK\",\"@id\":\"https:\\\/\\\/www.adhoc-translations.com\\\/#\\\/schema\\\/logo\\\/image\\\/\",\"url\":\"https:\\\/\\\/www.adhoc-translations.com\\\/wp-content\\\/uploads\\\/2022\\\/08\\\/there-for-you.png\",\"contentUrl\":\"https:\\\/\\\/www.adhoc-translations.com\\\/wp-content\\\/uploads\\\/2022\\\/08\\\/there-for-you.png\",\"width\":1200,\"height\":1200,\"caption\":\"AdHoc Translations\"},\"image\":{\"@id\":\"https:\\\/\\\/www.adhoc-translations.com\\\/#\\\/schema\\\/logo\\\/image\\\/\"},\"sameAs\":[\"https:\\\/\\\/www.facebook.com\\\/AdHocTranslations\\\/\",\"https:\\\/\\\/x.com\\\/AdHoc_Language\",\"https:\\\/\\\/www.linkedin.com\\\/company\\\/ad-hoc-translations-a-s\\\/\",\"https:\\\/\\\/www.youtube.com\\\/channel\\\/UC6GxzaVOMxSFOqvl2ACKLuA\"]}]}<\/script>\n<!-- \/ Yoast SEO plugin. -->","yoast_head_json":{"title":"Teknologi - smart h\u00e5ndtering af dine overs\u00e6ttelsesprojekter","description":"AdHoc Translations anvender den nyeste teknologi, der sikrer fuld integration, gennemsigtighed og effektive processer tilpasset den enkelte kunde. L\u00e6s mere.","robots":{"index":"index","follow":"follow","max-snippet":"max-snippet:-1","max-image-preview":"max-image-preview:large","max-video-preview":"max-video-preview:-1"},"canonical":"https:\/\/www.adhoc-translations.com\/da\/teknologi\/","og_locale":"da_DK","og_type":"article","og_title":"Teknologi - smart h\u00e5ndtering af dine overs\u00e6ttelsesprojekter","og_description":"AdHoc Translations anvender den nyeste teknologi, der sikrer fuld integration, gennemsigtighed og effektive processer tilpasset den enkelte kunde. L\u00e6s mere.","og_url":"https:\/\/www.adhoc-translations.com\/da\/teknologi\/","og_site_name":"AdHoc Translations","article_publisher":"https:\/\/www.facebook.com\/AdHocTranslations\/","article_modified_time":"2020-03-27T09:42:46+00:00","twitter_card":"summary_large_image","twitter_site":"@AdHoc_Language","twitter_misc":{"Estimeret l\u00e6setid":"8 minutter"},"schema":{"@context":"https:\/\/schema.org","@graph":[{"@type":"WebPage","@id":"https:\/\/www.adhoc-translations.com\/da\/teknologi\/","url":"https:\/\/www.adhoc-translations.com\/da\/teknologi\/","name":"Teknologi - smart h\u00e5ndtering af dine overs\u00e6ttelsesprojekter","isPartOf":{"@id":"https:\/\/www.adhoc-translations.com\/#website"},"datePublished":"2018-10-13T12:38:18+00:00","dateModified":"2020-03-27T09:42:46+00:00","description":"AdHoc Translations anvender den nyeste teknologi, der sikrer fuld integration, gennemsigtighed og effektive processer tilpasset den enkelte kunde. L\u00e6s mere.","breadcrumb":{"@id":"https:\/\/www.adhoc-translations.com\/da\/teknologi\/#breadcrumb"},"inLanguage":"da-DK","potentialAction":[{"@type":"ReadAction","target":["https:\/\/www.adhoc-translations.com\/da\/teknologi\/"]}]},{"@type":"BreadcrumbList","@id":"https:\/\/www.adhoc-translations.com\/da\/teknologi\/#breadcrumb","itemListElement":[{"@type":"ListItem","position":1,"name":"Home","item":"https:\/\/www.adhoc-translations.com\/da\/"},{"@type":"ListItem","position":2,"name":"Teknologi"}]},{"@type":"WebSite","@id":"https:\/\/www.adhoc-translations.com\/#website","url":"https:\/\/www.adhoc-translations.com\/","name":"AdHoc Translations","description":"Global communication made easy","publisher":{"@id":"https:\/\/www.adhoc-translations.com\/#organization"},"potentialAction":[{"@type":"SearchAction","target":{"@type":"EntryPoint","urlTemplate":"https:\/\/www.adhoc-translations.com\/?s={search_term_string}"},"query-input":{"@type":"PropertyValueSpecification","valueRequired":true,"valueName":"search_term_string"}}],"inLanguage":"da-DK"},{"@type":"Organization","@id":"https:\/\/www.adhoc-translations.com\/#organization","name":"AdHoc Translations","url":"https:\/\/www.adhoc-translations.com\/","logo":{"@type":"ImageObject","inLanguage":"da-DK","@id":"https:\/\/www.adhoc-translations.com\/#\/schema\/logo\/image\/","url":"https:\/\/www.adhoc-translations.com\/wp-content\/uploads\/2022\/08\/there-for-you.png","contentUrl":"https:\/\/www.adhoc-translations.com\/wp-content\/uploads\/2022\/08\/there-for-you.png","width":1200,"height":1200,"caption":"AdHoc Translations"},"image":{"@id":"https:\/\/www.adhoc-translations.com\/#\/schema\/logo\/image\/"},"sameAs":["https:\/\/www.facebook.com\/AdHocTranslations\/","https:\/\/x.com\/AdHoc_Language","https:\/\/www.linkedin.com\/company\/ad-hoc-translations-a-s\/","https:\/\/www.youtube.com\/channel\/UC6GxzaVOMxSFOqvl2ACKLuA"]}]}},"_links":{"self":[{"href":"https:\/\/www.adhoc-translations.com\/da\/wp-json\/wp\/v2\/pages\/12370","targetHints":{"allow":["GET"]}}],"collection":[{"href":"https:\/\/www.adhoc-translations.com\/da\/wp-json\/wp\/v2\/pages"}],"about":[{"href":"https:\/\/www.adhoc-translations.com\/da\/wp-json\/wp\/v2\/types\/page"}],"author":[{"embeddable":true,"href":"https:\/\/www.adhoc-translations.com\/da\/wp-json\/wp\/v2\/users\/898233"}],"replies":[{"embeddable":true,"href":"https:\/\/www.adhoc-translations.com\/da\/wp-json\/wp\/v2\/comments?post=12370"}],"version-history":[{"count":5,"href":"https:\/\/www.adhoc-translations.com\/da\/wp-json\/wp\/v2\/pages\/12370\/revisions"}],"predecessor-version":[{"id":32466,"href":"https:\/\/www.adhoc-translations.com\/da\/wp-json\/wp\/v2\/pages\/12370\/revisions\/32466"}],"wp:attachment":[{"href":"https:\/\/www.adhoc-translations.com\/da\/wp-json\/wp\/v2\/media?parent=12370"}],"curies":[{"name":"wp","href":"https:\/\/api.w.org\/{rel}","templated":true}]}}