{"id":12308,"date":"2018-10-13T14:36:33","date_gmt":"2018-10-13T12:36:33","guid":{"rendered":"https:\/\/www.adhoc-translations.com\/privacy-policy\/"},"modified":"2025-11-05T14:44:25","modified_gmt":"2025-11-05T13:44:25","slug":"privacy-policy","status":"publish","type":"page","link":"https:\/\/www.adhoc-translations.com\/de\/privacy-policy\/","title":{"rendered":"Privacy policy"},"content":{"rendered":"<p>[et_pb_section fb_built=&#8220;1&#8243; module_class=&#8220;height-100 bg-dark&#8220; _builder_version=&#8220;3.22&#8243; background_image=&#8220;https:\/\/www.adhoc-translations.com\/wp-content\/uploads\/2016\/02\/adhoc-smartedit-2.jpg&#8220; transparent_background=&#8220;off&#8220; make_fullwidth=&#8220;off&#8220; use_custom_width=&#8220;off&#8220; width_unit=&#8220;on&#8220;][et_pb_row module_class=&#8220;et_pb_animation_top et-animated et-waypoint&#8220; _builder_version=&#8220;3.25&#8243; background_size=&#8220;initial&#8220; background_position=&#8220;top_left&#8220; background_repeat=&#8220;repeat&#8220; make_fullwidth=&#8220;off&#8220; use_custom_width=&#8220;off&#8220; width_unit=&#8220;on&#8220; custom_width_px=&#8220;1080px&#8220; custom_width_percent=&#8220;80%&#8220;][et_pb_column type=&#8220;4_4&#8243; _builder_version=&#8220;3.25&#8243; custom_padding=&#8220;|||&#8220; custom_padding__hover=&#8220;|||&#8220;][et_pb_text _builder_version=&#8220;3.27.4&#8243; header_font_size=&#8220;40px&#8220; background_size=&#8220;initial&#8220; background_position=&#8220;top_left&#8220; background_repeat=&#8220;repeat&#8220; text_orientation=&#8220;center&#8220; background_layout=&#8220;dark&#8220; module_alignment=&#8220;center&#8220; use_border_color=&#8220;off&#8220;]<\/p>\n<h1>Datenschutz- und Cookie-Erkl\u00e4rung<\/h1>\n<p>[\/et_pb_text][\/et_pb_column][\/et_pb_row][et_pb_row disabled_on=&#8220;on||&#8220; module_id=&#8220;punkter-desktop&#8220; module_class=&#8220;et_pb_animation_top et-animated et-waypoint landing-images&#8220; _builder_version=&#8220;3.25&#8243; background_size=&#8220;initial&#8220; background_position=&#8220;top_left&#8220; background_repeat=&#8220;repeat&#8220; make_fullwidth=&#8220;off&#8220; use_custom_width=&#8220;off&#8220; width_unit=&#8220;off&#8220; custom_width_px=&#8220;1080px&#8220; custom_width_percent=&#8220;100%&#8220;][et_pb_column type=&#8220;4_4&#8243; _builder_version=&#8220;3.25&#8243; custom_padding=&#8220;|||&#8220; custom_padding__hover=&#8220;|||&#8220;][et_pb_text _builder_version=&#8220;3.27.4&#8243; background_size=&#8220;initial&#8220; background_position=&#8220;top_left&#8220; background_repeat=&#8220;repeat&#8220; text_orientation=&#8220;center&#8220; background_layout=&#8220;dark&#8220; module_alignment=&#8220;center&#8220; use_border_color=&#8220;off&#8220;]<\/p>\n<h2>Einf\u00fchrung<\/h2>\n<p>Wenn Sie unsere Website besuchen, werden Informationen \u00fcber Sie erfasst, die der Verbesserung und Anpassung der Inhalte unserer Webpr\u00e4senz dienen, damit wir Ihnen ein nutzerfreundliches Angebot bieten k\u00f6nnen. Im Folgenden erl\u00e4utern wir, welche Daten erhoben werden, zu welchem Zweck die Datenerhebung erfolgt und welche Drittparteien Zugriff auf diese Daten haben.<\/p>\n<p>[\/et_pb_text][\/et_pb_column][\/et_pb_row][\/et_pb_section][et_pb_section fb_built=&#8220;1&#8243; _builder_version=&#8220;3.22&#8243; background_color=&#8220;#f3f3f3&#8243; transparent_background=&#8220;off&#8220; make_fullwidth=&#8220;off&#8220; use_custom_width=&#8220;off&#8220; width_unit=&#8220;on&#8220; custom_width_px=&#8220;1080px&#8220; custom_width_percent=&#8220;80%&#8220;][et_pb_row _builder_version=&#8220;3.25&#8243; background_color=&#8220;#ffffff&#8220; background_size=&#8220;initial&#8220; background_position=&#8220;top_left&#8220; background_repeat=&#8220;repeat&#8220; custom_padding=&#8220;30px|30px||30px&#8220; make_fullwidth=&#8220;off&#8220; use_custom_width=&#8220;off&#8220; width_unit=&#8220;off&#8220; custom_width_px=&#8220;1080px&#8220; custom_width_percent=&#8220;80%&#8220; module_class=&#8220;bg-light&#8220;][et_pb_column type=&#8220;4_4&#8243; _builder_version=&#8220;3.25&#8243; custom_padding=&#8220;|||&#8220; custom_padding__hover=&#8220;|||&#8220;][et_pb_text _builder_version=&#8220;4.3.4&#8243; hover_enabled=&#8220;0&#8243; z_index_tablet=&#8220;500&#8243; ul_text_shadow_horizontal_length=&#8220;ul_text_shadow_style,%91object Object%93&#8243; ul_text_shadow_vertical_length=&#8220;ul_text_shadow_style,%91object Object%93&#8243; ul_text_shadow_blur_strength=&#8220;ul_text_shadow_style,%91object Object%93&#8243; ol_text_shadow_horizontal_length=&#8220;ol_text_shadow_style,%91object Object%93&#8243; ol_text_shadow_vertical_length=&#8220;ol_text_shadow_style,%91object Object%93&#8243; ol_text_shadow_blur_strength=&#8220;ol_text_shadow_style,%91object Object%93&#8243; header_2_text_shadow_horizontal_length=&#8220;header_2_text_shadow_style,%91object Object%93&#8243; header_2_text_shadow_vertical_length=&#8220;header_2_text_shadow_style,%91object Object%93&#8243; header_2_text_shadow_blur_strength=&#8220;header_2_text_shadow_style,%91object Object%93&#8243; header_3_text_shadow_horizontal_length=&#8220;header_3_text_shadow_style,%91object Object%93&#8243; header_3_text_shadow_vertical_length=&#8220;header_3_text_shadow_style,%91object Object%93&#8243; header_3_text_shadow_blur_strength=&#8220;header_3_text_shadow_style,%91object Object%93&#8243; header_4_text_shadow_horizontal_length=&#8220;header_4_text_shadow_style,%91object Object%93&#8243; header_4_text_shadow_vertical_length=&#8220;header_4_text_shadow_style,%91object Object%93&#8243; header_4_text_shadow_blur_strength=&#8220;header_4_text_shadow_style,%91object Object%93&#8243; header_5_text_shadow_horizontal_length=&#8220;header_5_text_shadow_style,%91object Object%93&#8243; header_5_text_shadow_vertical_length=&#8220;header_5_text_shadow_style,%91object Object%93&#8243; header_5_text_shadow_blur_strength=&#8220;header_5_text_shadow_style,%91object Object%93&#8243; header_6_text_shadow_horizontal_length=&#8220;header_6_text_shadow_style,%91object Object%93&#8243; header_6_text_shadow_vertical_length=&#8220;header_6_text_shadow_style,%91object Object%93&#8243; header_6_text_shadow_blur_strength=&#8220;header_6_text_shadow_style,%91object Object%93&#8243;]<\/p>\n<h2>Cookies<\/h2>\n<p>Unsere Website verwendet \u201eCookies\u201c; dies sind kleine Textdateien, die in Ihrem Web-Browser gespeichert werden (z. B. Internet Explorer, Firefox, Chrome, Safari, Opera usw.) und die eine eindeutige Benutzeridentifikation erm\u00f6glichen. Cookies tragen zur Verbesserung der Nutzerfreundlichkeit bei, da sie repetitive Prozesse eliminieren. Mit anderen Worten kann eine Website Cookies dazu nutzen, um Informationen \u00fcber Ihre Pr\u00e4ferenzen zu speichern. Cookies k\u00f6nnen keinen Schadcode, wie beispielsweise einen Virus, enthalten.<\/p>\n<p>Falls Sie keine Cookies erhalten m\u00f6chten, k\u00f6nnen Sie s\u00e4mtliche Cookies blockieren, vorhandene Cookies von Ihrer Festplatte l\u00f6schen oder Ihre Einstellungen dahingehend \u00e4ndern, dass Sie vor der Speicherung eines Cookies eine entsprechende Warnmeldung erhalten. <a href=\"https:\/\/cookiepedia.co.uk\/how-to-manage-cookies\">Klicken Sie hier<\/a>, um Anweisungen zu erhalten, wie Sie die Einstellungen Ihres Browsers oder Smartphones entsprechend \u00e4ndern.<\/p>\n<p>Gemeinsam mit Drittanbietern wie Facebook, Twitter, LinkedIn und Google verwenden wir \u201eFirst-Party-Cookies\u201c (d. h. Cookies von Google Analytics), die dazu dienen, das Nutzererlebnis auf unserer Website zu verbessern, und wir verwenden \u201eThird-Party-Cookies\u201c (beispielsweise das DoubleClick-Cookie), die wir im Rahmen unseres Marketings nutzen (zum Beispiel f\u00fcr Remarketing). Bitte kontaktieren Sie uns, falls Sie eine \u00dcbersicht der verwendeten Third-Party-Cookies w\u00fcnschen.<\/p>\n<p><button id=\"ot-sdk-btn\" class=\"ot-sdk-show-settings\">Cookie-Einstellungen<\/button><\/p>\n<div id=\"ot-sdk-cookie-policy\"><\/div>\n<p>&nbsp;<\/p>\n<h2>Personenbezogene Daten<\/h2>\n<h3>Wann erfassen wir Ihre personenbezogenen Daten?<\/h3>\n<p>Personenbezogene Daten sind s\u00e4mtliche Angaben, die sich Ihnen als Person direkt oder indirekt zuordnen lassen. Wenn Sie unsere Website nutzen, erfassen und verarbeiten wir einen Teil dieser Daten. Dies geschieht, wenn Sie unsere Inhalte aufrufen, sich f\u00fcr unseren Newsletter anmelden, ein Formular ausf\u00fcllen, den Live-Chat nutzen oder anderweitig Ihre Daten auf unserer Website eingeben.<\/p>\n<p>Im Allgemeinen erfassen und verarbeiten wir die folgenden Arten von Daten: eine eindeutige ID und technische Daten \u00fcber Ihren Computer, Ihr Tablet oder Ihr Mobiltelefon, Ihre IP-Adresse, Ihren geografischen Standort und von Ihnen aufgerufene\/angeklickte Seiten (Interessen). Sofern Sie Ihre ausdr\u00fcckliche Zustimmung erteilen und die entsprechenden Informationen eingeben, werden auch die nachfolgend genannten Angaben erfasst und verarbeitet: Name, Telefonnummer und E-Mail-Adresse. Dies geschieht generell dann, wenn Sie ein Formular auf der Website ausf\u00fcllen.<\/p>\n<p>&nbsp;<\/p>\n<h3>Wof\u00fcr verwenden wir Ihre Daten?<\/h3>\n<p><strong>Wir verwenden die Daten folgenderma\u00dfen:<\/strong><\/p>\n<p>\u2022 Zur Personalisierung Ihrer Nutzererfahrung auf der Website und um Ihnen die Inhalte und Produktangebote anzubieten, die am ehesten Ihren Interessen entsprechen.<br \/>\n\u2022 Zur Verbesserung unserer Website und damit einhergehend auch Ihrer Nutzererfahrung.<br \/>\n\u2022 Um Ihnen Angebote f\u00fcr die von Ihnen angeforderten Dienstleistungen zu \u00fcbermitteln.<br \/>\n\u2022 Zur Abwicklung von Gewinnspielen, Angeboten, Umfragen oder sonstigen Arbeitsaufgaben.<br \/>\n\u2022 Zur \u00dcbermittlung regelm\u00e4\u00dfiger E-Mail-Korrespondenz (Newsletter) zu Ihrem Auftrag oder sonstigen Produkten und Dienstleistungen.<br \/>\n\u2022 Zur Fortsetzung der Korrespondenz (Live-Chat, E-Mails, telefonische Anfragen), sodass wir die von Ihnen angeforderte Dienstleistung erbringen k\u00f6nnen.<\/p>\n<p>&nbsp;<\/p>\n<h3>Wie sch\u00fctzen wir Ihre Daten?<\/h3>\n<p>Unsere Website wird t\u00e4glich auf Malware \u00fcberpr\u00fcft, um Sicherheitsl\u00fccken zu schlie\u00dfen und Ihnen den sicheren Besuch unserer Website zu erm\u00f6glichen.<\/p>\n<p>Wir haben verschiedene technische und organisatorische Ma\u00dfnahmen gegen die versehentliche oder rechtswidrige L\u00f6schung, die Ver\u00f6ffentlichung sowie den Verlust und die Beeintr\u00e4chtigung Ihrer Daten umgesetzt; diese Ma\u00dfnahmen sollen auch verhindern, dass Ihre Daten unbefugten Dritten zur Kenntnis gelangen, in missbr\u00e4uchlicher Weise verwendet werden oder in sonstiger Weise verarbeitet werden, die den jeweils geltenden Gesetzesvorschriften entgegensteht.<\/p>\n<p>Ihre personenbezogenen Daten werden sicher aufbewahrt und vertraulich behandelt. Wir speichern Ihre personenbezogenen Daten auf Computern mit beschr\u00e4nktem Zugriff, die in einer kontrollierten Umgebung verwaltet werden, und unsere Sicherheitsma\u00dfnahmen werden regelm\u00e4\u00dfig kontrolliert, um sicherzustellen, dass Nutzerdaten ordnungsgem\u00e4\u00df und entsprechend Ihrer Rechte als Nutzer verarbeitet werden. Nur eine begrenzte Anzahl von Personen mit speziellen Zugriffsrechten zu diesen Systemen haben Zugang zu den Daten und sind verpflichtet, diese vertraulich zu behandeln. S\u00e4mtliche vertrauliche Daten werden mittels SSL-Technologie (Secure Socket Layer) verschl\u00fcsselt.<\/p>\n<p>&nbsp;<\/p>\n<h3>Wie lange werden Ihre Daten gespeichert?<\/h3>\n<p>Die Daten werden entsprechend der gesetzlich zul\u00e4ssigen Dauer gespeichert und gel\u00f6scht sobald sie nicht mehr ben\u00f6tigt werden. Die Dauer richtet sich nach der Art der Daten und der Art der Speicherung. Daher ist eine Angabe der allgemeinen Dauer bis zur L\u00f6schung der Daten nicht m\u00f6glich. Cookies werden nach einer bestimmten Anzahl von Monaten (kann variieren) automatisch gel\u00f6scht, jedoch werden sie bei jedem Besuch erneuert.<\/p>\n<p>Falls Sie zugestimmt haben, dass wir Sie per E-Mail mit Newsletter und Angeboten kontaktieren d\u00fcrfen, werden Ihre E-Mail-Adresse und Ihre Daten genutzt, bis sie nicht mehr relevant sind. Praktisch bedeutet dies, dass wir die Daten nutzen, bis Sie uns mitteilen, dass Sie keine E-Mails mehr von uns erhalten m\u00f6chten. Sie k\u00f6nnen Ihr Einverst\u00e4ndnis jederzeit widerrufen. Hierzu k\u00f6nnen Sie entweder auf den Link am Ende unserer E-Mails klicken oder uns direkt kontaktieren. Kontaktdaten finden Sie am Ende dieses Dokuments.<\/p>\n<p>&nbsp;<\/p>\n<h3>Wer hat Zugang zu Ihren personenbezogenen Daten?<\/h3>\n<p>Wir behandeln Ihre Daten vertraulich. Dies bedeutet, dass wir Ihre Daten weder an Dritte verkaufen noch an Dritte weitergeben, solange Sie sich dazu nicht ausdr\u00fccklich einverstanden erkl\u00e4rt haben.<\/p>\n<p>Wir nutzen m\u00f6glicherweise unterst\u00fctzende Dienstleistungen von Drittanbietern. Diese k\u00f6nnen Verwaltung, Analyse und Senden von E-Mails sowie die Durchf\u00fchrung von Zahlungstransaktionen umfassen. Drittanbieter verarbeiten Daten in unserem Namen und d\u00fcrfen diese nicht f\u00fcr eigene Zwecke verwenden. Wir ergreifen die erforderlichen Ma\u00dfnahmen, um sicherzustellen, dass diese Drittanbieter Ihre Daten sch\u00fctzen.<\/p>\n<p>Die Datenverarbeitung erfolgt ausschlie\u00dflich in der EU oder in L\u00e4ndern, die einen ad\u00e4quaten Datenschutz sicherstellen k\u00f6nnen.<\/p>\n<p>Wir haben Datenverarbeitungsvereinbarungen mit allen Daten verarbeitenden Partnern abgeschlossen, sodass die Gew\u00e4hrleistung der Vertraulichkeit gesichert ist.<\/p>\n<p>&nbsp;<\/p>\n<h3>Zugriff und Beschwerden<\/h3>\n<p>Sie haben das Recht, Informationen dar\u00fcber zu erhalten, wie wir Ihre personenbezogenen Daten verwenden. Sie k\u00f6nnen der Datennutzung jederzeit wiedersprechen. Sie k\u00f6nnen Ihre Zustimmung zur Nutzung Ihrer personenbezogenen Daten auch wiederrufen. Sollten Ihre verwendeten Daten falsch sein, haben Sie das Recht auf Korrektur oder L\u00f6schung. Hierzu k\u00f6nnen Sie uns unter info@adhoc-translations.com kontaktieren.<\/p>\n<p>Wenn Sie eine Beschwerde \u00fcber die Art und Weise, wie wir Ihre personenbezogenen Daten verarbeiten, einreichen m\u00f6chten, wenden Sie sich an <a href=\"https:\/\/www.datatilsynet.dk\/english\/\">die d\u00e4nische Datenschutzbeh\u00f6rde Datatilsynet<\/a>.<\/p>\n<p>&nbsp;<\/p>\n<h3>Herausgeber<\/h3>\n<p><strong>Diese Website wird herausgegeben von:<\/strong><\/p>\n<p>AdHoc Translations<br \/>\nSkelb\u00e6kgade 2, 5.<br \/>\n1717 Copenhagen V<br \/>\nD\u00e4nemark<br \/>\ninfo@adhoc-translations.com<br \/>\n+45 3391 0919<\/p>\n<p>&nbsp;<\/p>\n<h3>Kontakt<\/h3>\n<p>Falls Sie Kommentare oder Fragen zur Verarbeitung Ihrer personenbezogenen Daten haben, wenden Sie sich an uns:<\/p>\n<p>AdHoc Translations<br \/>\nSkelb\u00e6kgade 2, 5.<br \/>\n1717 Copenhagen V<br \/>\nD\u00e4nemark<br \/>\ninfo@adhoc-translations.com<br \/>\n+45 3391 0919<\/p>\n<p>Letzte Bearbeitung: 19. Mai 2018[\/et_pb_text][\/et_pb_column][\/et_pb_row][\/et_pb_section]<\/p>\n","protected":false},"excerpt":{"rendered":"<p>Datenschutz- und Cookie-Erkl\u00e4rung Einf\u00fchrung Wenn Sie unsere Website besuchen, werden Informationen \u00fcber Sie erfasst, die der Verbesserung und Anpassung der Inhalte unserer Webpr\u00e4senz dienen, damit wir Ihnen ein nutzerfreundliches Angebot [&hellip;]<\/p>\n","protected":false},"author":898233,"featured_media":0,"parent":0,"menu_order":0,"comment_status":"closed","ping_status":"closed","template":"","meta":{"_et_pb_use_builder":"on","_et_pb_old_content":"","_et_gb_content_width":"","footnotes":""},"class_list":["post-12308","page","type-page","status-publish","hentry"],"yoast_head":"<!-- This site is optimized with the Yoast SEO plugin v27.4 - https:\/\/yoast.com\/product\/yoast-seo-wordpress\/ -->\n<title>Datenschutzrichtlinien | AdHoc Translations<\/title>\n<meta name=\"description\" content=\"Die korrekte und sichere Verwahrung Ihrer Daten liegt uns sehr am Herzen hier bei AdHoc Translations. Lesen Sie hier mehr \u00fcber unsere Richtlinien!\" \/>\n<meta name=\"robots\" content=\"index, follow, max-snippet:-1, max-image-preview:large, max-video-preview:-1\" \/>\n<link rel=\"canonical\" href=\"https:\/\/www.adhoc-translations.com\/de\/privacy-policy\/\" \/>\n<meta property=\"og:locale\" content=\"de_DE\" \/>\n<meta property=\"og:type\" content=\"article\" \/>\n<meta property=\"og:title\" content=\"Datenschutzrichtlinien | AdHoc Translations\" \/>\n<meta property=\"og:description\" content=\"Die korrekte und sichere Verwahrung Ihrer Daten liegt uns sehr am Herzen hier bei AdHoc Translations. Lesen Sie hier mehr \u00fcber unsere Richtlinien!\" \/>\n<meta property=\"og:url\" content=\"https:\/\/www.adhoc-translations.com\/de\/privacy-policy\/\" \/>\n<meta property=\"og:site_name\" content=\"AdHoc Translations\" \/>\n<meta property=\"article:publisher\" content=\"https:\/\/www.facebook.com\/AdHocTranslations\/\" \/>\n<meta property=\"article:modified_time\" content=\"2025-11-05T13:44:25+00:00\" \/>\n<meta name=\"twitter:card\" content=\"summary_large_image\" \/>\n<meta name=\"twitter:site\" content=\"@AdHoc_Language\" \/>\n<meta name=\"twitter:label1\" content=\"Gesch\u00e4tzte Lesezeit\" \/>\n\t<meta name=\"twitter:data1\" content=\"8\u00a0Minuten\" \/>\n<script type=\"application\/ld+json\" class=\"yoast-schema-graph\">{\"@context\":\"https:\\\/\\\/schema.org\",\"@graph\":[{\"@type\":\"WebPage\",\"@id\":\"https:\\\/\\\/www.adhoc-translations.com\\\/de\\\/privacy-policy\\\/\",\"url\":\"https:\\\/\\\/www.adhoc-translations.com\\\/de\\\/privacy-policy\\\/\",\"name\":\"Datenschutzrichtlinien | AdHoc Translations\",\"isPartOf\":{\"@id\":\"https:\\\/\\\/www.adhoc-translations.com\\\/#website\"},\"datePublished\":\"2018-10-13T12:36:33+00:00\",\"dateModified\":\"2025-11-05T13:44:25+00:00\",\"description\":\"Die korrekte und sichere Verwahrung Ihrer Daten liegt uns sehr am Herzen hier bei AdHoc Translations. Lesen Sie hier mehr \u00fcber unsere Richtlinien!\",\"breadcrumb\":{\"@id\":\"https:\\\/\\\/www.adhoc-translations.com\\\/de\\\/privacy-policy\\\/#breadcrumb\"},\"inLanguage\":\"de\",\"potentialAction\":[{\"@type\":\"ReadAction\",\"target\":[\"https:\\\/\\\/www.adhoc-translations.com\\\/de\\\/privacy-policy\\\/\"]}]},{\"@type\":\"BreadcrumbList\",\"@id\":\"https:\\\/\\\/www.adhoc-translations.com\\\/de\\\/privacy-policy\\\/#breadcrumb\",\"itemListElement\":[{\"@type\":\"ListItem\",\"position\":1,\"name\":\"Home\",\"item\":\"https:\\\/\\\/www.adhoc-translations.com\\\/de\\\/\"},{\"@type\":\"ListItem\",\"position\":2,\"name\":\"Privacy policy\"}]},{\"@type\":\"WebSite\",\"@id\":\"https:\\\/\\\/www.adhoc-translations.com\\\/#website\",\"url\":\"https:\\\/\\\/www.adhoc-translations.com\\\/\",\"name\":\"AdHoc Translations\",\"description\":\"Global communication made easy\",\"publisher\":{\"@id\":\"https:\\\/\\\/www.adhoc-translations.com\\\/#organization\"},\"potentialAction\":[{\"@type\":\"SearchAction\",\"target\":{\"@type\":\"EntryPoint\",\"urlTemplate\":\"https:\\\/\\\/www.adhoc-translations.com\\\/?s={search_term_string}\"},\"query-input\":{\"@type\":\"PropertyValueSpecification\",\"valueRequired\":true,\"valueName\":\"search_term_string\"}}],\"inLanguage\":\"de\"},{\"@type\":\"Organization\",\"@id\":\"https:\\\/\\\/www.adhoc-translations.com\\\/#organization\",\"name\":\"AdHoc Translations\",\"url\":\"https:\\\/\\\/www.adhoc-translations.com\\\/\",\"logo\":{\"@type\":\"ImageObject\",\"inLanguage\":\"de\",\"@id\":\"https:\\\/\\\/www.adhoc-translations.com\\\/#\\\/schema\\\/logo\\\/image\\\/\",\"url\":\"https:\\\/\\\/www.adhoc-translations.com\\\/wp-content\\\/uploads\\\/2022\\\/08\\\/there-for-you.png\",\"contentUrl\":\"https:\\\/\\\/www.adhoc-translations.com\\\/wp-content\\\/uploads\\\/2022\\\/08\\\/there-for-you.png\",\"width\":1200,\"height\":1200,\"caption\":\"AdHoc Translations\"},\"image\":{\"@id\":\"https:\\\/\\\/www.adhoc-translations.com\\\/#\\\/schema\\\/logo\\\/image\\\/\"},\"sameAs\":[\"https:\\\/\\\/www.facebook.com\\\/AdHocTranslations\\\/\",\"https:\\\/\\\/x.com\\\/AdHoc_Language\",\"https:\\\/\\\/www.linkedin.com\\\/company\\\/ad-hoc-translations-a-s\\\/\",\"https:\\\/\\\/www.youtube.com\\\/channel\\\/UC6GxzaVOMxSFOqvl2ACKLuA\"]}]}<\/script>\n<!-- \/ Yoast SEO plugin. -->","yoast_head_json":{"title":"Datenschutzrichtlinien | AdHoc Translations","description":"Die korrekte und sichere Verwahrung Ihrer Daten liegt uns sehr am Herzen hier bei AdHoc Translations. Lesen Sie hier mehr \u00fcber unsere Richtlinien!","robots":{"index":"index","follow":"follow","max-snippet":"max-snippet:-1","max-image-preview":"max-image-preview:large","max-video-preview":"max-video-preview:-1"},"canonical":"https:\/\/www.adhoc-translations.com\/de\/privacy-policy\/","og_locale":"de_DE","og_type":"article","og_title":"Datenschutzrichtlinien | AdHoc Translations","og_description":"Die korrekte und sichere Verwahrung Ihrer Daten liegt uns sehr am Herzen hier bei AdHoc Translations. Lesen Sie hier mehr \u00fcber unsere Richtlinien!","og_url":"https:\/\/www.adhoc-translations.com\/de\/privacy-policy\/","og_site_name":"AdHoc Translations","article_publisher":"https:\/\/www.facebook.com\/AdHocTranslations\/","article_modified_time":"2025-11-05T13:44:25+00:00","twitter_card":"summary_large_image","twitter_site":"@AdHoc_Language","twitter_misc":{"Gesch\u00e4tzte Lesezeit":"8\u00a0Minuten"},"schema":{"@context":"https:\/\/schema.org","@graph":[{"@type":"WebPage","@id":"https:\/\/www.adhoc-translations.com\/de\/privacy-policy\/","url":"https:\/\/www.adhoc-translations.com\/de\/privacy-policy\/","name":"Datenschutzrichtlinien | AdHoc Translations","isPartOf":{"@id":"https:\/\/www.adhoc-translations.com\/#website"},"datePublished":"2018-10-13T12:36:33+00:00","dateModified":"2025-11-05T13:44:25+00:00","description":"Die korrekte und sichere Verwahrung Ihrer Daten liegt uns sehr am Herzen hier bei AdHoc Translations. Lesen Sie hier mehr \u00fcber unsere Richtlinien!","breadcrumb":{"@id":"https:\/\/www.adhoc-translations.com\/de\/privacy-policy\/#breadcrumb"},"inLanguage":"de","potentialAction":[{"@type":"ReadAction","target":["https:\/\/www.adhoc-translations.com\/de\/privacy-policy\/"]}]},{"@type":"BreadcrumbList","@id":"https:\/\/www.adhoc-translations.com\/de\/privacy-policy\/#breadcrumb","itemListElement":[{"@type":"ListItem","position":1,"name":"Home","item":"https:\/\/www.adhoc-translations.com\/de\/"},{"@type":"ListItem","position":2,"name":"Privacy policy"}]},{"@type":"WebSite","@id":"https:\/\/www.adhoc-translations.com\/#website","url":"https:\/\/www.adhoc-translations.com\/","name":"AdHoc Translations","description":"Global communication made easy","publisher":{"@id":"https:\/\/www.adhoc-translations.com\/#organization"},"potentialAction":[{"@type":"SearchAction","target":{"@type":"EntryPoint","urlTemplate":"https:\/\/www.adhoc-translations.com\/?s={search_term_string}"},"query-input":{"@type":"PropertyValueSpecification","valueRequired":true,"valueName":"search_term_string"}}],"inLanguage":"de"},{"@type":"Organization","@id":"https:\/\/www.adhoc-translations.com\/#organization","name":"AdHoc Translations","url":"https:\/\/www.adhoc-translations.com\/","logo":{"@type":"ImageObject","inLanguage":"de","@id":"https:\/\/www.adhoc-translations.com\/#\/schema\/logo\/image\/","url":"https:\/\/www.adhoc-translations.com\/wp-content\/uploads\/2022\/08\/there-for-you.png","contentUrl":"https:\/\/www.adhoc-translations.com\/wp-content\/uploads\/2022\/08\/there-for-you.png","width":1200,"height":1200,"caption":"AdHoc Translations"},"image":{"@id":"https:\/\/www.adhoc-translations.com\/#\/schema\/logo\/image\/"},"sameAs":["https:\/\/www.facebook.com\/AdHocTranslations\/","https:\/\/x.com\/AdHoc_Language","https:\/\/www.linkedin.com\/company\/ad-hoc-translations-a-s\/","https:\/\/www.youtube.com\/channel\/UC6GxzaVOMxSFOqvl2ACKLuA"]}]}},"_links":{"self":[{"href":"https:\/\/www.adhoc-translations.com\/de\/wp-json\/wp\/v2\/pages\/12308","targetHints":{"allow":["GET"]}}],"collection":[{"href":"https:\/\/www.adhoc-translations.com\/de\/wp-json\/wp\/v2\/pages"}],"about":[{"href":"https:\/\/www.adhoc-translations.com\/de\/wp-json\/wp\/v2\/types\/page"}],"author":[{"embeddable":true,"href":"https:\/\/www.adhoc-translations.com\/de\/wp-json\/wp\/v2\/users\/898233"}],"replies":[{"embeddable":true,"href":"https:\/\/www.adhoc-translations.com\/de\/wp-json\/wp\/v2\/comments?post=12308"}],"version-history":[{"count":5,"href":"https:\/\/www.adhoc-translations.com\/de\/wp-json\/wp\/v2\/pages\/12308\/revisions"}],"predecessor-version":[{"id":44392,"href":"https:\/\/www.adhoc-translations.com\/de\/wp-json\/wp\/v2\/pages\/12308\/revisions\/44392"}],"wp:attachment":[{"href":"https:\/\/www.adhoc-translations.com\/de\/wp-json\/wp\/v2\/media?parent=12308"}],"curies":[{"name":"wp","href":"https:\/\/api.w.org\/{rel}","templated":true}]}}