{"id":12315,"date":"2018-10-13T14:36:33","date_gmt":"2018-10-13T12:36:33","guid":{"rendered":"https:\/\/www.adhoc-translations.com\/branchen\/"},"modified":"2025-11-05T14:44:25","modified_gmt":"2025-11-05T13:44:25","slug":"branchen","status":"publish","type":"page","link":"https:\/\/www.adhoc-translations.com\/de\/branchen\/","title":{"rendered":"Branchen"},"content":{"rendered":"<p>[et_pb_section bb_built=&#8220;1&#8243; _builder_version=&#8220;3.19.14&#8243; background_image=&#8220;https:\/\/www.adhoc-translations.com\/wp-content\/uploads\/2019\/02\/brancher.jpg&#8220; custom_padding=&#8220;90px||100px|&#8220; next_background_color=&#8220;#f4f4f4&#8243; module_class=&#8220;bg-dark&#8220;][et_pb_row][et_pb_column type=&#8220;4_4&#8243;][et_pb_text _builder_version=&#8220;3.20.2&#8243; header_text_align=&#8220;center&#8220; header_text_color=&#8220;#ffffff&#8220;]<\/p>\n<h1>Professionelle \u00dcbersetzungen<br \/>f\u00fcr Ihre Branche<\/h1>\n<p>[\/et_pb_text][et_pb_button button_url=&#8220;https:\/\/www.adhoc-translations.com\/de\/unverbindliches-angebot\/&#8220; button_text=&#8220;Unverbindliches Angebot &#8220; button_alignment=&#8220;center&#8220; background_layout=&#8220;dark&#8220; button_text_size=&#8220;20&#8243; button_letter_spacing=&#8220;0&#8243; disabled=&#8220;off&#8220; _builder_version=&#8220;3.20.2&#8243; button_text_size__hover_enabled=&#8220;off&#8220; button_text_size__hover=&#8220;null&#8220; button_one_text_size__hover_enabled=&#8220;off&#8220; button_one_text_size__hover=&#8220;null&#8220; button_two_text_size__hover_enabled=&#8220;off&#8220; button_two_text_size__hover=&#8220;null&#8220; button_text_color__hover_enabled=&#8220;off&#8220; button_text_color__hover=&#8220;null&#8220; button_one_text_color__hover_enabled=&#8220;off&#8220; button_one_text_color__hover=&#8220;null&#8220; button_two_text_color__hover_enabled=&#8220;off&#8220; button_two_text_color__hover=&#8220;null&#8220; button_border_width__hover_enabled=&#8220;off&#8220; button_border_width__hover=&#8220;null&#8220; button_one_border_width__hover_enabled=&#8220;off&#8220; button_one_border_width__hover=&#8220;null&#8220; button_two_border_width__hover_enabled=&#8220;off&#8220; button_two_border_width__hover=&#8220;null&#8220; button_border_color__hover_enabled=&#8220;off&#8220; button_border_color__hover=&#8220;null&#8220; button_one_border_color__hover_enabled=&#8220;off&#8220; button_one_border_color__hover=&#8220;null&#8220; button_two_border_color__hover_enabled=&#8220;off&#8220; button_two_border_color__hover=&#8220;null&#8220; button_border_radius__hover_enabled=&#8220;off&#8220; button_border_radius__hover=&#8220;null&#8220; button_one_border_radius__hover_enabled=&#8220;off&#8220; button_one_border_radius__hover=&#8220;null&#8220; button_two_border_radius__hover_enabled=&#8220;off&#8220; button_two_border_radius__hover=&#8220;null&#8220; button_letter_spacing__hover_enabled=&#8220;off&#8220; button_letter_spacing__hover=&#8220;null&#8220; button_one_letter_spacing__hover_enabled=&#8220;off&#8220; button_one_letter_spacing__hover=&#8220;null&#8220; button_two_letter_spacing__hover_enabled=&#8220;off&#8220; button_two_letter_spacing__hover=&#8220;null&#8220; button_bg_color__hover_enabled=&#8220;off&#8220; button_bg_color__hover=&#8220;null&#8220; button_one_bg_color__hover_enabled=&#8220;off&#8220; button_one_bg_color__hover=&#8220;null&#8220; button_two_bg_color__hover_enabled=&#8220;off&#8220; button_two_bg_color__hover=&#8220;null&#8220; saved_tabs=&#8220;all&#8220; \/][\/et_pb_column][\/et_pb_row][\/et_pb_section][et_pb_section bb_built=&#8220;1&#8243; specialty=&#8220;off&#8220; prev_background_color=&#8220;#ffffff&#8220; next_background_color=&#8220;#ffffff&#8220; _builder_version=&#8220;3.19.17&#8243; background_color=&#8220;#f4f4f4&#8243; custom_padding=&#8220;50px||10px|&#8220; bottom_divider_height=&#8220;40px&#8220; bottom_divider_flip=&#8220;vertical&#8220; module_class=&#8220;bg-light&#8220;][et_pb_row _builder_version=&#8220;3.19.17&#8243; background_color_2=&#8220;#f99d1c&#8220; gutter_width=&#8220;1&#8243; padding_top_2=&#8220;100px&#8220; padding_right_2=&#8220;100px&#8220; padding_bottom_2=&#8220;100px&#8220; padding_left_2=&#8220;100px&#8220; padding_2_phone=&#8220;20px|20px|20px|20px&#8220; padding_2_last_edited=&#8220;on|phone&#8220; padding_1_last_edited=&#8220;on|phone&#8220; use_custom_width=&#8220;on&#8220; custom_width_px=&#8220;750px&#8220;][et_pb_column type=&#8220;4_4&#8243;][et_pb_text _builder_version=&#8220;3.20.2&#8243; disabled=&#8220;off&#8220; disabled_on=&#8220;off||&#8220; text_orientation=&#8220;center&#8220; custom_padding=&#8220;||20px|&#8220;]<\/p>\n<p>AdHoc Translations bietet ma\u00dfgeschneiderte L\u00f6sungen, die auf Ihre Branche und Ihr Unternehmen zugeschnitten sind. Wir h\u00f6ren unseren Kunden zu und sehen einen Auftrag immer als Teil eines Prozesses im Unternehmen. Nur so k\u00f6nnen wir kosteng\u00fcnstige L\u00f6sung mit kurzen Lieferzeiten anbieten.<\/p>\n<p>Seit 30 Jahren fertigen wir professionelle \u00dcbersetzungen f\u00fcr Unternehmen aus vielen unterschiedlichen Branchen an.\u00a0 Daher k\u00f6nnen Sie sicher sein, eine Qualit\u00e4ts\u00fcbersetzung von einem Fach\u00fcbersetzer zu erhalten, der f\u00fcr Ihre Branche und Ihren Texttyp qualifiziert ist. <\/p>\n<p>[\/et_pb_text][et_pb_image _builder_version=&#8220;3.19.17&#8243; src=&#8220;https:\/\/www.adhoc-translations.com\/wp-content\/uploads\/2019\/02\/look-down-graphic.png&#8220; animation_style=&#8220;slide&#8220; animation_repeat=&#8220;loop&#8220; animation_direction=&#8220;top&#8220; animation_duration=&#8220;1400ms&#8220; animation_speed_curve=&#8220;ease&#8220; animation_starting_opacity=&#8220;52%&#8220; align=&#8220;center&#8220; disabled=&#8220;off&#8220; disabled_on=&#8220;on||&#8220; url=&#8220;#specialer&#8220; saved_tabs=&#8220;all&#8220; global_module=&#8220;24632&#8243; \/][\/et_pb_column][\/et_pb_row][\/et_pb_section][et_pb_section bb_built=&#8220;1&#8243; specialty=&#8220;off&#8220; prev_background_color=&#8220;#f4f4f4&#8243; _builder_version=&#8220;3.20.2&#8243; custom_margin=&#8220;0px|||&#8220; module_id=&#8220;specialer&#8220; global_module=&#8220;25947&#8243; module_class=&#8220;bg-dark&#8220;][et_pb_row global_parent=&#8220;25947&#8243; _builder_version=&#8220;3.19.14&#8243;][et_pb_column type=&#8220;4_4&#8243;][et_pb_text global_parent=&#8220;25947&#8243; _builder_version=&#8220;3.20.2&#8243; text_orientation=&#8220;center&#8220; header_2_text_align=&#8220;center&#8220;]<\/p>\n<h2>Wir haben uns unter anderem auf folgende Fachgebiete spezialisiert:<\/h2>\n<p>[\/et_pb_text][\/et_pb_column][\/et_pb_row][et_pb_row global_parent=&#8220;25947&#8243; _builder_version=&#8220;3.19.14&#8243; make_equal=&#8220;on&#8220;][et_pb_column type=&#8220;1_3&#8243;][et_pb_image global_parent=&#8220;25947&#8243; _builder_version=&#8220;3.20.2&#8243; src=&#8220;https:\/\/www.adhoc-translations.com\/wp-content\/uploads\/2019\/02\/robot-icon-100px.png&#8220; align=&#8220;center&#8220; module_alignment=&#8220;center&#8220; show_bottom_space=&#8220;off&#8220; module_class=&#8220;branche-ikon&#8220; url=&#8220;https:\/\/www.adhoc-translations.com\/de\/branchen\/robotertechnologie\/&#8220; \/][et_pb_text global_parent=&#8220;25947&#8243; _builder_version=&#8220;3.20.2&#8243; text_orientation=&#8220;center&#8220; header_3_text_color=&#8220;#5e5e5e&#8220; module_class=&#8220;branche-boks&#8220; custom_padding=&#8220;||30px|&#8220;]<\/p>\n<h3>Robotertechnologie &amp; Automatisierung<\/h3>\n<p><a href=\"https:\/\/www.adhoc-translations.com\/de\/branchen\/robotertechnologie\/\">Mehr lesen<\/a><\/p>\n<p>[\/et_pb_text][\/et_pb_column][et_pb_column type=&#8220;1_3&#8243;][et_pb_image global_parent=&#8220;25947&#8243; _builder_version=&#8220;3.20.2&#8243; src=&#8220;https:\/\/www.adhoc-translations.com\/wp-content\/uploads\/2019\/02\/auto-icon-100px.png&#8220; align=&#8220;center&#8220; module_alignment=&#8220;center&#8220; show_bottom_space=&#8220;off&#8220; module_class=&#8220;branche-ikon&#8220; url=&#8220;https:\/\/www.adhoc-translations.com\/de\/branchen\/automobilindustrie\/&#8220; \/][et_pb_text global_parent=&#8220;25947&#8243; _builder_version=&#8220;3.20.2&#8243; text_orientation=&#8220;center&#8220; header_3_text_color=&#8220;#5e5e5e&#8220; module_class=&#8220;branche-boks&#8220;]<\/p>\n<h3>Automobilindustrie<\/h3>\n<p><a href=\"https:\/\/www.adhoc-translations.com\/de\/branchen\/automobilindustrie\/\">Mehr lesen<\/a><\/p>\n<p>[\/et_pb_text][\/et_pb_column][et_pb_column type=&#8220;1_3&#8243;][et_pb_image global_parent=&#8220;25947&#8243; _builder_version=&#8220;3.20.2&#8243; src=&#8220;https:\/\/www.adhoc-translations.com\/wp-content\/uploads\/2019\/02\/medical-icon-100px.png&#8220; align=&#8220;center&#8220; module_alignment=&#8220;center&#8220; show_bottom_space=&#8220;off&#8220; module_class=&#8220;branche-ikon&#8220; url=&#8220;https:\/\/www.adhoc-translations.com\/de\/branchen\/pharma-und-life-sciences\/&#8220; \/][et_pb_text global_parent=&#8220;25947&#8243; _builder_version=&#8220;3.20.2&#8243; text_orientation=&#8220;center&#8220; header_3_text_color=&#8220;#5e5e5e&#8220; module_class=&#8220;branche-boks&#8220;]<\/p>\n<h3>Life Sciences<\/h3>\n<p><a href=\"https:\/\/www.adhoc-translations.com\/de\/branchen\/pharma-und-life-sciences\/\">Mehr lesen<\/a><\/p>\n<p>[\/et_pb_text][\/et_pb_column][\/et_pb_row][et_pb_row global_parent=&#8220;25947&#8243;][et_pb_column type=&#8220;1_3&#8243;][et_pb_image global_parent=&#8220;25947&#8243; _builder_version=&#8220;3.20.2&#8243; src=&#8220;https:\/\/www.adhoc-translations.com\/wp-content\/uploads\/2019\/02\/ecomerce-icon-100px.png&#8220; align=&#8220;center&#8220; module_alignment=&#8220;center&#8220; show_bottom_space=&#8220;off&#8220; module_class=&#8220;branche-ikon&#8220; url=&#8220;https:\/\/www.adhoc-translations.com\/de\/branchen\/uebersetzungen-e-commerce-unternehmen\/&#8220; \/][et_pb_text global_parent=&#8220;25947&#8243; _builder_version=&#8220;3.20.2&#8243; text_orientation=&#8220;center&#8220; header_3_text_color=&#8220;#5e5e5e&#8220; module_class=&#8220;branche-boks&#8220;]<\/p>\n<h3>E-Commerce<\/h3>\n<p><a href=\"https:\/\/www.adhoc-translations.com\/de\/branchen\/uebersetzungen-e-commerce-unternehmen\/\">Mehr lesen<\/a><\/p>\n<p>[\/et_pb_text][\/et_pb_column][et_pb_column type=&#8220;1_3&#8243;][et_pb_image global_parent=&#8220;25947&#8243; _builder_version=&#8220;3.20.2&#8243; src=&#8220;https:\/\/www.adhoc-translations.com\/wp-content\/uploads\/2019\/02\/legal-icon-100px.png&#8220; align=&#8220;center&#8220; module_alignment=&#8220;center&#8220; show_bottom_space=&#8220;off&#8220; module_class=&#8220;branche-ikon&#8220; url=&#8220;https:\/\/www.adhoc-translations.com\/de\/loesungen\/professionelle-uebersetzungen\/juristische-uebersetzungen\/&#8220; \/][et_pb_text global_parent=&#8220;25947&#8243; _builder_version=&#8220;3.20.2&#8243; text_orientation=&#8220;center&#8220; header_3_text_color=&#8220;#5e5e5e&#8220; module_class=&#8220;branche-boks&#8220;]<\/p>\n<h3>RECHT<\/h3>\n<p><a href=\"https:\/\/www.adhoc-translations.com\/de\/loesungen\/professionelle-uebersetzungen\/juristische-uebersetzungen\/\">Mehr lesen<\/a><\/p>\n<p>[\/et_pb_text][\/et_pb_column][et_pb_column type=&#8220;1_3&#8243;][et_pb_image global_parent=&#8220;25947&#8243; _builder_version=&#8220;3.20.2&#8243; src=&#8220;https:\/\/www.adhoc-translations.com\/wp-content\/uploads\/2019\/02\/others-icon-100px.png&#8220; align=&#8220;center&#8220; module_alignment=&#8220;center&#8220; show_bottom_space=&#8220;off&#8220; module_class=&#8220;branche-ikon&#8220; url=&#8220;https:\/\/www.adhoc-translations.com\/de\/andere-branchen\/&#8220; \/][et_pb_text global_parent=&#8220;25947&#8243; _builder_version=&#8220;3.20.2&#8243; text_orientation=&#8220;center&#8220; header_3_text_color=&#8220;#5e5e5e&#8220; module_class=&#8220;branche-boks&#8220;]<\/p>\n<h3>Weitere Branchen<\/h3>\n<p><a href=\"https:\/\/www.adhoc-translations.com\/de\/andere-branchen\/\">Mehr lesen<\/a><\/p>\n<p>[\/et_pb_text][\/et_pb_column][\/et_pb_row][\/et_pb_section]<\/p>\n","protected":false},"excerpt":{"rendered":"<p><div class=\"et_pb_row et_pb_row_0 et_pb_row_empty\">\n\t\t\t\t\n\t\t\t\t\n\t\t\t\t\n\t\t\t\t\n\t\t\t\t\n\t\t\t<\/div> Professionelle \u00dcbersetzungenf\u00fcr Ihre Branche AdHoc Translations bietet ma\u00dfgeschneiderte L\u00f6sungen, die auf Ihre Branche und Ihr Unternehmen zugeschnitten sind. Wir h\u00f6ren unseren Kunden zu und sehen einen Auftrag immer als [&hellip;]<\/p>\n","protected":false},"author":898233,"featured_media":0,"parent":0,"menu_order":0,"comment_status":"closed","ping_status":"closed","template":"","meta":{"_et_pb_use_builder":"on","_et_pb_old_content":"","_et_gb_content_width":"","footnotes":""},"class_list":["post-12315","page","type-page","status-publish","hentry"],"yoast_head":"<!-- This site is optimized with the Yoast SEO plugin v27.3 - https:\/\/yoast.com\/product\/yoast-seo-wordpress\/ -->\n<title>Professionelle \u00dcbersetzungen f\u00fcr Ihre Branche | AdHoc Translations<\/title>\n<meta name=\"description\" content=\"Sie suchen nach fachgerechten \u00dcbersetzungsarbeiten von fachgerechten \u00dcbersetzern? Wir sind auf zahlreiche Branchen spezialisiert. Textarten aller Art!\" \/>\n<meta name=\"robots\" content=\"index, follow, max-snippet:-1, max-image-preview:large, max-video-preview:-1\" \/>\n<link rel=\"canonical\" href=\"https:\/\/www.adhoc-translations.com\/de\/branchen\/\" \/>\n<meta property=\"og:locale\" content=\"de_DE\" \/>\n<meta property=\"og:type\" content=\"article\" \/>\n<meta property=\"og:title\" content=\"Professionelle \u00dcbersetzungen f\u00fcr Ihre Branche | AdHoc Translations\" \/>\n<meta property=\"og:description\" content=\"Sie suchen nach fachgerechten \u00dcbersetzungsarbeiten von fachgerechten \u00dcbersetzern? Wir sind auf zahlreiche Branchen spezialisiert. Textarten aller Art!\" \/>\n<meta property=\"og:url\" content=\"https:\/\/www.adhoc-translations.com\/de\/branchen\/\" \/>\n<meta property=\"og:site_name\" content=\"AdHoc Translations\" \/>\n<meta property=\"article:publisher\" content=\"https:\/\/www.facebook.com\/AdHocTranslations\/\" \/>\n<meta property=\"article:modified_time\" content=\"2025-11-05T13:44:25+00:00\" \/>\n<meta name=\"twitter:card\" content=\"summary_large_image\" \/>\n<meta name=\"twitter:site\" content=\"@AdHoc_Language\" \/>\n<meta name=\"twitter:label1\" content=\"Gesch\u00e4tzte Lesezeit\" \/>\n\t<meta name=\"twitter:data1\" content=\"6\u00a0Minuten\" \/>\n<script type=\"application\/ld+json\" class=\"yoast-schema-graph\">{\"@context\":\"https:\\\/\\\/schema.org\",\"@graph\":[{\"@type\":\"WebPage\",\"@id\":\"https:\\\/\\\/www.adhoc-translations.com\\\/de\\\/branchen\\\/\",\"url\":\"https:\\\/\\\/www.adhoc-translations.com\\\/de\\\/branchen\\\/\",\"name\":\"Professionelle \u00dcbersetzungen f\u00fcr Ihre Branche | AdHoc Translations\",\"isPartOf\":{\"@id\":\"https:\\\/\\\/www.adhoc-translations.com\\\/#website\"},\"datePublished\":\"2018-10-13T12:36:33+00:00\",\"dateModified\":\"2025-11-05T13:44:25+00:00\",\"description\":\"Sie suchen nach fachgerechten \u00dcbersetzungsarbeiten von fachgerechten \u00dcbersetzern? Wir sind auf zahlreiche Branchen spezialisiert. Textarten aller Art!\",\"breadcrumb\":{\"@id\":\"https:\\\/\\\/www.adhoc-translations.com\\\/de\\\/branchen\\\/#breadcrumb\"},\"inLanguage\":\"de\",\"potentialAction\":[{\"@type\":\"ReadAction\",\"target\":[\"https:\\\/\\\/www.adhoc-translations.com\\\/de\\\/branchen\\\/\"]}]},{\"@type\":\"BreadcrumbList\",\"@id\":\"https:\\\/\\\/www.adhoc-translations.com\\\/de\\\/branchen\\\/#breadcrumb\",\"itemListElement\":[{\"@type\":\"ListItem\",\"position\":1,\"name\":\"Home\",\"item\":\"https:\\\/\\\/www.adhoc-translations.com\\\/de\\\/\"},{\"@type\":\"ListItem\",\"position\":2,\"name\":\"Branchen\"}]},{\"@type\":\"WebSite\",\"@id\":\"https:\\\/\\\/www.adhoc-translations.com\\\/#website\",\"url\":\"https:\\\/\\\/www.adhoc-translations.com\\\/\",\"name\":\"AdHoc Translations\",\"description\":\"Global communication made easy\",\"publisher\":{\"@id\":\"https:\\\/\\\/www.adhoc-translations.com\\\/#organization\"},\"potentialAction\":[{\"@type\":\"SearchAction\",\"target\":{\"@type\":\"EntryPoint\",\"urlTemplate\":\"https:\\\/\\\/www.adhoc-translations.com\\\/?s={search_term_string}\"},\"query-input\":{\"@type\":\"PropertyValueSpecification\",\"valueRequired\":true,\"valueName\":\"search_term_string\"}}],\"inLanguage\":\"de\"},{\"@type\":\"Organization\",\"@id\":\"https:\\\/\\\/www.adhoc-translations.com\\\/#organization\",\"name\":\"AdHoc Translations\",\"url\":\"https:\\\/\\\/www.adhoc-translations.com\\\/\",\"logo\":{\"@type\":\"ImageObject\",\"inLanguage\":\"de\",\"@id\":\"https:\\\/\\\/www.adhoc-translations.com\\\/#\\\/schema\\\/logo\\\/image\\\/\",\"url\":\"https:\\\/\\\/www.adhoc-translations.com\\\/wp-content\\\/uploads\\\/2022\\\/08\\\/there-for-you.png\",\"contentUrl\":\"https:\\\/\\\/www.adhoc-translations.com\\\/wp-content\\\/uploads\\\/2022\\\/08\\\/there-for-you.png\",\"width\":1200,\"height\":1200,\"caption\":\"AdHoc Translations\"},\"image\":{\"@id\":\"https:\\\/\\\/www.adhoc-translations.com\\\/#\\\/schema\\\/logo\\\/image\\\/\"},\"sameAs\":[\"https:\\\/\\\/www.facebook.com\\\/AdHocTranslations\\\/\",\"https:\\\/\\\/x.com\\\/AdHoc_Language\",\"https:\\\/\\\/www.linkedin.com\\\/company\\\/ad-hoc-translations-a-s\\\/\",\"https:\\\/\\\/www.youtube.com\\\/channel\\\/UC6GxzaVOMxSFOqvl2ACKLuA\"]}]}<\/script>\n<!-- \/ Yoast SEO plugin. -->","yoast_head_json":{"title":"Professionelle \u00dcbersetzungen f\u00fcr Ihre Branche | AdHoc Translations","description":"Sie suchen nach fachgerechten \u00dcbersetzungsarbeiten von fachgerechten \u00dcbersetzern? Wir sind auf zahlreiche Branchen spezialisiert. Textarten aller Art!","robots":{"index":"index","follow":"follow","max-snippet":"max-snippet:-1","max-image-preview":"max-image-preview:large","max-video-preview":"max-video-preview:-1"},"canonical":"https:\/\/www.adhoc-translations.com\/de\/branchen\/","og_locale":"de_DE","og_type":"article","og_title":"Professionelle \u00dcbersetzungen f\u00fcr Ihre Branche | AdHoc Translations","og_description":"Sie suchen nach fachgerechten \u00dcbersetzungsarbeiten von fachgerechten \u00dcbersetzern? Wir sind auf zahlreiche Branchen spezialisiert. Textarten aller Art!","og_url":"https:\/\/www.adhoc-translations.com\/de\/branchen\/","og_site_name":"AdHoc Translations","article_publisher":"https:\/\/www.facebook.com\/AdHocTranslations\/","article_modified_time":"2025-11-05T13:44:25+00:00","twitter_card":"summary_large_image","twitter_site":"@AdHoc_Language","twitter_misc":{"Gesch\u00e4tzte Lesezeit":"6\u00a0Minuten"},"schema":{"@context":"https:\/\/schema.org","@graph":[{"@type":"WebPage","@id":"https:\/\/www.adhoc-translations.com\/de\/branchen\/","url":"https:\/\/www.adhoc-translations.com\/de\/branchen\/","name":"Professionelle \u00dcbersetzungen f\u00fcr Ihre Branche | AdHoc Translations","isPartOf":{"@id":"https:\/\/www.adhoc-translations.com\/#website"},"datePublished":"2018-10-13T12:36:33+00:00","dateModified":"2025-11-05T13:44:25+00:00","description":"Sie suchen nach fachgerechten \u00dcbersetzungsarbeiten von fachgerechten \u00dcbersetzern? Wir sind auf zahlreiche Branchen spezialisiert. Textarten aller Art!","breadcrumb":{"@id":"https:\/\/www.adhoc-translations.com\/de\/branchen\/#breadcrumb"},"inLanguage":"de","potentialAction":[{"@type":"ReadAction","target":["https:\/\/www.adhoc-translations.com\/de\/branchen\/"]}]},{"@type":"BreadcrumbList","@id":"https:\/\/www.adhoc-translations.com\/de\/branchen\/#breadcrumb","itemListElement":[{"@type":"ListItem","position":1,"name":"Home","item":"https:\/\/www.adhoc-translations.com\/de\/"},{"@type":"ListItem","position":2,"name":"Branchen"}]},{"@type":"WebSite","@id":"https:\/\/www.adhoc-translations.com\/#website","url":"https:\/\/www.adhoc-translations.com\/","name":"AdHoc Translations","description":"Global communication made easy","publisher":{"@id":"https:\/\/www.adhoc-translations.com\/#organization"},"potentialAction":[{"@type":"SearchAction","target":{"@type":"EntryPoint","urlTemplate":"https:\/\/www.adhoc-translations.com\/?s={search_term_string}"},"query-input":{"@type":"PropertyValueSpecification","valueRequired":true,"valueName":"search_term_string"}}],"inLanguage":"de"},{"@type":"Organization","@id":"https:\/\/www.adhoc-translations.com\/#organization","name":"AdHoc Translations","url":"https:\/\/www.adhoc-translations.com\/","logo":{"@type":"ImageObject","inLanguage":"de","@id":"https:\/\/www.adhoc-translations.com\/#\/schema\/logo\/image\/","url":"https:\/\/www.adhoc-translations.com\/wp-content\/uploads\/2022\/08\/there-for-you.png","contentUrl":"https:\/\/www.adhoc-translations.com\/wp-content\/uploads\/2022\/08\/there-for-you.png","width":1200,"height":1200,"caption":"AdHoc Translations"},"image":{"@id":"https:\/\/www.adhoc-translations.com\/#\/schema\/logo\/image\/"},"sameAs":["https:\/\/www.facebook.com\/AdHocTranslations\/","https:\/\/x.com\/AdHoc_Language","https:\/\/www.linkedin.com\/company\/ad-hoc-translations-a-s\/","https:\/\/www.youtube.com\/channel\/UC6GxzaVOMxSFOqvl2ACKLuA"]}]}},"_links":{"self":[{"href":"https:\/\/www.adhoc-translations.com\/de\/wp-json\/wp\/v2\/pages\/12315","targetHints":{"allow":["GET"]}}],"collection":[{"href":"https:\/\/www.adhoc-translations.com\/de\/wp-json\/wp\/v2\/pages"}],"about":[{"href":"https:\/\/www.adhoc-translations.com\/de\/wp-json\/wp\/v2\/types\/page"}],"author":[{"embeddable":true,"href":"https:\/\/www.adhoc-translations.com\/de\/wp-json\/wp\/v2\/users\/898233"}],"replies":[{"embeddable":true,"href":"https:\/\/www.adhoc-translations.com\/de\/wp-json\/wp\/v2\/comments?post=12315"}],"version-history":[{"count":5,"href":"https:\/\/www.adhoc-translations.com\/de\/wp-json\/wp\/v2\/pages\/12315\/revisions"}],"predecessor-version":[{"id":44395,"href":"https:\/\/www.adhoc-translations.com\/de\/wp-json\/wp\/v2\/pages\/12315\/revisions\/44395"}],"wp:attachment":[{"href":"https:\/\/www.adhoc-translations.com\/de\/wp-json\/wp\/v2\/media?parent=12315"}],"curies":[{"name":"wp","href":"https:\/\/api.w.org\/{rel}","templated":true}]}}