{"id":12341,"date":"2018-10-13T14:36:39","date_gmt":"2018-10-13T12:36:39","guid":{"rendered":"https:\/\/www.adhoc-translations.com\/newsletter\/"},"modified":"2021-01-31T16:54:14","modified_gmt":"2021-01-31T15:54:14","slug":"newsletter","status":"publish","type":"page","link":"https:\/\/www.adhoc-translations.com\/de\/newsletter\/","title":{"rendered":"Newsletter"},"content":{"rendered":"<p>[et_pb_section fb_built=&#8220;1&#8243; module_class=&#8220;height-100&#8243; _builder_version=&#8220;3.26.3&#8243; background_image=&#8220;https:\/\/www.adhoc-translations.com\/wp-content\/uploads\/2019\/07\/nyhedsbrev-sign-up.png&#8220; background_position=&#8220;center_left&#8220; inner_width_tablet=&#8220;50px&#8220; inner_max_width_tablet=&#8220;50px&#8220; z_index_tablet=&#8220;500&#8243; box_shadow_horizontal_tablet=&#8220;0px&#8220; box_shadow_vertical_tablet=&#8220;0px&#8220; box_shadow_blur_tablet=&#8220;40px&#8220; box_shadow_spread_tablet=&#8220;0px&#8220;][et_pb_row module_class=&#8220;et_pb_animation_top et-animated et-waypoint&#8220; _builder_version=&#8220;3.25&#8243; background_size=&#8220;initial&#8220; background_position=&#8220;top_left&#8220; background_repeat=&#8220;repeat&#8220; make_fullwidth=&#8220;off&#8220; use_custom_width=&#8220;off&#8220; width_unit=&#8220;on&#8220; custom_width_px=&#8220;1080px&#8220; custom_width_percent=&#8220;80%&#8220;][et_pb_column type=&#8220;4_4&#8243; _builder_version=&#8220;3.25&#8243; custom_padding=&#8220;|||&#8220; custom_padding__hover=&#8220;|||&#8220;][et_pb_text _builder_version=&#8220;3.27.4&#8243; header_font_size=&#8220;40px&#8220; background_size=&#8220;initial&#8220; background_position=&#8220;top_left&#8220; background_repeat=&#8220;repeat&#8220; text_orientation=&#8220;center&#8220; background_layout=&#8220;dark&#8220; module_alignment=&#8220;center&#8220; use_border_color=&#8220;off&#8220;]<\/p>\n<h1>Nicht vers\u00e4umen-<\/h1>\n<h2>tipps, Angebote und interessante Artikel zum Thema Sprache und \u00dcbersetzung<\/h2>\n<p>[\/et_pb_text][\/et_pb_column][\/et_pb_row][et_pb_row _builder_version=&#8220;4.8.2&#8243; background_size=&#8220;initial&#8220; background_position=&#8220;top_left&#8220; background_repeat=&#8220;repeat&#8220; width=&#8220;45%&#8220; width_phone=&#8220;50px&#8220; max_width=&#8220;45%&#8220; max_width_phone=&#8220;1280px&#8220; custom_padding=&#8220;|100px||100px|false|false&#8220; z_index_tablet=&#8220;500&#8243;][et_pb_column type=&#8220;4_4&#8243; _builder_version=&#8220;3.25&#8243; custom_padding=&#8220;|||&#8220; custom_padding__hover=&#8220;|||&#8220;][et_pb_text _builder_version=&#8220;4.8.2&#8243; background_size=&#8220;initial&#8220; background_position=&#8220;top_left&#8220; background_repeat=&#8220;repeat&#8220; text_orientation=&#8220;center&#8220; background_layout=&#8220;dark&#8220; module_alignment=&#8220;center&#8220; hover_enabled=&#8220;0&#8243; use_border_color=&#8220;off&#8220; sticky_enabled=&#8220;0&#8243;]<\/p>\n<p>\n<!-- Begin Mailchimp Signup Form -->\n<link href=\"\/\/cdn-images.mailchimp.com\/embedcode\/classic-10_7.css\" rel=\"stylesheet\" type=\"text\/css\">\n<style type=\"text\/css\">\n#mc_embed_signup{clear:left; font:14px open sans; }\n.submitbutton {background-color:#f99d1c ; color:#fff; width:95%; font-weight:bold;padding:5px;}\n#mc_embed_signup #mce-success-response {color: #f99d1c!important;}\n\t\t\/* Add your own Mailchimp form style overrides in your site stylesheet or in this style block.\n\t   We recommend moving this block and the preceding CSS link to the HEAD of your HTML file. *\/\n<\/style>\n<div id=\"mc_embed_signup\">\n<form action=\"https:\/\/adhoc-translations.us12.list-manage.com\/subscribe\/post?u=20421bc9c952e6caafdb2a20b&amp;id=0199102b1f\" method=\"post\" id=\"mc-embedded-subscribe-form\" name=\"mc-embedded-subscribe-form\" class=\"validate\" target=\"_blank\" novalidate>\n<div id=\"mc_embed_signup_scroll\">\n<div class=\"mc-field-group\">\n\t\t<input type=\"text\" value=\"\" placeholder=\"Name\"  name=\"FNAME\" class=\"\" id=\"mce-FNAME\">\n<\/div>\n<div class=\"mc-field-group\">\n\t\t<input type=\"email\" value=\"\" placeholder=\"E-mail\"  name=\"EMAIL\" class=\"required email\" id=\"mce-EMAIL\">\n<\/div>\n<div class=\"mc-field-group\">\n\t\t<select name=\"MMERGE2\" class=\"\" id=\"mce-MMERGE2\"><option value=\"\" disabled selected>Ihre Branche<\/option><option value=\"Recht\">Recht<\/option><option value=\"Automobilindustrie\">Automobilindustrie<\/option><option value=\"Hoch- und Tiefbau\">Hoch- und Tiefbau<\/option><option value=\"Energie und Umwelt\">Energie und Umwelt<\/option><option value=\"Finanzwesen und Versicherung\">Finanzwesen und Versicherung<\/option><option value=\"Handel, Industrie, Dienstleistungen\">Handel, Industrie, Dienstleistungen<\/option><option value=\"IT und Telekommunikation\">IT und Telekommunikation<\/option><option value=\"Life Sciences\">Life Sciences<\/option><option value=\"Beh\u00f6rden, Institutionen, EU\">Beh\u00f6rden, Institutionen, EU<\/option><option value=\"Medien\">Medien<\/option><option value=\"Mode, Kunst und Kultur\">Mode, Kunst und Kultur<\/option><option value=\"Robotertechnologie\">Robotertechnologie<\/option><\/select>\n<\/div>\n<div class=\"mc-field-group input-group\">\n    <strong>Zustimmung <\/strong><\/p>\n<ul>\n<li><input type=\"checkbox\" value=\"1\" name=\"group[18253][1]\" id=\"mce-group[18253]-18253-0\"><label for=\"mce-group[18253]-18253-0\">Hiermit akzeptiere ich die <a href=\"https:\/\/www.adhoc-translations.com\/de\/privacy-policy\/\">Datenschutzbestimmungen<\/a> von AdHoc Translations und best\u00e4tige gleichzeitig, dass AdHoc Translations meine pers\u00f6nlichen Daten nutzen darf, um mir E-Mails mit Neuigkeiten, Angeboten und Informationen \u00fcber unsere Produkte und Dienstleistungen zu senden. Ich kann mich jederzeit abmelden.<\/label><\/li>\n<\/ul>\n<\/div>\n<div id=\"mce-responses\" class=\"clear\">\n<div class=\"response\" id=\"mce-error-response\" style=\"display:none\"><\/div>\n<div class=\"response\" id=\"mce-success-response\" style=\"display:none\"><\/div>\n<\/p><\/div>\n<p>    <!-- real people should not fill this in and expect good things - do not remove this or risk form bot signups--><\/p>\n<div style=\"position: absolute; left: -5000px;\" aria-hidden=\"true\"><input type=\"text\" name=\"b_20421bc9c952e6caafdb2a20b_0199102b1f\" tabindex=\"-1\" value=\"\"><\/div>\n<div class=\"clear\"><input type=\"submit\" value=\"ABONNIEREN\" name=\"subscribe\" id=\"\" class=\"submitbutton\"><\/div>\n<\/p><\/div>\n<\/p><\/div>\n<\/form>\n<\/div>\n<p><script type='text\/javascript' src='\/\/s3.amazonaws.com\/downloads.mailchimp.com\/js\/mc-validate.js'><\/script><script type='text\/javascript'>(function($) {window.fnames = new Array(); window.ftypes = new Array();fnames[1]='FNAME';ftypes[1]='text';fnames[0]='EMAIL';ftypes[0]='email';fnames[2]='MMERGE2';ftypes[2]='dropdown';}(jQuery));var $mcj = jQuery.noConflict(true);<\/script><br \/>\n<!--End mc_embed_signup-->[\/et_pb_text][\/et_pb_column][\/et_pb_row][\/et_pb_section]<\/p>\n","protected":false},"excerpt":{"rendered":"<p>Nicht vers\u00e4umen- tipps, Angebote und interessante Artikel zum Thema Sprache und \u00dcbersetzung Ihre Branche Recht Automobilindustrie Hoch- und Tiefbau Energie und Umwelt Finanzwesen und Versicherung Handel, Industrie, Dienstleistungen IT und [&hellip;]<\/p>\n","protected":false},"author":898233,"featured_media":0,"parent":0,"menu_order":0,"comment_status":"closed","ping_status":"closed","template":"","meta":{"_et_pb_use_builder":"on","_et_pb_old_content":"","_et_gb_content_width":"","footnotes":""},"class_list":["post-12341","page","type-page","status-publish","hentry"],"yoast_head":"<!-- This site is optimized with the Yoast SEO plugin v27.3 - https:\/\/yoast.com\/product\/yoast-seo-wordpress\/ -->\n<title>AdHoc Translations Newsletter - Tipps und interessante Artikel<\/title>\n<meta name=\"description\" content=\"Vers\u00e4umen Sie keine Tipps, Angebote oder interessante Artikel zum Thema Sprache und \u00dcbersetzung mit unserem Newsletter. Hier mehr erfahren!\" \/>\n<meta name=\"robots\" content=\"index, follow, max-snippet:-1, max-image-preview:large, max-video-preview:-1\" \/>\n<link rel=\"canonical\" href=\"https:\/\/www.adhoc-translations.com\/de\/newsletter\/\" \/>\n<meta property=\"og:locale\" content=\"de_DE\" \/>\n<meta property=\"og:type\" content=\"article\" \/>\n<meta property=\"og:title\" content=\"AdHoc Translations Newsletter - Tipps und interessante Artikel\" \/>\n<meta property=\"og:description\" content=\"Vers\u00e4umen Sie keine Tipps, Angebote oder interessante Artikel zum Thema Sprache und \u00dcbersetzung mit unserem Newsletter. Hier mehr erfahren!\" \/>\n<meta property=\"og:url\" content=\"https:\/\/www.adhoc-translations.com\/de\/newsletter\/\" \/>\n<meta property=\"og:site_name\" content=\"AdHoc Translations\" \/>\n<meta property=\"article:publisher\" content=\"https:\/\/www.facebook.com\/AdHocTranslations\/\" \/>\n<meta property=\"article:modified_time\" content=\"2021-01-31T15:54:14+00:00\" \/>\n<meta name=\"twitter:card\" content=\"summary_large_image\" \/>\n<meta name=\"twitter:site\" content=\"@AdHoc_Language\" \/>\n<meta name=\"twitter:label1\" content=\"Gesch\u00e4tzte Lesezeit\" \/>\n\t<meta name=\"twitter:data1\" content=\"2\u00a0Minuten\" \/>\n<script type=\"application\/ld+json\" class=\"yoast-schema-graph\">{\"@context\":\"https:\\\/\\\/schema.org\",\"@graph\":[{\"@type\":\"WebPage\",\"@id\":\"https:\\\/\\\/www.adhoc-translations.com\\\/de\\\/newsletter\\\/\",\"url\":\"https:\\\/\\\/www.adhoc-translations.com\\\/de\\\/newsletter\\\/\",\"name\":\"AdHoc Translations Newsletter - Tipps und interessante Artikel\",\"isPartOf\":{\"@id\":\"https:\\\/\\\/www.adhoc-translations.com\\\/#website\"},\"datePublished\":\"2018-10-13T12:36:39+00:00\",\"dateModified\":\"2021-01-31T15:54:14+00:00\",\"description\":\"Vers\u00e4umen Sie keine Tipps, Angebote oder interessante Artikel zum Thema Sprache und \u00dcbersetzung mit unserem Newsletter. Hier mehr erfahren!\",\"breadcrumb\":{\"@id\":\"https:\\\/\\\/www.adhoc-translations.com\\\/de\\\/newsletter\\\/#breadcrumb\"},\"inLanguage\":\"de\",\"potentialAction\":[{\"@type\":\"ReadAction\",\"target\":[\"https:\\\/\\\/www.adhoc-translations.com\\\/de\\\/newsletter\\\/\"]}]},{\"@type\":\"BreadcrumbList\",\"@id\":\"https:\\\/\\\/www.adhoc-translations.com\\\/de\\\/newsletter\\\/#breadcrumb\",\"itemListElement\":[{\"@type\":\"ListItem\",\"position\":1,\"name\":\"Home\",\"item\":\"https:\\\/\\\/www.adhoc-translations.com\\\/de\\\/\"},{\"@type\":\"ListItem\",\"position\":2,\"name\":\"Newsletter\"}]},{\"@type\":\"WebSite\",\"@id\":\"https:\\\/\\\/www.adhoc-translations.com\\\/#website\",\"url\":\"https:\\\/\\\/www.adhoc-translations.com\\\/\",\"name\":\"AdHoc Translations\",\"description\":\"Global communication made easy\",\"publisher\":{\"@id\":\"https:\\\/\\\/www.adhoc-translations.com\\\/#organization\"},\"potentialAction\":[{\"@type\":\"SearchAction\",\"target\":{\"@type\":\"EntryPoint\",\"urlTemplate\":\"https:\\\/\\\/www.adhoc-translations.com\\\/?s={search_term_string}\"},\"query-input\":{\"@type\":\"PropertyValueSpecification\",\"valueRequired\":true,\"valueName\":\"search_term_string\"}}],\"inLanguage\":\"de\"},{\"@type\":\"Organization\",\"@id\":\"https:\\\/\\\/www.adhoc-translations.com\\\/#organization\",\"name\":\"AdHoc Translations\",\"url\":\"https:\\\/\\\/www.adhoc-translations.com\\\/\",\"logo\":{\"@type\":\"ImageObject\",\"inLanguage\":\"de\",\"@id\":\"https:\\\/\\\/www.adhoc-translations.com\\\/#\\\/schema\\\/logo\\\/image\\\/\",\"url\":\"https:\\\/\\\/www.adhoc-translations.com\\\/wp-content\\\/uploads\\\/2022\\\/08\\\/there-for-you.png\",\"contentUrl\":\"https:\\\/\\\/www.adhoc-translations.com\\\/wp-content\\\/uploads\\\/2022\\\/08\\\/there-for-you.png\",\"width\":1200,\"height\":1200,\"caption\":\"AdHoc Translations\"},\"image\":{\"@id\":\"https:\\\/\\\/www.adhoc-translations.com\\\/#\\\/schema\\\/logo\\\/image\\\/\"},\"sameAs\":[\"https:\\\/\\\/www.facebook.com\\\/AdHocTranslations\\\/\",\"https:\\\/\\\/x.com\\\/AdHoc_Language\",\"https:\\\/\\\/www.linkedin.com\\\/company\\\/ad-hoc-translations-a-s\\\/\",\"https:\\\/\\\/www.youtube.com\\\/channel\\\/UC6GxzaVOMxSFOqvl2ACKLuA\"]}]}<\/script>\n<!-- \/ Yoast SEO plugin. -->","yoast_head_json":{"title":"AdHoc Translations Newsletter - Tipps und interessante Artikel","description":"Vers\u00e4umen Sie keine Tipps, Angebote oder interessante Artikel zum Thema Sprache und \u00dcbersetzung mit unserem Newsletter. Hier mehr erfahren!","robots":{"index":"index","follow":"follow","max-snippet":"max-snippet:-1","max-image-preview":"max-image-preview:large","max-video-preview":"max-video-preview:-1"},"canonical":"https:\/\/www.adhoc-translations.com\/de\/newsletter\/","og_locale":"de_DE","og_type":"article","og_title":"AdHoc Translations Newsletter - Tipps und interessante Artikel","og_description":"Vers\u00e4umen Sie keine Tipps, Angebote oder interessante Artikel zum Thema Sprache und \u00dcbersetzung mit unserem Newsletter. Hier mehr erfahren!","og_url":"https:\/\/www.adhoc-translations.com\/de\/newsletter\/","og_site_name":"AdHoc Translations","article_publisher":"https:\/\/www.facebook.com\/AdHocTranslations\/","article_modified_time":"2021-01-31T15:54:14+00:00","twitter_card":"summary_large_image","twitter_site":"@AdHoc_Language","twitter_misc":{"Gesch\u00e4tzte Lesezeit":"2\u00a0Minuten"},"schema":{"@context":"https:\/\/schema.org","@graph":[{"@type":"WebPage","@id":"https:\/\/www.adhoc-translations.com\/de\/newsletter\/","url":"https:\/\/www.adhoc-translations.com\/de\/newsletter\/","name":"AdHoc Translations Newsletter - Tipps und interessante Artikel","isPartOf":{"@id":"https:\/\/www.adhoc-translations.com\/#website"},"datePublished":"2018-10-13T12:36:39+00:00","dateModified":"2021-01-31T15:54:14+00:00","description":"Vers\u00e4umen Sie keine Tipps, Angebote oder interessante Artikel zum Thema Sprache und \u00dcbersetzung mit unserem Newsletter. Hier mehr erfahren!","breadcrumb":{"@id":"https:\/\/www.adhoc-translations.com\/de\/newsletter\/#breadcrumb"},"inLanguage":"de","potentialAction":[{"@type":"ReadAction","target":["https:\/\/www.adhoc-translations.com\/de\/newsletter\/"]}]},{"@type":"BreadcrumbList","@id":"https:\/\/www.adhoc-translations.com\/de\/newsletter\/#breadcrumb","itemListElement":[{"@type":"ListItem","position":1,"name":"Home","item":"https:\/\/www.adhoc-translations.com\/de\/"},{"@type":"ListItem","position":2,"name":"Newsletter"}]},{"@type":"WebSite","@id":"https:\/\/www.adhoc-translations.com\/#website","url":"https:\/\/www.adhoc-translations.com\/","name":"AdHoc Translations","description":"Global communication made easy","publisher":{"@id":"https:\/\/www.adhoc-translations.com\/#organization"},"potentialAction":[{"@type":"SearchAction","target":{"@type":"EntryPoint","urlTemplate":"https:\/\/www.adhoc-translations.com\/?s={search_term_string}"},"query-input":{"@type":"PropertyValueSpecification","valueRequired":true,"valueName":"search_term_string"}}],"inLanguage":"de"},{"@type":"Organization","@id":"https:\/\/www.adhoc-translations.com\/#organization","name":"AdHoc Translations","url":"https:\/\/www.adhoc-translations.com\/","logo":{"@type":"ImageObject","inLanguage":"de","@id":"https:\/\/www.adhoc-translations.com\/#\/schema\/logo\/image\/","url":"https:\/\/www.adhoc-translations.com\/wp-content\/uploads\/2022\/08\/there-for-you.png","contentUrl":"https:\/\/www.adhoc-translations.com\/wp-content\/uploads\/2022\/08\/there-for-you.png","width":1200,"height":1200,"caption":"AdHoc Translations"},"image":{"@id":"https:\/\/www.adhoc-translations.com\/#\/schema\/logo\/image\/"},"sameAs":["https:\/\/www.facebook.com\/AdHocTranslations\/","https:\/\/x.com\/AdHoc_Language","https:\/\/www.linkedin.com\/company\/ad-hoc-translations-a-s\/","https:\/\/www.youtube.com\/channel\/UC6GxzaVOMxSFOqvl2ACKLuA"]}]}},"_links":{"self":[{"href":"https:\/\/www.adhoc-translations.com\/de\/wp-json\/wp\/v2\/pages\/12341","targetHints":{"allow":["GET"]}}],"collection":[{"href":"https:\/\/www.adhoc-translations.com\/de\/wp-json\/wp\/v2\/pages"}],"about":[{"href":"https:\/\/www.adhoc-translations.com\/de\/wp-json\/wp\/v2\/types\/page"}],"author":[{"embeddable":true,"href":"https:\/\/www.adhoc-translations.com\/de\/wp-json\/wp\/v2\/users\/898233"}],"replies":[{"embeddable":true,"href":"https:\/\/www.adhoc-translations.com\/de\/wp-json\/wp\/v2\/comments?post=12341"}],"version-history":[{"count":5,"href":"https:\/\/www.adhoc-translations.com\/de\/wp-json\/wp\/v2\/pages\/12341\/revisions"}],"predecessor-version":[{"id":36645,"href":"https:\/\/www.adhoc-translations.com\/de\/wp-json\/wp\/v2\/pages\/12341\/revisions\/36645"}],"wp:attachment":[{"href":"https:\/\/www.adhoc-translations.com\/de\/wp-json\/wp\/v2\/media?parent=12341"}],"curies":[{"name":"wp","href":"https:\/\/api.w.org\/{rel}","templated":true}]}}