{"id":12343,"date":"2018-10-13T14:36:39","date_gmt":"2018-10-13T12:36:39","guid":{"rendered":"https:\/\/www.adhoc-translations.com\/partner\/"},"modified":"2019-12-17T11:54:22","modified_gmt":"2019-12-17T10:54:22","slug":"partner","status":"publish","type":"page","link":"https:\/\/www.adhoc-translations.com\/de\/partner\/","title":{"rendered":"Partner"},"content":{"rendered":"<p>[et_pb_section fb_built=&#8220;1&#8243; _builder_version=&#8220;3.22&#8243; background_image=&#8220;https:\/\/www.adhoc-translations.com\/wp-content\/uploads\/2019\/02\/samarbejde-header.jpg&#8220; custom_padding=&#8220;90px||100px|&#8220;][et_pb_row module_class=&#8220;et_pb_animation_top et-animated et-waypoint&#8220; _builder_version=&#8220;3.25&#8243; background_size=&#8220;initial&#8220; background_position=&#8220;top_left&#8220; background_repeat=&#8220;repeat&#8220; make_fullwidth=&#8220;off&#8220; use_custom_width=&#8220;off&#8220; width_unit=&#8220;on&#8220; custom_width_px=&#8220;1080px&#8220; custom_width_percent=&#8220;80%&#8220;][et_pb_column type=&#8220;4_4&#8243; _builder_version=&#8220;3.25&#8243; custom_padding=&#8220;|||&#8220; custom_padding__hover=&#8220;|||&#8220;][et_pb_text _builder_version=&#8220;3.27.4&#8243; header_font_size=&#8220;40px&#8220; background_size=&#8220;initial&#8220; background_position=&#8220;top_left&#8220; background_repeat=&#8220;repeat&#8220; text_orientation=&#8220;center&#8220; background_layout=&#8220;dark&#8220; module_alignment=&#8220;center&#8220; use_border_color=&#8220;off&#8220;]<\/p>\n<h1>Partner<\/h1>\n<h3>Gemeinsam sind wir st\u00e4rker<\/h3>\n<p>[\/et_pb_text][et_pb_button button_url=&#8220;https:\/\/www.adhoc-translations.com\/de\/unverbindliches-angebot\/&#8220; button_text=&#8220;Unverbindliches Angebot&#8220; button_alignment=&#8220;center&#8220; _builder_version=&#8220;3.16&#8243; background_layout=&#8220;dark&#8220; button_letter_spacing_hover=&#8220;0&#8243; button_text_size__hover_enabled=&#8220;off&#8220; button_text_size__hover=&#8220;null&#8220; button_one_text_size__hover_enabled=&#8220;off&#8220; button_one_text_size__hover=&#8220;null&#8220; button_two_text_size__hover_enabled=&#8220;off&#8220; button_two_text_size__hover=&#8220;null&#8220; button_text_color__hover_enabled=&#8220;off&#8220; button_text_color__hover=&#8220;null&#8220; button_one_text_color__hover_enabled=&#8220;off&#8220; button_one_text_color__hover=&#8220;null&#8220; button_two_text_color__hover_enabled=&#8220;off&#8220; button_two_text_color__hover=&#8220;null&#8220; button_border_width__hover_enabled=&#8220;off&#8220; button_border_width__hover=&#8220;null&#8220; button_one_border_width__hover_enabled=&#8220;off&#8220; button_one_border_width__hover=&#8220;null&#8220; button_two_border_width__hover_enabled=&#8220;off&#8220; button_two_border_width__hover=&#8220;null&#8220; button_border_color__hover_enabled=&#8220;off&#8220; button_border_color__hover=&#8220;null&#8220; button_one_border_color__hover_enabled=&#8220;off&#8220; button_one_border_color__hover=&#8220;null&#8220; button_two_border_color__hover_enabled=&#8220;off&#8220; button_two_border_color__hover=&#8220;null&#8220; button_border_radius__hover_enabled=&#8220;off&#8220; button_border_radius__hover=&#8220;null&#8220; button_one_border_radius__hover_enabled=&#8220;off&#8220; button_one_border_radius__hover=&#8220;null&#8220; button_two_border_radius__hover_enabled=&#8220;off&#8220; button_two_border_radius__hover=&#8220;null&#8220; button_letter_spacing__hover_enabled=&#8220;on&#8220; button_letter_spacing__hover=&#8220;0&#8243; button_one_letter_spacing__hover_enabled=&#8220;off&#8220; button_one_letter_spacing__hover=&#8220;null&#8220; button_two_letter_spacing__hover_enabled=&#8220;off&#8220; button_two_letter_spacing__hover=&#8220;null&#8220; button_bg_color__hover_enabled=&#8220;off&#8220; button_bg_color__hover=&#8220;null&#8220; button_one_bg_color__hover_enabled=&#8220;off&#8220; button_one_bg_color__hover=&#8220;null&#8220; button_two_bg_color__hover_enabled=&#8220;off&#8220; button_two_bg_color__hover=&#8220;null&#8220;][\/et_pb_button][\/et_pb_column][\/et_pb_row][\/et_pb_section][et_pb_section fb_built=&#8220;1&#8243; _builder_version=&#8220;3.22&#8243; background_color=&#8220;#f4f4f4&#8243;][et_pb_row use_custom_gutter=&#8220;on&#8220; gutter_width=&#8220;2&#8243; make_equal=&#8220;on&#8220; _builder_version=&#8220;4.0.7&#8243; module_alignment=&#8220;center&#8220; hover_enabled=&#8220;0&#8243; column_structure=&#8220;1_3,1_3,1_3&#8243;][et_pb_column type=&#8220;1_3&#8243; _builder_version=&#8220;3.25&#8243; background_color=&#8220;#f99d1c&#8220; custom_padding=&#8220;20px|20px|20px|20px&#8220; custom_padding__hover=&#8220;|||&#8220;][et_pb_image src=&#8220;https:\/\/www.adhoc-translations.com\/wp-content\/uploads\/2019\/02\/partner-ny-1.jpg&#8220; show_bottom_space=&#8220;off&#8220; align=&#8220;center&#8220; align_tablet=&#8220;center&#8220; align_last_edited=&#8220;on|desktop&#8220; _builder_version=&#8220;3.23&#8243;][\/et_pb_image][\/et_pb_column][et_pb_column type=&#8220;1_3&#8243; _builder_version=&#8220;3.25&#8243; background_color=&#8220;#ffffff&#8220; custom_padding=&#8220;20px|20px|20px|20px&#8220; custom_padding__hover=&#8220;|||&#8220;][et_pb_image src=&#8220;https:\/\/www.adhoc-translations.com\/wp-content\/uploads\/2019\/02\/plunet-400&#215;151.jpg&#8220; url=&#8220;https:\/\/www.plunet.com\/en\/&#8220; url_new_window=&#8220;on&#8220; align=&#8220;center&#8220; align_tablet=&#8220;center&#8220; align_last_edited=&#8220;on|desktop&#8220; _builder_version=&#8220;3.23&#8243; use_border_color=&#8220;off&#8220;][\/et_pb_image][et_pb_text admin_label=&#8220;Reference&#8220; module_class=&#8220;et_pb_animation_top et-animated et-waypoint&#8220; _builder_version=&#8220;3.27.4&#8243; text_font_size=&#8220;18&#8243; background_size=&#8220;initial&#8220; background_position=&#8220;top_left&#8220; background_repeat=&#8220;repeat&#8220; text_orientation=&#8220;center&#8220; module_alignment=&#8220;center&#8220; use_border_color=&#8220;off&#8220;]<\/p>\n<p>Zusammen mit Plunet haben wir f\u00fcr uns ein ma\u00dfgeschneidertes Translation Management System entwickelt. <a href=\"https:\/\/www.adhoc-translations.com\/de\/technologie\/translation-management-systemtms\/\">SmartDesk<\/a> sorgt f\u00fcr einen reibungslosen und \u00fcbersichtlichen Projektablauf. Das System kann auch in bestehende Kundenprozesse integriert werden, sodass der gesamte \u00dcbersetzungsprozess transparent ist. Dar\u00fcber hinaus haben Kunden auch Zugriff auf informative Berichte.<\/p>\n<p>[\/et_pb_text][\/et_pb_column][et_pb_column type=&#8220;1_3&#8243; _builder_version=&#8220;3.25&#8243; background_color=&#8220;#f99d1c&#8220; custom_padding=&#8220;20px|20px|20px|20px&#8220; custom_padding__hover=&#8220;|||&#8220;][et_pb_image src=&#8220;https:\/\/www.adhoc-translations.com\/wp-content\/uploads\/2019\/02\/partner-ny-1.jpg&#8220; show_bottom_space=&#8220;off&#8220; align=&#8220;center&#8220; align_tablet=&#8220;center&#8220; align_last_edited=&#8220;on|desktop&#8220; _builder_version=&#8220;3.23&#8243;][\/et_pb_image][\/et_pb_column][\/et_pb_row][et_pb_row use_custom_gutter=&#8220;on&#8220; gutter_width=&#8220;2&#8243; make_equal=&#8220;on&#8220; _builder_version=&#8220;3.25&#8243; module_alignment=&#8220;center&#8220; column_structure=&#8220;1_3,1_3,1_3&#8243;][et_pb_column type=&#8220;1_3&#8243; _builder_version=&#8220;3.25&#8243; background_color=&#8220;#ffffff&#8220; custom_padding=&#8220;20px|20px|20px|20px&#8220; custom_padding__hover=&#8220;|||&#8220;][et_pb_image src=&#8220;https:\/\/www.adhoc-translations.com\/wp-content\/uploads\/2019\/02\/memsource-logo-400&#215;151.jpg&#8220; url=&#8220;https:\/\/www.memsource.com\/&#8220; url_new_window=&#8220;on&#8220; align=&#8220;center&#8220; align_tablet=&#8220;center&#8220; align_last_edited=&#8220;on|desktop&#8220; _builder_version=&#8220;3.23&#8243; use_border_color=&#8220;off&#8220;][\/et_pb_image][et_pb_text admin_label=&#8220;Reference&#8220; module_class=&#8220;et_pb_animation_top et-animated et-waypoint&#8220; _builder_version=&#8220;3.27.4&#8243; text_font_size=&#8220;18&#8243; background_size=&#8220;initial&#8220; background_position=&#8220;top_left&#8220; background_repeat=&#8220;repeat&#8220; text_orientation=&#8220;center&#8220; module_alignment=&#8220;center&#8220; use_border_color=&#8220;off&#8220;]<\/p>\n<p>Memsource \u2013 unser cloud-basiertes \u00dcbersetzungswerkzeug ist das bei weitem intuitivste und benutzerfreundlichste Cloud-System auf dem Markt. Es ist einfach in den Prozess des Kunden zu integrieren und erfordert keine teuren Lizenzen. Alle an einem \u00dcbersetzungsprozess beteiligten Partner k\u00f6nnen in Echtzeit zusammenarbeiten. So werden identische Inhalte nur einmal bearbeitet und Terminologie konsistent verwendet, was entscheidend zur Senkung der \u00dcbersetzungskosten beitr\u00e4gt.<\/p>\n<p>[\/et_pb_text][\/et_pb_column][et_pb_column type=&#8220;1_3&#8243; _builder_version=&#8220;3.25&#8243; background_color=&#8220;#ffffff&#8220; custom_padding=&#8220;20px|20px|20px|20px&#8220; custom_padding__hover=&#8220;|||&#8220;][et_pb_image src=&#8220;https:\/\/www.adhoc-translations.com\/wp-content\/uploads\/2019\/02\/webnuts-400&#215;151.jpg&#8220; url=&#8220;https:\/\/www.webnuts.com\/&#8220; url_new_window=&#8220;on&#8220; align=&#8220;center&#8220; align_tablet=&#8220;center&#8220; align_last_edited=&#8220;on|desktop&#8220; _builder_version=&#8220;3.23&#8243; use_border_color=&#8220;off&#8220;][\/et_pb_image][et_pb_text admin_label=&#8220;Reference&#8220; module_class=&#8220;et_pb_animation_top et-animated et-waypoint&#8220; _builder_version=&#8220;3.27.4&#8243; text_font_size=&#8220;18&#8243; background_size=&#8220;initial&#8220; background_position=&#8220;top_left&#8220; background_repeat=&#8220;repeat&#8220; text_orientation=&#8220;center&#8220; module_alignment=&#8220;center&#8220; use_border_color=&#8220;off&#8220;]<\/p>\n<p>Webnuts entwickelt Websites, Apps und Dienste f\u00fcr mehrere unserer Kunden. Das CMS-System von Webnuts ist demnach voll in unsere <a href=\"https:\/\/www.adhoc-translations.com\/de\/technologie\/cms-integration\/\">SmartConnect-L\u00f6sung<\/a> integriert.<\/p>\n<p>[\/et_pb_text][\/et_pb_column][et_pb_column type=&#8220;1_3&#8243; _builder_version=&#8220;3.25&#8243; background_color=&#8220;#ffffff&#8220; custom_padding=&#8220;20px|20px|20px|20px&#8220; custom_padding__hover=&#8220;|||&#8220;][et_pb_image src=&#8220;https:\/\/www.adhoc-translations.com\/wp-content\/uploads\/2019\/02\/smart-connect-400&#215;151.jpg&#8220; url=&#8220;https:\/\/ilangl.com\/default.aspx&#8220; url_new_window=&#8220;on&#8220; align=&#8220;center&#8220; align_tablet=&#8220;center&#8220; align_last_edited=&#8220;on|desktop&#8220; _builder_version=&#8220;3.23&#8243; use_border_color=&#8220;off&#8220;][\/et_pb_image][et_pb_text admin_label=&#8220;Reference&#8220; module_class=&#8220;et_pb_animation_top et-animated et-waypoint&#8220; _builder_version=&#8220;3.27.4&#8243; text_font_size=&#8220;18&#8243; background_size=&#8220;initial&#8220; background_position=&#8220;top_left&#8220; background_repeat=&#8220;repeat&#8220; text_orientation=&#8220;center&#8220; module_alignment=&#8220;center&#8220; use_border_color=&#8220;off&#8220;]<\/p>\n<p>Unsere CMS-Integration SmartConnect basiert auf der Software von ILangL und gew\u00e4hrleistet eine schnelle und einfache \u00dcbersetzung von Webinhalten. <a href=\"https:\/\/www.adhoc-translations.com\/de\/technologie\/cms-integration\/\">SmartConnect<\/a> kann zusammen mit allen branchen\u00fcblichen CMS-Systemen eingesetzt werden. Das System ist benutzerfreundlich und kann kundenspezifisch angepasst werden.<\/p>\n<p>[\/et_pb_text][\/et_pb_column][\/et_pb_row][\/et_pb_section]<\/p>\n","protected":false},"excerpt":{"rendered":"<p>PartnerGemeinsam sind wir st\u00e4rker Zusammen mit Plunet haben wir f\u00fcr uns ein ma\u00dfgeschneidertes Translation Management System entwickelt. SmartDesk sorgt f\u00fcr einen reibungslosen und \u00fcbersichtlichen Projektablauf. Das System kann auch in [&hellip;]<\/p>\n","protected":false},"author":898233,"featured_media":0,"parent":0,"menu_order":0,"comment_status":"closed","ping_status":"closed","template":"","meta":{"_et_pb_use_builder":"on","_et_pb_old_content":"","_et_gb_content_width":"","footnotes":""},"class_list":["post-12343","page","type-page","status-publish","hentry"],"yoast_head":"<!-- This site is optimized with the Yoast SEO plugin v27.4 - https:\/\/yoast.com\/product\/yoast-seo-wordpress\/ -->\n<title>Unsere Kooperationspartner - Gemeinsam sind wir st\u00e4rker<\/title>\n<meta name=\"description\" content=\"Dank AdHoc Translations Partnern bieten wir die Technologiel\u00f6sungen, die aktualisiert und innovativ sind. Lesen Sie hier mehr!\" \/>\n<meta name=\"robots\" content=\"index, follow, max-snippet:-1, max-image-preview:large, max-video-preview:-1\" \/>\n<link rel=\"canonical\" href=\"https:\/\/www.adhoc-translations.com\/de\/partner\/\" \/>\n<meta property=\"og:locale\" content=\"de_DE\" \/>\n<meta property=\"og:type\" content=\"article\" \/>\n<meta property=\"og:title\" content=\"Unsere Kooperationspartner - Gemeinsam sind wir st\u00e4rker\" \/>\n<meta property=\"og:description\" content=\"Dank AdHoc Translations Partnern bieten wir die Technologiel\u00f6sungen, die aktualisiert und innovativ sind. Lesen Sie hier mehr!\" \/>\n<meta property=\"og:url\" content=\"https:\/\/www.adhoc-translations.com\/de\/partner\/\" \/>\n<meta property=\"og:site_name\" content=\"AdHoc Translations\" \/>\n<meta property=\"article:publisher\" content=\"https:\/\/www.facebook.com\/AdHocTranslations\/\" \/>\n<meta property=\"article:modified_time\" content=\"2019-12-17T10:54:22+00:00\" \/>\n<meta name=\"twitter:card\" content=\"summary_large_image\" \/>\n<meta name=\"twitter:site\" content=\"@AdHoc_Language\" \/>\n<meta name=\"twitter:label1\" content=\"Gesch\u00e4tzte Lesezeit\" \/>\n\t<meta name=\"twitter:data1\" content=\"6\u00a0Minuten\" \/>\n<script type=\"application\/ld+json\" class=\"yoast-schema-graph\">{\"@context\":\"https:\\\/\\\/schema.org\",\"@graph\":[{\"@type\":\"WebPage\",\"@id\":\"https:\\\/\\\/www.adhoc-translations.com\\\/de\\\/partner\\\/\",\"url\":\"https:\\\/\\\/www.adhoc-translations.com\\\/de\\\/partner\\\/\",\"name\":\"Unsere Kooperationspartner - Gemeinsam sind wir st\u00e4rker\",\"isPartOf\":{\"@id\":\"https:\\\/\\\/www.adhoc-translations.com\\\/#website\"},\"datePublished\":\"2018-10-13T12:36:39+00:00\",\"dateModified\":\"2019-12-17T10:54:22+00:00\",\"description\":\"Dank AdHoc Translations Partnern bieten wir die Technologiel\u00f6sungen, die aktualisiert und innovativ sind. Lesen Sie hier mehr!\",\"breadcrumb\":{\"@id\":\"https:\\\/\\\/www.adhoc-translations.com\\\/de\\\/partner\\\/#breadcrumb\"},\"inLanguage\":\"de\",\"potentialAction\":[{\"@type\":\"ReadAction\",\"target\":[\"https:\\\/\\\/www.adhoc-translations.com\\\/de\\\/partner\\\/\"]}]},{\"@type\":\"BreadcrumbList\",\"@id\":\"https:\\\/\\\/www.adhoc-translations.com\\\/de\\\/partner\\\/#breadcrumb\",\"itemListElement\":[{\"@type\":\"ListItem\",\"position\":1,\"name\":\"Home\",\"item\":\"https:\\\/\\\/www.adhoc-translations.com\\\/de\\\/\"},{\"@type\":\"ListItem\",\"position\":2,\"name\":\"Partner\"}]},{\"@type\":\"WebSite\",\"@id\":\"https:\\\/\\\/www.adhoc-translations.com\\\/#website\",\"url\":\"https:\\\/\\\/www.adhoc-translations.com\\\/\",\"name\":\"AdHoc Translations\",\"description\":\"Global communication made easy\",\"publisher\":{\"@id\":\"https:\\\/\\\/www.adhoc-translations.com\\\/#organization\"},\"potentialAction\":[{\"@type\":\"SearchAction\",\"target\":{\"@type\":\"EntryPoint\",\"urlTemplate\":\"https:\\\/\\\/www.adhoc-translations.com\\\/?s={search_term_string}\"},\"query-input\":{\"@type\":\"PropertyValueSpecification\",\"valueRequired\":true,\"valueName\":\"search_term_string\"}}],\"inLanguage\":\"de\"},{\"@type\":\"Organization\",\"@id\":\"https:\\\/\\\/www.adhoc-translations.com\\\/#organization\",\"name\":\"AdHoc Translations\",\"url\":\"https:\\\/\\\/www.adhoc-translations.com\\\/\",\"logo\":{\"@type\":\"ImageObject\",\"inLanguage\":\"de\",\"@id\":\"https:\\\/\\\/www.adhoc-translations.com\\\/#\\\/schema\\\/logo\\\/image\\\/\",\"url\":\"https:\\\/\\\/www.adhoc-translations.com\\\/wp-content\\\/uploads\\\/2022\\\/08\\\/there-for-you.png\",\"contentUrl\":\"https:\\\/\\\/www.adhoc-translations.com\\\/wp-content\\\/uploads\\\/2022\\\/08\\\/there-for-you.png\",\"width\":1200,\"height\":1200,\"caption\":\"AdHoc Translations\"},\"image\":{\"@id\":\"https:\\\/\\\/www.adhoc-translations.com\\\/#\\\/schema\\\/logo\\\/image\\\/\"},\"sameAs\":[\"https:\\\/\\\/www.facebook.com\\\/AdHocTranslations\\\/\",\"https:\\\/\\\/x.com\\\/AdHoc_Language\",\"https:\\\/\\\/www.linkedin.com\\\/company\\\/ad-hoc-translations-a-s\\\/\",\"https:\\\/\\\/www.youtube.com\\\/channel\\\/UC6GxzaVOMxSFOqvl2ACKLuA\"]}]}<\/script>\n<!-- \/ Yoast SEO plugin. -->","yoast_head_json":{"title":"Unsere Kooperationspartner - Gemeinsam sind wir st\u00e4rker","description":"Dank AdHoc Translations Partnern bieten wir die Technologiel\u00f6sungen, die aktualisiert und innovativ sind. Lesen Sie hier mehr!","robots":{"index":"index","follow":"follow","max-snippet":"max-snippet:-1","max-image-preview":"max-image-preview:large","max-video-preview":"max-video-preview:-1"},"canonical":"https:\/\/www.adhoc-translations.com\/de\/partner\/","og_locale":"de_DE","og_type":"article","og_title":"Unsere Kooperationspartner - Gemeinsam sind wir st\u00e4rker","og_description":"Dank AdHoc Translations Partnern bieten wir die Technologiel\u00f6sungen, die aktualisiert und innovativ sind. Lesen Sie hier mehr!","og_url":"https:\/\/www.adhoc-translations.com\/de\/partner\/","og_site_name":"AdHoc Translations","article_publisher":"https:\/\/www.facebook.com\/AdHocTranslations\/","article_modified_time":"2019-12-17T10:54:22+00:00","twitter_card":"summary_large_image","twitter_site":"@AdHoc_Language","twitter_misc":{"Gesch\u00e4tzte Lesezeit":"6\u00a0Minuten"},"schema":{"@context":"https:\/\/schema.org","@graph":[{"@type":"WebPage","@id":"https:\/\/www.adhoc-translations.com\/de\/partner\/","url":"https:\/\/www.adhoc-translations.com\/de\/partner\/","name":"Unsere Kooperationspartner - Gemeinsam sind wir st\u00e4rker","isPartOf":{"@id":"https:\/\/www.adhoc-translations.com\/#website"},"datePublished":"2018-10-13T12:36:39+00:00","dateModified":"2019-12-17T10:54:22+00:00","description":"Dank AdHoc Translations Partnern bieten wir die Technologiel\u00f6sungen, die aktualisiert und innovativ sind. Lesen Sie hier mehr!","breadcrumb":{"@id":"https:\/\/www.adhoc-translations.com\/de\/partner\/#breadcrumb"},"inLanguage":"de","potentialAction":[{"@type":"ReadAction","target":["https:\/\/www.adhoc-translations.com\/de\/partner\/"]}]},{"@type":"BreadcrumbList","@id":"https:\/\/www.adhoc-translations.com\/de\/partner\/#breadcrumb","itemListElement":[{"@type":"ListItem","position":1,"name":"Home","item":"https:\/\/www.adhoc-translations.com\/de\/"},{"@type":"ListItem","position":2,"name":"Partner"}]},{"@type":"WebSite","@id":"https:\/\/www.adhoc-translations.com\/#website","url":"https:\/\/www.adhoc-translations.com\/","name":"AdHoc Translations","description":"Global communication made easy","publisher":{"@id":"https:\/\/www.adhoc-translations.com\/#organization"},"potentialAction":[{"@type":"SearchAction","target":{"@type":"EntryPoint","urlTemplate":"https:\/\/www.adhoc-translations.com\/?s={search_term_string}"},"query-input":{"@type":"PropertyValueSpecification","valueRequired":true,"valueName":"search_term_string"}}],"inLanguage":"de"},{"@type":"Organization","@id":"https:\/\/www.adhoc-translations.com\/#organization","name":"AdHoc Translations","url":"https:\/\/www.adhoc-translations.com\/","logo":{"@type":"ImageObject","inLanguage":"de","@id":"https:\/\/www.adhoc-translations.com\/#\/schema\/logo\/image\/","url":"https:\/\/www.adhoc-translations.com\/wp-content\/uploads\/2022\/08\/there-for-you.png","contentUrl":"https:\/\/www.adhoc-translations.com\/wp-content\/uploads\/2022\/08\/there-for-you.png","width":1200,"height":1200,"caption":"AdHoc Translations"},"image":{"@id":"https:\/\/www.adhoc-translations.com\/#\/schema\/logo\/image\/"},"sameAs":["https:\/\/www.facebook.com\/AdHocTranslations\/","https:\/\/x.com\/AdHoc_Language","https:\/\/www.linkedin.com\/company\/ad-hoc-translations-a-s\/","https:\/\/www.youtube.com\/channel\/UC6GxzaVOMxSFOqvl2ACKLuA"]}]}},"_links":{"self":[{"href":"https:\/\/www.adhoc-translations.com\/de\/wp-json\/wp\/v2\/pages\/12343","targetHints":{"allow":["GET"]}}],"collection":[{"href":"https:\/\/www.adhoc-translations.com\/de\/wp-json\/wp\/v2\/pages"}],"about":[{"href":"https:\/\/www.adhoc-translations.com\/de\/wp-json\/wp\/v2\/types\/page"}],"author":[{"embeddable":true,"href":"https:\/\/www.adhoc-translations.com\/de\/wp-json\/wp\/v2\/users\/898233"}],"replies":[{"embeddable":true,"href":"https:\/\/www.adhoc-translations.com\/de\/wp-json\/wp\/v2\/comments?post=12343"}],"version-history":[{"count":5,"href":"https:\/\/www.adhoc-translations.com\/de\/wp-json\/wp\/v2\/pages\/12343\/revisions"}],"predecessor-version":[{"id":30781,"href":"https:\/\/www.adhoc-translations.com\/de\/wp-json\/wp\/v2\/pages\/12343\/revisions\/30781"}],"wp:attachment":[{"href":"https:\/\/www.adhoc-translations.com\/de\/wp-json\/wp\/v2\/media?parent=12343"}],"curies":[{"name":"wp","href":"https:\/\/api.w.org\/{rel}","templated":true}]}}