{"id":43748,"date":"2024-12-13T10:06:48","date_gmt":"2024-12-13T09:06:48","guid":{"rendered":"https:\/\/www.adhoc-translations.com\/?page_id=43748"},"modified":"2024-12-13T10:10:48","modified_gmt":"2024-12-13T09:10:48","slug":"impressum","status":"publish","type":"page","link":"https:\/\/www.adhoc-translations.com\/de\/impressum\/","title":{"rendered":"Impressum"},"content":{"rendered":"<p>[et_pb_section fb_built=&#8220;1&#8243; module_class=&#8220;height-100&#8243; _builder_version=&#8220;4.16&#8243; background_image=&#8220;https:\/\/www.adhoc-translations.com\/wp-content\/uploads\/2016\/02\/adhoc-smartedit-2.jpg&#8220; transparent_background=&#8220;off&#8220; make_fullwidth=&#8220;off&#8220; use_custom_width=&#8220;off&#8220; width_unit=&#8220;on&#8220; global_colors_info=&#8220;{}&#8220;][et_pb_row module_class=&#8220;et_pb_animation_top et-animated et-waypoint&#8220; _builder_version=&#8220;4.16&#8243; background_size=&#8220;initial&#8220; background_position=&#8220;top_left&#8220; background_repeat=&#8220;repeat&#8220; make_fullwidth=&#8220;off&#8220; use_custom_width=&#8220;off&#8220; width_unit=&#8220;on&#8220; custom_width_px=&#8220;1080px&#8220; custom_width_percent=&#8220;80%&#8220; global_colors_info=&#8220;{}&#8220;][et_pb_column type=&#8220;4_4&#8243; _builder_version=&#8220;4.16&#8243; custom_padding=&#8220;|||&#8220; global_colors_info=&#8220;{}&#8220; custom_padding__hover=&#8220;|||&#8220;][et_pb_text _builder_version=&#8220;4.27.0&#8243; header_font_size=&#8220;40px&#8220; background_size=&#8220;initial&#8220; background_position=&#8220;top_left&#8220; background_repeat=&#8220;repeat&#8220; text_orientation=&#8220;center&#8220; background_layout=&#8220;dark&#8220; module_alignment=&#8220;center&#8220; hover_enabled=&#8220;0&#8243; use_border_color=&#8220;off&#8220; global_colors_info=&#8220;{}&#8220; sticky_enabled=&#8220;0&#8243;]<\/p>\n<h1>Impressum<\/h1>\n<p>[\/et_pb_text][\/et_pb_column][\/et_pb_row][\/et_pb_section][et_pb_section fb_built=&#8220;1&#8243; _builder_version=&#8220;4.16&#8243; background_color=&#8220;#f3f3f3&#8243; transparent_background=&#8220;off&#8220; make_fullwidth=&#8220;off&#8220; use_custom_width=&#8220;off&#8220; width_unit=&#8220;on&#8220; custom_width_px=&#8220;1080px&#8220; custom_width_percent=&#8220;80%&#8220; global_colors_info=&#8220;{}&#8220;][et_pb_row _builder_version=&#8220;4.16&#8243; background_color=&#8220;#ffffff&#8220; background_size=&#8220;initial&#8220; background_position=&#8220;top_left&#8220; background_repeat=&#8220;repeat&#8220; custom_padding=&#8220;30px|30px||30px&#8220; make_fullwidth=&#8220;off&#8220; use_custom_width=&#8220;off&#8220; width_unit=&#8220;off&#8220; custom_width_px=&#8220;1080px&#8220; custom_width_percent=&#8220;80%&#8220; global_colors_info=&#8220;{}&#8220;][et_pb_column type=&#8220;4_4&#8243; _builder_version=&#8220;4.16&#8243; custom_padding=&#8220;|||&#8220; global_colors_info=&#8220;{}&#8220; custom_padding__hover=&#8220;|||&#8220;][et_pb_text _builder_version=&#8220;4.27.0&#8243; hover_enabled=&#8220;0&#8243; z_index_tablet=&#8220;500&#8243; global_colors_info=&#8220;{}&#8220; sticky_enabled=&#8220;0&#8243;]<\/p>\n<h2>AdHoc Translations GmbH<\/h2>\n<p>Moosacher Str. 82a, <br \/>80809 M\u00fcnchen:<\/p>\n<h3><\/h3>\n<h3>Gesch\u00e4ftsf\u00fchrung<\/h3>\n<p>Kenneth Loberg<\/p>\n<p>Tobias Wiesner<\/p>\n<h3><\/h3>\n<h3>Kontakt<\/h3>\n<p>Telefon:\u00a0+49 89 206 0936054<br \/>E-Mail:\u00a0info@adhoc-translations.com<\/p>\n<h3><\/h3>\n<h3>Eintrag ins Handelsregister<\/h3>\n<p>Gesellschaft mit beschr\u00e4nkter Haftung<br \/>HRB-Nr.: 227349<br \/>Amtsgericht M\u00fcnchen<\/p>\n<h3><\/h3>\n<h3>Umsatzsteuer-ID:<\/h3>\n<p>Umsatzsteuer-Identifikationsnummer<br \/>gem\u00e4\u00df \u00a727 a Umsatzsteuergesetz:<br \/>DE307771429<\/p>\n<h3><\/h3>\n<h3>Verantwortlich f\u00fcr den Inhalt dieser Seiten:<\/h3>\n<p>Kenneth Loberg<\/p>\n<h2><\/h2>\n<h3>Design &amp; Programmierung:<\/h3>\n<p>Kenneth Loberg<\/p>\n<h2><\/h2>\n<h3>Betrieblicher Datenschutzbeauftragter gem\u00e4\u00df DSGVO:<\/h3>\n<p>Laura-Marie Biron<\/p>\n<p>[\/et_pb_text][\/et_pb_column][\/et_pb_row][\/et_pb_section]<\/p>\n","protected":false},"excerpt":{"rendered":"<p>ImpressumAdHoc Translations GmbH Moosacher Str. 82a, 80809 M\u00fcnchen: Gesch\u00e4ftsf\u00fchrung Kenneth Loberg Tobias Wiesner Kontakt Telefon:\u00a0+49 89 206 0936054E-Mail:\u00a0info@adhoc-translations.com Eintrag ins Handelsregister Gesellschaft mit beschr\u00e4nkter HaftungHRB-Nr.: 227349Amtsgericht M\u00fcnchen Umsatzsteuer-ID: Umsatzsteuer-Identifikationsnummergem\u00e4\u00df \u00a727 [&hellip;]<\/p>\n","protected":false},"author":898242,"featured_media":0,"parent":0,"menu_order":0,"comment_status":"closed","ping_status":"closed","template":"","meta":{"_et_pb_use_builder":"on","_et_pb_old_content":"","_et_gb_content_width":"","footnotes":""},"class_list":["post-43748","page","type-page","status-publish","hentry"],"yoast_head":"<!-- This site is optimized with the Yoast SEO plugin v27.3 - https:\/\/yoast.com\/product\/yoast-seo-wordpress\/ -->\n<title>Datenschutzrichtlinien | AdHoc Translations<\/title>\n<meta name=\"description\" content=\"Die korrekte und sichere Verwahrung Ihrer Daten liegt uns sehr am Herzen hier bei AdHoc Translations. Lesen Sie hier mehr \u00fcber unsere Richtlinien!\" \/>\n<meta name=\"robots\" content=\"index, follow, max-snippet:-1, max-image-preview:large, max-video-preview:-1\" \/>\n<link rel=\"canonical\" href=\"https:\/\/www.adhoc-translations.com\/de\/impressum\/\" \/>\n<meta property=\"og:locale\" content=\"de_DE\" \/>\n<meta property=\"og:type\" content=\"article\" \/>\n<meta property=\"og:title\" content=\"Datenschutzrichtlinien | AdHoc Translations\" \/>\n<meta property=\"og:description\" content=\"Die korrekte und sichere Verwahrung Ihrer Daten liegt uns sehr am Herzen hier bei AdHoc Translations. Lesen Sie hier mehr \u00fcber unsere Richtlinien!\" \/>\n<meta property=\"og:url\" content=\"https:\/\/www.adhoc-translations.com\/de\/impressum\/\" \/>\n<meta property=\"og:site_name\" content=\"AdHoc Translations\" \/>\n<meta property=\"article:publisher\" content=\"https:\/\/www.facebook.com\/AdHocTranslations\/\" \/>\n<meta property=\"article:modified_time\" content=\"2024-12-13T09:10:48+00:00\" \/>\n<meta name=\"twitter:card\" content=\"summary_large_image\" \/>\n<meta name=\"twitter:site\" content=\"@AdHoc_Language\" \/>\n<meta name=\"twitter:label1\" content=\"Gesch\u00e4tzte Lesezeit\" \/>\n\t<meta name=\"twitter:data1\" content=\"5\u00a0Minuten\" \/>\n<script type=\"application\/ld+json\" class=\"yoast-schema-graph\">{\"@context\":\"https:\\\/\\\/schema.org\",\"@graph\":[{\"@type\":\"WebPage\",\"@id\":\"https:\\\/\\\/www.adhoc-translations.com\\\/de\\\/impressum\\\/\",\"url\":\"https:\\\/\\\/www.adhoc-translations.com\\\/de\\\/impressum\\\/\",\"name\":\"Datenschutzrichtlinien | AdHoc Translations\",\"isPartOf\":{\"@id\":\"https:\\\/\\\/www.adhoc-translations.com\\\/#website\"},\"datePublished\":\"2024-12-13T09:06:48+00:00\",\"dateModified\":\"2024-12-13T09:10:48+00:00\",\"description\":\"Die korrekte und sichere Verwahrung Ihrer Daten liegt uns sehr am Herzen hier bei AdHoc Translations. Lesen Sie hier mehr \u00fcber unsere Richtlinien!\",\"breadcrumb\":{\"@id\":\"https:\\\/\\\/www.adhoc-translations.com\\\/de\\\/impressum\\\/#breadcrumb\"},\"inLanguage\":\"de\",\"potentialAction\":[{\"@type\":\"ReadAction\",\"target\":[\"https:\\\/\\\/www.adhoc-translations.com\\\/de\\\/impressum\\\/\"]}]},{\"@type\":\"BreadcrumbList\",\"@id\":\"https:\\\/\\\/www.adhoc-translations.com\\\/de\\\/impressum\\\/#breadcrumb\",\"itemListElement\":[{\"@type\":\"ListItem\",\"position\":1,\"name\":\"Home\",\"item\":\"https:\\\/\\\/www.adhoc-translations.com\\\/de\\\/\"},{\"@type\":\"ListItem\",\"position\":2,\"name\":\"Impressum\"}]},{\"@type\":\"WebSite\",\"@id\":\"https:\\\/\\\/www.adhoc-translations.com\\\/#website\",\"url\":\"https:\\\/\\\/www.adhoc-translations.com\\\/\",\"name\":\"AdHoc Translations\",\"description\":\"Global communication made easy\",\"publisher\":{\"@id\":\"https:\\\/\\\/www.adhoc-translations.com\\\/#organization\"},\"potentialAction\":[{\"@type\":\"SearchAction\",\"target\":{\"@type\":\"EntryPoint\",\"urlTemplate\":\"https:\\\/\\\/www.adhoc-translations.com\\\/?s={search_term_string}\"},\"query-input\":{\"@type\":\"PropertyValueSpecification\",\"valueRequired\":true,\"valueName\":\"search_term_string\"}}],\"inLanguage\":\"de\"},{\"@type\":\"Organization\",\"@id\":\"https:\\\/\\\/www.adhoc-translations.com\\\/#organization\",\"name\":\"AdHoc Translations\",\"url\":\"https:\\\/\\\/www.adhoc-translations.com\\\/\",\"logo\":{\"@type\":\"ImageObject\",\"inLanguage\":\"de\",\"@id\":\"https:\\\/\\\/www.adhoc-translations.com\\\/#\\\/schema\\\/logo\\\/image\\\/\",\"url\":\"https:\\\/\\\/www.adhoc-translations.com\\\/wp-content\\\/uploads\\\/2022\\\/08\\\/there-for-you.png\",\"contentUrl\":\"https:\\\/\\\/www.adhoc-translations.com\\\/wp-content\\\/uploads\\\/2022\\\/08\\\/there-for-you.png\",\"width\":1200,\"height\":1200,\"caption\":\"AdHoc Translations\"},\"image\":{\"@id\":\"https:\\\/\\\/www.adhoc-translations.com\\\/#\\\/schema\\\/logo\\\/image\\\/\"},\"sameAs\":[\"https:\\\/\\\/www.facebook.com\\\/AdHocTranslations\\\/\",\"https:\\\/\\\/x.com\\\/AdHoc_Language\",\"https:\\\/\\\/www.linkedin.com\\\/company\\\/ad-hoc-translations-a-s\\\/\",\"https:\\\/\\\/www.youtube.com\\\/channel\\\/UC6GxzaVOMxSFOqvl2ACKLuA\"]}]}<\/script>\n<!-- \/ Yoast SEO plugin. -->","yoast_head_json":{"title":"Datenschutzrichtlinien | AdHoc Translations","description":"Die korrekte und sichere Verwahrung Ihrer Daten liegt uns sehr am Herzen hier bei AdHoc Translations. Lesen Sie hier mehr \u00fcber unsere Richtlinien!","robots":{"index":"index","follow":"follow","max-snippet":"max-snippet:-1","max-image-preview":"max-image-preview:large","max-video-preview":"max-video-preview:-1"},"canonical":"https:\/\/www.adhoc-translations.com\/de\/impressum\/","og_locale":"de_DE","og_type":"article","og_title":"Datenschutzrichtlinien | AdHoc Translations","og_description":"Die korrekte und sichere Verwahrung Ihrer Daten liegt uns sehr am Herzen hier bei AdHoc Translations. Lesen Sie hier mehr \u00fcber unsere Richtlinien!","og_url":"https:\/\/www.adhoc-translations.com\/de\/impressum\/","og_site_name":"AdHoc Translations","article_publisher":"https:\/\/www.facebook.com\/AdHocTranslations\/","article_modified_time":"2024-12-13T09:10:48+00:00","twitter_card":"summary_large_image","twitter_site":"@AdHoc_Language","twitter_misc":{"Gesch\u00e4tzte Lesezeit":"5\u00a0Minuten"},"schema":{"@context":"https:\/\/schema.org","@graph":[{"@type":"WebPage","@id":"https:\/\/www.adhoc-translations.com\/de\/impressum\/","url":"https:\/\/www.adhoc-translations.com\/de\/impressum\/","name":"Datenschutzrichtlinien | AdHoc Translations","isPartOf":{"@id":"https:\/\/www.adhoc-translations.com\/#website"},"datePublished":"2024-12-13T09:06:48+00:00","dateModified":"2024-12-13T09:10:48+00:00","description":"Die korrekte und sichere Verwahrung Ihrer Daten liegt uns sehr am Herzen hier bei AdHoc Translations. Lesen Sie hier mehr \u00fcber unsere Richtlinien!","breadcrumb":{"@id":"https:\/\/www.adhoc-translations.com\/de\/impressum\/#breadcrumb"},"inLanguage":"de","potentialAction":[{"@type":"ReadAction","target":["https:\/\/www.adhoc-translations.com\/de\/impressum\/"]}]},{"@type":"BreadcrumbList","@id":"https:\/\/www.adhoc-translations.com\/de\/impressum\/#breadcrumb","itemListElement":[{"@type":"ListItem","position":1,"name":"Home","item":"https:\/\/www.adhoc-translations.com\/de\/"},{"@type":"ListItem","position":2,"name":"Impressum"}]},{"@type":"WebSite","@id":"https:\/\/www.adhoc-translations.com\/#website","url":"https:\/\/www.adhoc-translations.com\/","name":"AdHoc Translations","description":"Global communication made easy","publisher":{"@id":"https:\/\/www.adhoc-translations.com\/#organization"},"potentialAction":[{"@type":"SearchAction","target":{"@type":"EntryPoint","urlTemplate":"https:\/\/www.adhoc-translations.com\/?s={search_term_string}"},"query-input":{"@type":"PropertyValueSpecification","valueRequired":true,"valueName":"search_term_string"}}],"inLanguage":"de"},{"@type":"Organization","@id":"https:\/\/www.adhoc-translations.com\/#organization","name":"AdHoc Translations","url":"https:\/\/www.adhoc-translations.com\/","logo":{"@type":"ImageObject","inLanguage":"de","@id":"https:\/\/www.adhoc-translations.com\/#\/schema\/logo\/image\/","url":"https:\/\/www.adhoc-translations.com\/wp-content\/uploads\/2022\/08\/there-for-you.png","contentUrl":"https:\/\/www.adhoc-translations.com\/wp-content\/uploads\/2022\/08\/there-for-you.png","width":1200,"height":1200,"caption":"AdHoc Translations"},"image":{"@id":"https:\/\/www.adhoc-translations.com\/#\/schema\/logo\/image\/"},"sameAs":["https:\/\/www.facebook.com\/AdHocTranslations\/","https:\/\/x.com\/AdHoc_Language","https:\/\/www.linkedin.com\/company\/ad-hoc-translations-a-s\/","https:\/\/www.youtube.com\/channel\/UC6GxzaVOMxSFOqvl2ACKLuA"]}]}},"_links":{"self":[{"href":"https:\/\/www.adhoc-translations.com\/de\/wp-json\/wp\/v2\/pages\/43748","targetHints":{"allow":["GET"]}}],"collection":[{"href":"https:\/\/www.adhoc-translations.com\/de\/wp-json\/wp\/v2\/pages"}],"about":[{"href":"https:\/\/www.adhoc-translations.com\/de\/wp-json\/wp\/v2\/types\/page"}],"author":[{"embeddable":true,"href":"https:\/\/www.adhoc-translations.com\/de\/wp-json\/wp\/v2\/users\/898242"}],"replies":[{"embeddable":true,"href":"https:\/\/www.adhoc-translations.com\/de\/wp-json\/wp\/v2\/comments?post=43748"}],"version-history":[{"count":3,"href":"https:\/\/www.adhoc-translations.com\/de\/wp-json\/wp\/v2\/pages\/43748\/revisions"}],"predecessor-version":[{"id":43757,"href":"https:\/\/www.adhoc-translations.com\/de\/wp-json\/wp\/v2\/pages\/43748\/revisions\/43757"}],"wp:attachment":[{"href":"https:\/\/www.adhoc-translations.com\/de\/wp-json\/wp\/v2\/media?parent=43748"}],"curies":[{"name":"wp","href":"https:\/\/api.w.org\/{rel}","templated":true}]}}