{"id":12461,"date":"2018-10-13T14:41:41","date_gmt":"2018-10-13T12:41:41","guid":{"rendered":"https:\/\/www.adhoc-translations.com\/politique-de-confidentialite\/"},"modified":"2020-03-09T09:04:40","modified_gmt":"2020-03-09T08:04:40","slug":"politica-de-privacidad","status":"publish","type":"page","link":"https:\/\/www.adhoc-translations.com\/es\/politica-de-privacidad\/","title":{"rendered":"Pol\u00edtica de Privacidad"},"content":{"rendered":"<p>[et_pb_section fb_built=\u00bb1&#8243; admin_label=\u00bbSektion\u00bb module_class=\u00bbheight-100&#8243; _builder_version=\u00bb3.22&#8243; background_image=\u00bbhttps:\/\/www.adhoc-translations.com\/wp-content\/uploads\/2016\/02\/adhoc-smartedit-2.jpg\u00bb transparent_background=\u00bboff\u00bb make_fullwidth=\u00bboff\u00bb use_custom_width=\u00bboff\u00bb width_unit=\u00bbon\u00bb][et_pb_row admin_label=\u00bbR\u00e6kke\u00bb module_class=\u00bbet_pb_animation_top et-animated et-waypoint\u00bb _builder_version=\u00bb3.25&#8243; background_size=\u00bbinitial\u00bb background_position=\u00bbtop_left\u00bb background_repeat=\u00bbrepeat\u00bb make_fullwidth=\u00bboff\u00bb use_custom_width=\u00bboff\u00bb width_unit=\u00bbon\u00bb custom_width_px=\u00bb1080px\u00bb custom_width_percent=\u00bb80%\u00bb][et_pb_column type=\u00bb4_4&#8243; _builder_version=\u00bb3.25&#8243; custom_padding=\u00bb|||\u00bb custom_padding__hover=\u00bb|||\u00bb][et_pb_text admin_label=\u00bbTekst\u00bb _builder_version=\u00bb3.27.4&#8243; header_font_size=\u00bb40px\u00bb background_size=\u00bbinitial\u00bb background_position=\u00bbtop_left\u00bb background_repeat=\u00bbrepeat\u00bb text_orientation=\u00bbcenter\u00bb background_layout=\u00bbdark\u00bb module_alignment=\u00bbcenter\u00bb use_border_color=\u00bboff\u00bb]<\/p>\n<h1>Pol\u00edtica de privacidad y cookies &#8211; www.adhoc-translations.com<\/h1>\n<p>[\/et_pb_text][\/et_pb_column][\/et_pb_row][et_pb_row disabled_on=\u00bbon||\u00bb admin_label=\u00bbR\u00e6kke\u00bb module_id=\u00bbpunkter-desktop\u00bb module_class=\u00bbet_pb_animation_top et-animated et-waypoint landing-images\u00bb _builder_version=\u00bb3.25&#8243; background_size=\u00bbinitial\u00bb background_position=\u00bbtop_left\u00bb background_repeat=\u00bbrepeat\u00bb make_fullwidth=\u00bboff\u00bb use_custom_width=\u00bboff\u00bb width_unit=\u00bboff\u00bb custom_width_px=\u00bb1080px\u00bb custom_width_percent=\u00bb100%\u00bb][et_pb_column type=\u00bb4_4&#8243; _builder_version=\u00bb3.25&#8243; custom_padding=\u00bb|||\u00bb custom_padding__hover=\u00bb|||\u00bb][et_pb_text admin_label=\u00bbTekst\u00bb _builder_version=\u00bb3.27.4&#8243; background_size=\u00bbinitial\u00bb background_position=\u00bbtop_left\u00bb background_repeat=\u00bbrepeat\u00bb text_orientation=\u00bbcenter\u00bb background_layout=\u00bbdark\u00bb module_alignment=\u00bbcenter\u00bb use_border_color=\u00bboff\u00bb]<\/p>\n<h2 style=\"text-align: center;\">Introducci\u00f3n<\/h2>\n<p style=\"text-align: center;\">Al visitar nuestro sitio web, se recopilan determinados datos relacionados con usted con el fin de adaptar y mejorar nuestros contenidos, as\u00ed como optimizar su experiencia del mismo. A continuaci\u00f3n, se detallan los datos que se recopilan, su finalidad y la identidad de los terceros que tienen acceso a ellos.<\/p>\n<p>[\/et_pb_text][\/et_pb_column][\/et_pb_row][\/et_pb_section][et_pb_section fb_built=\u00bb1&#8243; admin_label=\u00bbSektion\u00bb _builder_version=\u00bb3.22&#8243; background_color=\u00bb#f3f3f3&#8243; transparent_background=\u00bboff\u00bb make_fullwidth=\u00bboff\u00bb use_custom_width=\u00bboff\u00bb width_unit=\u00bbon\u00bb custom_width_px=\u00bb1080px\u00bb custom_width_percent=\u00bb80%\u00bb][et_pb_row admin_label=\u00bbR\u00e6kke\u00bb _builder_version=\u00bb3.25&#8243; background_color=\u00bb#ffffff\u00bb background_size=\u00bbinitial\u00bb background_position=\u00bbtop_left\u00bb background_repeat=\u00bbrepeat\u00bb custom_padding=\u00bb30px|30px||30px\u00bb make_fullwidth=\u00bboff\u00bb use_custom_width=\u00bboff\u00bb width_unit=\u00bboff\u00bb custom_width_px=\u00bb1080px\u00bb custom_width_percent=\u00bb80%\u00bb][et_pb_column type=\u00bb4_4&#8243; _builder_version=\u00bb3.25&#8243; custom_padding=\u00bb|||\u00bb custom_padding__hover=\u00bb|||\u00bb][et_pb_text _builder_version=\u00bb4.3.4&#8243; hover_enabled=\u00bb0&#8243; z_index_tablet=\u00bb500&#8243;]<\/p>\n<h2>Cookies<\/h2>\n<p>Nuestro sitio web utiliza <em>cookies<\/em>, es decir, archivos de texto que se almacenan en su navegador (Internet Explorer, Firefox, Chrome, Safari, Opera, etc.) y permiten registrarle como usuario \u00fanico. Las <em>cookies<\/em> facilitan el uso de Internet, ya que gracias a ellas no es necesario empezar de nuevo cada vez. En otras palabras, el sitio web utiliza <em>cookies <\/em>para recordar informaci\u00f3n relacionada con sus preferencias. Las <em>cookies<\/em> no pueden contener c\u00f3digo da\u00f1ino (virus).<\/p>\n<p>Si no desea recibir <em>cookies<\/em>, puede bloquearlas todas, eliminar las que haya en su disco duro u optar por recibir una advertencia antes de que se proceda a guardar una. <a href=\"https:\/\/cookiepedia.co.uk\/how-to-manage-cookies\">Haga clic aqu\u00ed<\/a> para obtener m\u00e1s informaci\u00f3n sobre la configuraci\u00f3n de las <em>cookies <\/em>en su navegador\/<em>smartphone.<\/em><\/p>\n<p>En conjunci\u00f3n con proveedores externos como Facebook, Twitter, LinkedIn o Google, utilizamos <em>cookies <\/em>de origen (<em>cookies <\/em>de Google Analytics) para optimizar la experiencia del usuario en el sitio web y <em>cookies <\/em>de terceros (como las <em>cookies <\/em>de DoubleClick) para afinar nuestras acciones publicitarias (mediante el remarketing). P\u00f3ngase en contacto con nosotros si desea consultar el listado completo de las <em>cookies <\/em>de terceros que utilizamos.<\/p>\n<p><button id=\"ot-sdk-btn\" class=\"ot-sdk-show-settings\">Configuraci\u00f3n de cookies<\/button><\/p>\n<div id=\"ot-sdk-cookie-policy\"><\/div>\n<h2>Datos personales<\/h2>\n<h3>\u00bfCu\u00e1ndo recopilamos sus datos personales?<\/h3>\n<p>Los datos personales se componen de informaci\u00f3n de todo tipo que puede, hasta cierto punto, atribuirse a usted. Al utilizar nuestro sitio web, procedemos a recopilar y tratar un n\u00famero determinado de estos datos. Este proceso tiene lugar al consultar nuestros contenidos, suscribirse a nuestra <em>newsletter<\/em>, rellenar un formulario, utilizar el chat en vivo o introducir sus datos en nuestro sitio web.<\/p>\n<p>Por lo general, recopilamos y tratamos los siguientes tipos de datos: el identificador \u00fanico y datos t\u00e9cnicos de su ordenador, tableta o tel\u00e9fono m\u00f3vil, su n\u00famero de IP, informaci\u00f3n geogr\u00e1fica y datos sobre los sitios web en los que hace clic (sus intereses). Siempre que d\u00e9 su consentimiento expl\u00edcito e introduzca personalmente los datos, tambi\u00e9n se tratar\u00e1n los correspondientes a su nombre, n\u00famero de tel\u00e9fono y correo electr\u00f3nico. La recogida de estos datos suele tener lugar tras el env\u00edo de un formulario en el sitio web.<\/p>\n<h3>\u00bfQu\u00e9 hacemos con sus datos?<\/h3>\n<p>Sus datos se tratan con los siguientes fines:<\/p>\n<ul>\n<li>Personalizar su experiencia en el sitio web para mostrarle contenidos y ofertas de productos que coincidan con sus intereses.<\/li>\n<li>Optimizar nuestro sitio web para mejorar la experiencia de la que disfruta en \u00e9l.<\/li>\n<li>Enviarle ofertas relacionadas con el servicio que haya solicitado.<\/li>\n<li>Gestionar concursos, ofertas, encuestas u otras funciones.<\/li>\n<li>Enviar correos electr\u00f3nicos peri\u00f3dicos (<em>newsletters<\/em>) relacionados con su pedido u otros productos y servicios.<\/li>\n<li>Realizar un seguimiento de la correspondencia (chat en vivo, correos electr\u00f3nicos, consultas telef\u00f3nicas) con el fin de poder ofrecerle el servicio solicitado por usted.<\/li>\n<\/ul>\n<h3>\u00bfC\u00f3mo protegemos sus datos?<\/h3>\n<p>Nuestro sitio web se analiza a diario en busca de <em>malware<\/em> con el fin de eliminar las brechas de seguridad y permitirle disfrutar de una visita segura.<\/p>\n<p>Hemos implementado diversas t\u00e9cnicas y medidas organizativas para evitar la eliminaci\u00f3n, publicaci\u00f3n, p\u00e9rdida y alteraci\u00f3n accidental o il\u00edcita de sus datos, as\u00ed como su divulgaci\u00f3n a terceros, su uso indebido y cualquier otro tratamiento contrario a lo estipulado por la legislaci\u00f3n vigente.<\/p>\n<p>La conservaci\u00f3n de sus datos personales se lleva a cabo de forma segura y confidencial. Sus datos personales se guardan en equipos con acceso restringido situados en instalaciones vigiladas, mientras que las medidas de seguridad implementadas se eval\u00faan de forma constante para asegurarnos de que los datos de nuestros usuarios se traten siempre adecuadamente y de conformidad con sus derechos. Tan solo un n\u00famero limitado de personas, obligadas a la debida discreci\u00f3n por acuerdos de confidencialidad, tiene acceso a estos sistemas y a la informaci\u00f3n que contienen. Todos los datos confidenciales que nos proporcione ser\u00e1n cifrados mediante tecnolog\u00eda SSL (capa de <em>sockets <\/em>seguros).<\/p>\n<h3>\u00bfDurante cu\u00e1nto tiempo guardamos sus datos?<\/h3>\n<p>Los datos se conservan durante el plazo de tiempo permitido por la legislaci\u00f3n vigente, y se eliminan cuando dejan de ser necesarios. El plazo depende de la naturaleza de los datos y del motivo de su conservaci\u00f3n, por lo que no se puede indicar una fecha gen\u00e9rica para la eliminaci\u00f3n de los datos. Las <em>cookies<\/em> se eliminan autom\u00e1ticamente transcurrido un determinado n\u00famero de meses (el n\u00famero puede variar), pero se renuevan despu\u00e9s de cada visita.<\/p>\n<p>Si acepta la recepci\u00f3n de correos electr\u00f3nicos con <em>newsletters <\/em>y ofertas, conservaremos sus datos y la direcci\u00f3n de su correo electr\u00f3nico hasta que dejen de ser necesarios. En la pr\u00e1ctica, esto se traduce en la conservaci\u00f3n de sus datos hasta que nos notifique que no desea seguir recibiendo nuestros correos electr\u00f3nicos. Tiene derecho a retirar su consentimiento en cualquier momento. Para ello, solo tiene que hacer clic en el enlace que encontrar\u00e1 en la parte inferior de nuestros correos electr\u00f3nicos o ponerse en contacto con nosotros para comunicarnos su decisi\u00f3n (consulte los datos de contacto al final de este apartado).<\/p>\n<h3>\u00bfCon qui\u00e9n compartimos sus datos personales?<\/h3>\n<p>Sus datos personales son tratados de forma confidencial. Esto significa que no vendemos ni divulgamos datos a terceros, a menos que as\u00ed lo acepte expl\u00edcitamente cada usuario.<\/p>\n<p>Utilizamos servicios de apoyo suministrados por terceros para procesos como el mantenimiento, el an\u00e1lisis, el env\u00edo de correos electr\u00f3nicos o la gesti\u00f3n de transacciones de pago. Los terceros contratados \u00fanicamente procesan los datos en nuestro nombre, sin derecho a utilizarlos para sus propios fines. Tomamos las medidas necesarias para garantizar que estos proveedores externos protejan sus datos debidamente.<\/p>\n<p>Solo trabajamos con procesadores de datos que se encuentren en la UE o en pa\u00edses capaces de ofrecer la protecci\u00f3n adecuada.<\/p>\n<p>Asimismo, con el fin de garantizar la protecci\u00f3n de sus datos, firmamos acuerdos de confidencialidad con los procesadores de datos con los que trabajamos.<\/p>\n<h3>Acceso y reclamaciones<\/h3>\n<p>Tiene derecho a conocer los datos personales relacionados con usted de los que disponemos. Tambi\u00e9n tiene derecho a oponerse al uso de dichos datos en cualquier momento. Asimismo, puede retirar su consentimiento al tratamiento de los datos relacionados con usted siempre que lo desee. En caso de que los datos relacionados con usted sean incorrectos, tiene derecho a solicitar su rectificaci\u00f3n o eliminaci\u00f3n. Para ello, solo tiene que ponerse en contacto con nosotros a trav\u00e9s de la siguiente direcci\u00f3n de correo electr\u00f3nico: <a href=\"mailto:info@adhoc-translations.com\">info@adhoc-translations.com<\/a>.<\/p>\n<p>Si desea presentar una reclamaci\u00f3n por el tratamiento de sus datos personales, tambi\u00e9n puede ponerse en contacto con <a href=\"https:\/\/www.datatilsynet.dk\/english\/\">Datatilsynet (agencia danesa para la protecci\u00f3n de datos)<\/a>.<\/p>\n<h3>Editor<\/h3>\n<p>Titular y editor de este sitio web:<\/p>\n<p>AdHoc Translations<\/p>\n<p>Skelb\u00e6kgade 2, 5.<\/p>\n<p>1717 Copenhague V<\/p>\n<p>Dinamarca<\/p>\n<p><a href=\"mailto:info@adhoc-translations.com\">info@adhoc-translations.com<\/a><\/p>\n<p>+45 3391 0919<strong>\u00a0<\/strong><\/p>\n<h3>Contacto<\/h3>\n<p>No dude en ponerse en contacto con nosotros si desea realizar alguna consulta relacionada con nuestros datos de contacto o con el tratamiento de sus datos personales.<\/p>\n<p>AdHoc Translations<\/p>\n<p>Skelb\u00e6kgade 2, 5.<\/p>\n<p>1717 Copenhague V<\/p>\n<p>Dinamarca<\/p>\n<p><a href=\"mailto:info@adhoc-translations.com\">info@adhoc-translations.com<\/a><\/p>\n<p>+45 3391 0919<\/p>\n<p>\u00daltima actualizaci\u00f3n: 19 de mayo de 2018[\/et_pb_text][\/et_pb_column][\/et_pb_row][\/et_pb_section]<\/p>\n","protected":false},"excerpt":{"rendered":"<p>Pol\u00edtica de privacidad y cookies &#8211; www.adhoc-translations.com Introducci\u00f3n Al visitar nuestro sitio web, se recopilan determinados datos relacionados con usted con el fin de adaptar y mejorar nuestros contenidos, as\u00ed [&hellip;]<\/p>\n","protected":false},"author":898233,"featured_media":0,"parent":0,"menu_order":0,"comment_status":"closed","ping_status":"closed","template":"","meta":{"_et_pb_use_builder":"on","_et_pb_old_content":"","_et_gb_content_width":"","footnotes":""},"class_list":["post-12461","page","type-page","status-publish","hentry"],"yoast_head":"<!-- This site is optimized with the Yoast SEO plugin v27.4 - https:\/\/yoast.com\/product\/yoast-seo-wordpress\/ -->\n<title>Inf\u00f3rmese aqu\u00ed sobre nuestra pol\u00edtica de privacidad<\/title>\n<meta name=\"description\" content=\"Al visitar nuestro sitio web, recopilamos informaci\u00f3n sobre usted que se utiliza para personalizar y mejorar nuestro contenido. Lea m\u00e1s aqu\u00ed.\" \/>\n<meta name=\"robots\" content=\"index, follow, max-snippet:-1, max-image-preview:large, max-video-preview:-1\" \/>\n<link rel=\"canonical\" href=\"https:\/\/www.adhoc-translations.com\/es\/politica-de-privacidad\/\" \/>\n<meta property=\"og:locale\" content=\"es_ES\" \/>\n<meta property=\"og:type\" content=\"article\" \/>\n<meta property=\"og:title\" content=\"Inf\u00f3rmese aqu\u00ed sobre nuestra pol\u00edtica de privacidad\" \/>\n<meta property=\"og:description\" content=\"Al visitar nuestro sitio web, recopilamos informaci\u00f3n sobre usted que se utiliza para personalizar y mejorar nuestro contenido. Lea m\u00e1s aqu\u00ed.\" \/>\n<meta property=\"og:url\" content=\"https:\/\/www.adhoc-translations.com\/es\/politica-de-privacidad\/\" \/>\n<meta property=\"og:site_name\" content=\"AdHoc Translations\" \/>\n<meta property=\"article:publisher\" content=\"https:\/\/www.facebook.com\/AdHocTranslations\/\" \/>\n<meta property=\"article:modified_time\" content=\"2020-03-09T08:04:40+00:00\" \/>\n<meta name=\"twitter:card\" content=\"summary_large_image\" \/>\n<meta name=\"twitter:site\" content=\"@AdHoc_Language\" \/>\n<meta name=\"twitter:label1\" content=\"Tiempo de lectura\" \/>\n\t<meta name=\"twitter:data1\" content=\"8 minutos\" \/>\n<script type=\"application\/ld+json\" class=\"yoast-schema-graph\">{\"@context\":\"https:\\\/\\\/schema.org\",\"@graph\":[{\"@type\":\"WebPage\",\"@id\":\"https:\\\/\\\/www.adhoc-translations.com\\\/es\\\/politica-de-privacidad\\\/\",\"url\":\"https:\\\/\\\/www.adhoc-translations.com\\\/es\\\/politica-de-privacidad\\\/\",\"name\":\"Inf\u00f3rmese aqu\u00ed sobre nuestra pol\u00edtica de privacidad\",\"isPartOf\":{\"@id\":\"https:\\\/\\\/www.adhoc-translations.com\\\/#website\"},\"datePublished\":\"2018-10-13T12:41:41+00:00\",\"dateModified\":\"2020-03-09T08:04:40+00:00\",\"description\":\"Al visitar nuestro sitio web, recopilamos informaci\u00f3n sobre usted que se utiliza para personalizar y mejorar nuestro contenido. Lea m\u00e1s aqu\u00ed.\",\"breadcrumb\":{\"@id\":\"https:\\\/\\\/www.adhoc-translations.com\\\/es\\\/politica-de-privacidad\\\/#breadcrumb\"},\"inLanguage\":\"es\",\"potentialAction\":[{\"@type\":\"ReadAction\",\"target\":[\"https:\\\/\\\/www.adhoc-translations.com\\\/es\\\/politica-de-privacidad\\\/\"]}]},{\"@type\":\"BreadcrumbList\",\"@id\":\"https:\\\/\\\/www.adhoc-translations.com\\\/es\\\/politica-de-privacidad\\\/#breadcrumb\",\"itemListElement\":[{\"@type\":\"ListItem\",\"position\":1,\"name\":\"Home\",\"item\":\"https:\\\/\\\/www.adhoc-translations.com\\\/es\\\/pagina-de-inicio\\\/\"},{\"@type\":\"ListItem\",\"position\":2,\"name\":\"Pol\u00edtica de Privacidad\"}]},{\"@type\":\"WebSite\",\"@id\":\"https:\\\/\\\/www.adhoc-translations.com\\\/#website\",\"url\":\"https:\\\/\\\/www.adhoc-translations.com\\\/\",\"name\":\"AdHoc Translations\",\"description\":\"Global communication made easy\",\"publisher\":{\"@id\":\"https:\\\/\\\/www.adhoc-translations.com\\\/#organization\"},\"potentialAction\":[{\"@type\":\"SearchAction\",\"target\":{\"@type\":\"EntryPoint\",\"urlTemplate\":\"https:\\\/\\\/www.adhoc-translations.com\\\/?s={search_term_string}\"},\"query-input\":{\"@type\":\"PropertyValueSpecification\",\"valueRequired\":true,\"valueName\":\"search_term_string\"}}],\"inLanguage\":\"es\"},{\"@type\":\"Organization\",\"@id\":\"https:\\\/\\\/www.adhoc-translations.com\\\/#organization\",\"name\":\"AdHoc Translations\",\"url\":\"https:\\\/\\\/www.adhoc-translations.com\\\/\",\"logo\":{\"@type\":\"ImageObject\",\"inLanguage\":\"es\",\"@id\":\"https:\\\/\\\/www.adhoc-translations.com\\\/#\\\/schema\\\/logo\\\/image\\\/\",\"url\":\"https:\\\/\\\/www.adhoc-translations.com\\\/wp-content\\\/uploads\\\/2022\\\/08\\\/there-for-you.png\",\"contentUrl\":\"https:\\\/\\\/www.adhoc-translations.com\\\/wp-content\\\/uploads\\\/2022\\\/08\\\/there-for-you.png\",\"width\":1200,\"height\":1200,\"caption\":\"AdHoc Translations\"},\"image\":{\"@id\":\"https:\\\/\\\/www.adhoc-translations.com\\\/#\\\/schema\\\/logo\\\/image\\\/\"},\"sameAs\":[\"https:\\\/\\\/www.facebook.com\\\/AdHocTranslations\\\/\",\"https:\\\/\\\/x.com\\\/AdHoc_Language\",\"https:\\\/\\\/www.linkedin.com\\\/company\\\/ad-hoc-translations-a-s\\\/\",\"https:\\\/\\\/www.youtube.com\\\/channel\\\/UC6GxzaVOMxSFOqvl2ACKLuA\"]}]}<\/script>\n<!-- \/ Yoast SEO plugin. -->","yoast_head_json":{"title":"Inf\u00f3rmese aqu\u00ed sobre nuestra pol\u00edtica de privacidad","description":"Al visitar nuestro sitio web, recopilamos informaci\u00f3n sobre usted que se utiliza para personalizar y mejorar nuestro contenido. Lea m\u00e1s aqu\u00ed.","robots":{"index":"index","follow":"follow","max-snippet":"max-snippet:-1","max-image-preview":"max-image-preview:large","max-video-preview":"max-video-preview:-1"},"canonical":"https:\/\/www.adhoc-translations.com\/es\/politica-de-privacidad\/","og_locale":"es_ES","og_type":"article","og_title":"Inf\u00f3rmese aqu\u00ed sobre nuestra pol\u00edtica de privacidad","og_description":"Al visitar nuestro sitio web, recopilamos informaci\u00f3n sobre usted que se utiliza para personalizar y mejorar nuestro contenido. Lea m\u00e1s aqu\u00ed.","og_url":"https:\/\/www.adhoc-translations.com\/es\/politica-de-privacidad\/","og_site_name":"AdHoc Translations","article_publisher":"https:\/\/www.facebook.com\/AdHocTranslations\/","article_modified_time":"2020-03-09T08:04:40+00:00","twitter_card":"summary_large_image","twitter_site":"@AdHoc_Language","twitter_misc":{"Tiempo de lectura":"8 minutos"},"schema":{"@context":"https:\/\/schema.org","@graph":[{"@type":"WebPage","@id":"https:\/\/www.adhoc-translations.com\/es\/politica-de-privacidad\/","url":"https:\/\/www.adhoc-translations.com\/es\/politica-de-privacidad\/","name":"Inf\u00f3rmese aqu\u00ed sobre nuestra pol\u00edtica de privacidad","isPartOf":{"@id":"https:\/\/www.adhoc-translations.com\/#website"},"datePublished":"2018-10-13T12:41:41+00:00","dateModified":"2020-03-09T08:04:40+00:00","description":"Al visitar nuestro sitio web, recopilamos informaci\u00f3n sobre usted que se utiliza para personalizar y mejorar nuestro contenido. Lea m\u00e1s aqu\u00ed.","breadcrumb":{"@id":"https:\/\/www.adhoc-translations.com\/es\/politica-de-privacidad\/#breadcrumb"},"inLanguage":"es","potentialAction":[{"@type":"ReadAction","target":["https:\/\/www.adhoc-translations.com\/es\/politica-de-privacidad\/"]}]},{"@type":"BreadcrumbList","@id":"https:\/\/www.adhoc-translations.com\/es\/politica-de-privacidad\/#breadcrumb","itemListElement":[{"@type":"ListItem","position":1,"name":"Home","item":"https:\/\/www.adhoc-translations.com\/es\/pagina-de-inicio\/"},{"@type":"ListItem","position":2,"name":"Pol\u00edtica de Privacidad"}]},{"@type":"WebSite","@id":"https:\/\/www.adhoc-translations.com\/#website","url":"https:\/\/www.adhoc-translations.com\/","name":"AdHoc Translations","description":"Global communication made easy","publisher":{"@id":"https:\/\/www.adhoc-translations.com\/#organization"},"potentialAction":[{"@type":"SearchAction","target":{"@type":"EntryPoint","urlTemplate":"https:\/\/www.adhoc-translations.com\/?s={search_term_string}"},"query-input":{"@type":"PropertyValueSpecification","valueRequired":true,"valueName":"search_term_string"}}],"inLanguage":"es"},{"@type":"Organization","@id":"https:\/\/www.adhoc-translations.com\/#organization","name":"AdHoc Translations","url":"https:\/\/www.adhoc-translations.com\/","logo":{"@type":"ImageObject","inLanguage":"es","@id":"https:\/\/www.adhoc-translations.com\/#\/schema\/logo\/image\/","url":"https:\/\/www.adhoc-translations.com\/wp-content\/uploads\/2022\/08\/there-for-you.png","contentUrl":"https:\/\/www.adhoc-translations.com\/wp-content\/uploads\/2022\/08\/there-for-you.png","width":1200,"height":1200,"caption":"AdHoc Translations"},"image":{"@id":"https:\/\/www.adhoc-translations.com\/#\/schema\/logo\/image\/"},"sameAs":["https:\/\/www.facebook.com\/AdHocTranslations\/","https:\/\/x.com\/AdHoc_Language","https:\/\/www.linkedin.com\/company\/ad-hoc-translations-a-s\/","https:\/\/www.youtube.com\/channel\/UC6GxzaVOMxSFOqvl2ACKLuA"]}]}},"_links":{"self":[{"href":"https:\/\/www.adhoc-translations.com\/es\/wp-json\/wp\/v2\/pages\/12461","targetHints":{"allow":["GET"]}}],"collection":[{"href":"https:\/\/www.adhoc-translations.com\/es\/wp-json\/wp\/v2\/pages"}],"about":[{"href":"https:\/\/www.adhoc-translations.com\/es\/wp-json\/wp\/v2\/types\/page"}],"author":[{"embeddable":true,"href":"https:\/\/www.adhoc-translations.com\/es\/wp-json\/wp\/v2\/users\/898233"}],"replies":[{"embeddable":true,"href":"https:\/\/www.adhoc-translations.com\/es\/wp-json\/wp\/v2\/comments?post=12461"}],"version-history":[{"count":4,"href":"https:\/\/www.adhoc-translations.com\/es\/wp-json\/wp\/v2\/pages\/12461\/revisions"}],"predecessor-version":[{"id":31734,"href":"https:\/\/www.adhoc-translations.com\/es\/wp-json\/wp\/v2\/pages\/12461\/revisions\/31734"}],"wp:attachment":[{"href":"https:\/\/www.adhoc-translations.com\/es\/wp-json\/wp\/v2\/media?parent=12461"}],"curies":[{"name":"wp","href":"https:\/\/api.w.org\/{rel}","templated":true}]}}