{"id":12479,"date":"2018-10-13T14:41:46","date_gmt":"2018-10-13T12:41:46","guid":{"rendered":"https:\/\/www.adhoc-translations.com\/newsletter\/"},"modified":"2021-01-31T16:34:30","modified_gmt":"2021-01-31T15:34:30","slug":"newsletter","status":"publish","type":"page","link":"https:\/\/www.adhoc-translations.com\/es\/newsletter\/","title":{"rendered":"Newsletter"},"content":{"rendered":"<p>[et_pb_section fb_built=\u00bb1&#8243; admin_label=\u00bbSektion\u00bb module_class=\u00bbheight-100&#8243; _builder_version=\u00bb3.26.3&#8243; background_image=\u00bbhttps:\/\/www.adhoc-translations.com\/wp-content\/uploads\/2019\/07\/nyhedsbrev-sign-up.png\u00bb background_position=\u00bbcenter_left\u00bb inner_width_tablet=\u00bb50px\u00bb inner_max_width_tablet=\u00bb50px\u00bb z_index_tablet=\u00bb500&#8243; box_shadow_horizontal_tablet=\u00bb0px\u00bb box_shadow_vertical_tablet=\u00bb0px\u00bb box_shadow_blur_tablet=\u00bb40px\u00bb box_shadow_spread_tablet=\u00bb0px\u00bb][et_pb_row admin_label=\u00bbR\u00e6kke\u00bb module_class=\u00bbet_pb_animation_top et-animated et-waypoint\u00bb _builder_version=\u00bb3.25&#8243; background_size=\u00bbinitial\u00bb background_position=\u00bbtop_left\u00bb background_repeat=\u00bbrepeat\u00bb make_fullwidth=\u00bboff\u00bb use_custom_width=\u00bboff\u00bb width_unit=\u00bbon\u00bb custom_width_px=\u00bb1080px\u00bb custom_width_percent=\u00bb80%\u00bb][et_pb_column type=\u00bb4_4&#8243; _builder_version=\u00bb3.25&#8243; custom_padding=\u00bb|||\u00bb custom_padding__hover=\u00bb|||\u00bb][et_pb_text admin_label=\u00bbTekst\u00bb _builder_version=\u00bb4.6.5&#8243; header_font_size=\u00bb40px\u00bb background_size=\u00bbinitial\u00bb background_position=\u00bbtop_left\u00bb background_repeat=\u00bbrepeat\u00bb text_orientation=\u00bbcenter\u00bb background_layout=\u00bbdark\u00bb module_alignment=\u00bbcenter\u00bb use_border_color=\u00bboff\u00bb]<\/p>\n<h1>Suscr\u00edbase a nuestra newsletter<\/h1>\n<p>Lea art\u00edculos sobre ling\u00fc\u00edstica y traducci\u00f3n, adem\u00e1s de noticias y consejos \u00fatiles<\/p>\n<p>[\/et_pb_text][\/et_pb_column][\/et_pb_row][et_pb_row admin_label=\u00bbR\u00e6kke\u00bb _builder_version=\u00bb4.8.2&#8243; background_size=\u00bbinitial\u00bb background_position=\u00bbtop_left\u00bb background_repeat=\u00bbrepeat\u00bb width=\u00bb45%\u00bb width_phone=\u00bb50px\u00bb max_width=\u00bb45%\u00bb max_width_phone=\u00bb1280px\u00bb hover_enabled=\u00bb0&#8243; z_index_tablet=\u00bb500&#8243; custom_padding=\u00bb|100px||100px|false|false\u00bb sticky_enabled=\u00bb0&#8243;][et_pb_column type=\u00bb4_4&#8243; _builder_version=\u00bb3.25&#8243; custom_padding=\u00bb|||\u00bb custom_padding__hover=\u00bb|||\u00bb][et_pb_text admin_label=\u00bbTekst\u00bb _builder_version=\u00bb4.8.2&#8243; background_size=\u00bbinitial\u00bb background_position=\u00bbtop_left\u00bb background_repeat=\u00bbrepeat\u00bb text_orientation=\u00bbcenter\u00bb background_layout=\u00bbdark\u00bb module_alignment=\u00bbcenter\u00bb hover_enabled=\u00bb0&#8243; use_border_color=\u00bboff\u00bb sticky_enabled=\u00bb0&#8243;]<\/p>\n<p><!-- Begin Mailchimp Signup Form -->\n<link href=\"\/\/cdn-images.mailchimp.com\/embedcode\/classic-10_7.css\" rel=\"stylesheet\" type=\"text\/css\">\n<style type=\"text\/css\">\n#mc_embed_signup{clear:left; font:14px open sans; }\n.submitbutton {background-color:#f99d1c ; color:#fff; width:95%; font-weight:bold;padding:5px;}\n#mc_embed_signup #mce-success-response {color: #f99d1c!important;}\n\t\t\/* Add your own Mailchimp form style overrides in your site stylesheet or in this style block.\n\t   We recommend moving this block and the preceding CSS link to the HEAD of your HTML file. *\/\n<\/style>\n<div id=\"mc_embed_signup\">\n<form action=\"https:\/\/adhoc-translations.us12.list-manage.com\/subscribe\/post?u=20421bc9c952e6caafdb2a20b&amp;id=611029f342\" method=\"post\" id=\"mc-embedded-subscribe-form\" name=\"mc-embedded-subscribe-form\" class=\"validate\" target=\"_blank\" novalidate>\n<div id=\"mc_embed_signup_scroll\">\n<div class=\"mc-field-group\">\n<p>\t<input type=\"text\" value=\"\" placeholder=\"Su nombre\"  name=\"FNAME\" class=\"\" id=\"mce-FNAME\">\n<\/div>\n<div class=\"mc-field-group\">\n<p>\t<input type=\"email\" value=\"\" placeholder=\"Su correo electr\u00f3nico\"  name=\"EMAIL\" class=\"required email\" id=\"mce-EMAIL\">\n<\/div>\n<div class=\"mc-field-group\">\n<p>\t<select name=\"MMERGE2\" class=\"\" id=\"mce-MMERGE2\"><option value=\"\" disabled selected>Tu sector<\/option><option value=\"Legal\">Legal<\/option><option value=\"Automoci\u00f3n\">Automoci\u00f3n<\/option><option value=\"Construcci\u00f3n\">Construcci\u00f3n<\/option><option value=\"Energ\u00eda y medio ambiente\">Energ\u00eda y medio ambiente<\/option><option value=\"Finanzas y Seguros\">Finanzas y Seguros<\/option><option value=\"Comercial, industrial y terciario\">Comercial, industrial y terciario<\/option><option value=\"TIC y las telecomunicaciones\">TIC y las telecomunicaciones<\/option><option value=\"Ciencias de la vida\">Ciencias de la vida<\/option><option value=\"Instituciones p\u00fablicas, organizaciones y UE\">Instituciones p\u00fablicas, organizaciones y UE<\/option><option value=\"Medios de comunicaci\u00f3n\">Medios de comunicaci\u00f3n<\/option><option value=\"Moda, arte y cultura\">Moda, arte y cultura<\/option><option value=\"Rob\u00f3tica\">Rob\u00f3tica<\/option><\/select>\n<\/div>\n<div class=\"mc-field-group input-group\">\n    <strong>Acceptabce <\/strong><\/p>\n<ul>\n<li><input type=\"checkbox\" value=\"1\" name=\"group[23221][1]\" id=\"mce-group[23221]-23221-0\"><label for=\"mce-group[23221]-23221-0\">Acepto los t\u00e9rminos de la<a href=\"https:\/\/www.adhoc-translations.com\/es\/politica-de-privacidad\/\"> pol\u00edtica de privacidad<\/a> de AdHoc Translations y autorizo que mis datos personales se utilicen para enviarme correos electr\u00f3nicos con noticias, ofertas e informaci\u00f3n sobre sus productos y servicios. Puedo darme de baja en cualquier momento<\/label><\/li>\n<\/ul>\n<\/div>\n<div id=\"mce-responses\" class=\"clear\">\n<div class=\"response\" id=\"mce-error-response\" style=\"display:none\"><\/div>\n<div class=\"response\" id=\"mce-success-response\" style=\"display:none\"><\/div>\n<\/p><\/div>\n<p>    <!-- real people should not fill this in and expect good things - do not remove this or risk form bot signups--><\/p>\n<div style=\"position: absolute; left: -5000px;\" aria-hidden=\"true\"><input type=\"text\" name=\"b_20421bc9c952e6caafdb2a20b_611029f342\" tabindex=\"-1\" value=\"\"><\/div>\n<div class=\"clear\"><input type=\"submit\" value=\"SUBSCRIBIR\" name=\"subscribe\" id=\"\" class=\"submitbutton\"><\/div>\n<\/p><\/div>\n<\/form>\n<\/div>\n<p><script type='text\/javascript' src='\/\/s3.amazonaws.com\/downloads.mailchimp.com\/js\/mc-validate.js'><\/script><script type='text\/javascript'>(function($) {window.fnames = new Array(); window.ftypes = new Array();fnames[1]='FNAME';ftypes[1]='text';fnames[0]='EMAIL';ftypes[0]='email';fnames[2]='MMERGE2';ftypes[2]='dropdown';}(jQuery));var $mcj = jQuery.noConflict(true);<\/script><br \/>\n<!--End mc_embed_signup-->[\/et_pb_text][\/et_pb_column][\/et_pb_row][\/et_pb_section]<\/p>\n","protected":false},"excerpt":{"rendered":"<p>Suscr\u00edbase a nuestra newsletter Lea art\u00edculos sobre ling\u00fc\u00edstica y traducci\u00f3n, adem\u00e1s de noticias y consejos \u00fatiles Tu sector Legal Automoci\u00f3n Construcci\u00f3n Energ\u00eda y medio ambiente Finanzas y Seguros Comercial, industrial [&hellip;]<\/p>\n","protected":false},"author":898233,"featured_media":0,"parent":0,"menu_order":0,"comment_status":"closed","ping_status":"closed","template":"","meta":{"_et_pb_use_builder":"on","_et_pb_old_content":"","_et_gb_content_width":"","footnotes":""},"class_list":["post-12479","page","type-page","status-publish","hentry"],"yoast_head":"<!-- This site is optimized with the Yoast SEO plugin v27.4 - https:\/\/yoast.com\/product\/yoast-seo-wordpress\/ -->\n<title>Bolet\u00edn de noticias, las \u00faltimas noticias de AdHoc Translations<\/title>\n<meta name=\"description\" content=\"Lea nuestro bolet\u00edn con novedades acerca de AdHoc Translations, con consejos sobre idiomas y traducci\u00f3n e interesantes art\u00edculos sobre temas relevantes.\" \/>\n<meta name=\"robots\" content=\"index, follow, max-snippet:-1, max-image-preview:large, max-video-preview:-1\" \/>\n<link rel=\"canonical\" href=\"https:\/\/www.adhoc-translations.com\/es\/newsletter\/\" \/>\n<meta property=\"og:locale\" content=\"es_ES\" \/>\n<meta property=\"og:type\" content=\"article\" \/>\n<meta property=\"og:title\" content=\"Bolet\u00edn de noticias, las \u00faltimas noticias de AdHoc Translations\" \/>\n<meta property=\"og:description\" content=\"Lea nuestro bolet\u00edn con novedades acerca de AdHoc Translations, con consejos sobre idiomas y traducci\u00f3n e interesantes art\u00edculos sobre temas relevantes.\" \/>\n<meta property=\"og:url\" content=\"https:\/\/www.adhoc-translations.com\/es\/newsletter\/\" \/>\n<meta property=\"og:site_name\" content=\"AdHoc Translations\" \/>\n<meta property=\"article:publisher\" content=\"https:\/\/www.facebook.com\/AdHocTranslations\/\" \/>\n<meta property=\"article:modified_time\" content=\"2021-01-31T15:34:30+00:00\" \/>\n<meta name=\"twitter:card\" content=\"summary_large_image\" \/>\n<meta name=\"twitter:site\" content=\"@AdHoc_Language\" \/>\n<meta name=\"twitter:label1\" content=\"Tiempo de lectura\" \/>\n\t<meta name=\"twitter:data1\" content=\"2 minutos\" \/>\n<script type=\"application\/ld+json\" class=\"yoast-schema-graph\">{\"@context\":\"https:\\\/\\\/schema.org\",\"@graph\":[{\"@type\":\"WebPage\",\"@id\":\"https:\\\/\\\/www.adhoc-translations.com\\\/es\\\/newsletter\\\/\",\"url\":\"https:\\\/\\\/www.adhoc-translations.com\\\/es\\\/newsletter\\\/\",\"name\":\"Bolet\u00edn de noticias, las \u00faltimas noticias de AdHoc Translations\",\"isPartOf\":{\"@id\":\"https:\\\/\\\/www.adhoc-translations.com\\\/#website\"},\"datePublished\":\"2018-10-13T12:41:46+00:00\",\"dateModified\":\"2021-01-31T15:34:30+00:00\",\"description\":\"Lea nuestro bolet\u00edn con novedades acerca de AdHoc Translations, con consejos sobre idiomas y traducci\u00f3n e interesantes art\u00edculos sobre temas relevantes.\",\"breadcrumb\":{\"@id\":\"https:\\\/\\\/www.adhoc-translations.com\\\/es\\\/newsletter\\\/#breadcrumb\"},\"inLanguage\":\"es\",\"potentialAction\":[{\"@type\":\"ReadAction\",\"target\":[\"https:\\\/\\\/www.adhoc-translations.com\\\/es\\\/newsletter\\\/\"]}]},{\"@type\":\"BreadcrumbList\",\"@id\":\"https:\\\/\\\/www.adhoc-translations.com\\\/es\\\/newsletter\\\/#breadcrumb\",\"itemListElement\":[{\"@type\":\"ListItem\",\"position\":1,\"name\":\"Home\",\"item\":\"https:\\\/\\\/www.adhoc-translations.com\\\/es\\\/pagina-de-inicio\\\/\"},{\"@type\":\"ListItem\",\"position\":2,\"name\":\"Newsletter\"}]},{\"@type\":\"WebSite\",\"@id\":\"https:\\\/\\\/www.adhoc-translations.com\\\/#website\",\"url\":\"https:\\\/\\\/www.adhoc-translations.com\\\/\",\"name\":\"AdHoc Translations\",\"description\":\"Global communication made easy\",\"publisher\":{\"@id\":\"https:\\\/\\\/www.adhoc-translations.com\\\/#organization\"},\"potentialAction\":[{\"@type\":\"SearchAction\",\"target\":{\"@type\":\"EntryPoint\",\"urlTemplate\":\"https:\\\/\\\/www.adhoc-translations.com\\\/?s={search_term_string}\"},\"query-input\":{\"@type\":\"PropertyValueSpecification\",\"valueRequired\":true,\"valueName\":\"search_term_string\"}}],\"inLanguage\":\"es\"},{\"@type\":\"Organization\",\"@id\":\"https:\\\/\\\/www.adhoc-translations.com\\\/#organization\",\"name\":\"AdHoc Translations\",\"url\":\"https:\\\/\\\/www.adhoc-translations.com\\\/\",\"logo\":{\"@type\":\"ImageObject\",\"inLanguage\":\"es\",\"@id\":\"https:\\\/\\\/www.adhoc-translations.com\\\/#\\\/schema\\\/logo\\\/image\\\/\",\"url\":\"https:\\\/\\\/www.adhoc-translations.com\\\/wp-content\\\/uploads\\\/2022\\\/08\\\/there-for-you.png\",\"contentUrl\":\"https:\\\/\\\/www.adhoc-translations.com\\\/wp-content\\\/uploads\\\/2022\\\/08\\\/there-for-you.png\",\"width\":1200,\"height\":1200,\"caption\":\"AdHoc Translations\"},\"image\":{\"@id\":\"https:\\\/\\\/www.adhoc-translations.com\\\/#\\\/schema\\\/logo\\\/image\\\/\"},\"sameAs\":[\"https:\\\/\\\/www.facebook.com\\\/AdHocTranslations\\\/\",\"https:\\\/\\\/x.com\\\/AdHoc_Language\",\"https:\\\/\\\/www.linkedin.com\\\/company\\\/ad-hoc-translations-a-s\\\/\",\"https:\\\/\\\/www.youtube.com\\\/channel\\\/UC6GxzaVOMxSFOqvl2ACKLuA\"]}]}<\/script>\n<!-- \/ Yoast SEO plugin. -->","yoast_head_json":{"title":"Bolet\u00edn de noticias, las \u00faltimas noticias de AdHoc Translations","description":"Lea nuestro bolet\u00edn con novedades acerca de AdHoc Translations, con consejos sobre idiomas y traducci\u00f3n e interesantes art\u00edculos sobre temas relevantes.","robots":{"index":"index","follow":"follow","max-snippet":"max-snippet:-1","max-image-preview":"max-image-preview:large","max-video-preview":"max-video-preview:-1"},"canonical":"https:\/\/www.adhoc-translations.com\/es\/newsletter\/","og_locale":"es_ES","og_type":"article","og_title":"Bolet\u00edn de noticias, las \u00faltimas noticias de AdHoc Translations","og_description":"Lea nuestro bolet\u00edn con novedades acerca de AdHoc Translations, con consejos sobre idiomas y traducci\u00f3n e interesantes art\u00edculos sobre temas relevantes.","og_url":"https:\/\/www.adhoc-translations.com\/es\/newsletter\/","og_site_name":"AdHoc Translations","article_publisher":"https:\/\/www.facebook.com\/AdHocTranslations\/","article_modified_time":"2021-01-31T15:34:30+00:00","twitter_card":"summary_large_image","twitter_site":"@AdHoc_Language","twitter_misc":{"Tiempo de lectura":"2 minutos"},"schema":{"@context":"https:\/\/schema.org","@graph":[{"@type":"WebPage","@id":"https:\/\/www.adhoc-translations.com\/es\/newsletter\/","url":"https:\/\/www.adhoc-translations.com\/es\/newsletter\/","name":"Bolet\u00edn de noticias, las \u00faltimas noticias de AdHoc Translations","isPartOf":{"@id":"https:\/\/www.adhoc-translations.com\/#website"},"datePublished":"2018-10-13T12:41:46+00:00","dateModified":"2021-01-31T15:34:30+00:00","description":"Lea nuestro bolet\u00edn con novedades acerca de AdHoc Translations, con consejos sobre idiomas y traducci\u00f3n e interesantes art\u00edculos sobre temas relevantes.","breadcrumb":{"@id":"https:\/\/www.adhoc-translations.com\/es\/newsletter\/#breadcrumb"},"inLanguage":"es","potentialAction":[{"@type":"ReadAction","target":["https:\/\/www.adhoc-translations.com\/es\/newsletter\/"]}]},{"@type":"BreadcrumbList","@id":"https:\/\/www.adhoc-translations.com\/es\/newsletter\/#breadcrumb","itemListElement":[{"@type":"ListItem","position":1,"name":"Home","item":"https:\/\/www.adhoc-translations.com\/es\/pagina-de-inicio\/"},{"@type":"ListItem","position":2,"name":"Newsletter"}]},{"@type":"WebSite","@id":"https:\/\/www.adhoc-translations.com\/#website","url":"https:\/\/www.adhoc-translations.com\/","name":"AdHoc Translations","description":"Global communication made easy","publisher":{"@id":"https:\/\/www.adhoc-translations.com\/#organization"},"potentialAction":[{"@type":"SearchAction","target":{"@type":"EntryPoint","urlTemplate":"https:\/\/www.adhoc-translations.com\/?s={search_term_string}"},"query-input":{"@type":"PropertyValueSpecification","valueRequired":true,"valueName":"search_term_string"}}],"inLanguage":"es"},{"@type":"Organization","@id":"https:\/\/www.adhoc-translations.com\/#organization","name":"AdHoc Translations","url":"https:\/\/www.adhoc-translations.com\/","logo":{"@type":"ImageObject","inLanguage":"es","@id":"https:\/\/www.adhoc-translations.com\/#\/schema\/logo\/image\/","url":"https:\/\/www.adhoc-translations.com\/wp-content\/uploads\/2022\/08\/there-for-you.png","contentUrl":"https:\/\/www.adhoc-translations.com\/wp-content\/uploads\/2022\/08\/there-for-you.png","width":1200,"height":1200,"caption":"AdHoc Translations"},"image":{"@id":"https:\/\/www.adhoc-translations.com\/#\/schema\/logo\/image\/"},"sameAs":["https:\/\/www.facebook.com\/AdHocTranslations\/","https:\/\/x.com\/AdHoc_Language","https:\/\/www.linkedin.com\/company\/ad-hoc-translations-a-s\/","https:\/\/www.youtube.com\/channel\/UC6GxzaVOMxSFOqvl2ACKLuA"]}]}},"_links":{"self":[{"href":"https:\/\/www.adhoc-translations.com\/es\/wp-json\/wp\/v2\/pages\/12479","targetHints":{"allow":["GET"]}}],"collection":[{"href":"https:\/\/www.adhoc-translations.com\/es\/wp-json\/wp\/v2\/pages"}],"about":[{"href":"https:\/\/www.adhoc-translations.com\/es\/wp-json\/wp\/v2\/types\/page"}],"author":[{"embeddable":true,"href":"https:\/\/www.adhoc-translations.com\/es\/wp-json\/wp\/v2\/users\/898233"}],"replies":[{"embeddable":true,"href":"https:\/\/www.adhoc-translations.com\/es\/wp-json\/wp\/v2\/comments?post=12479"}],"version-history":[{"count":5,"href":"https:\/\/www.adhoc-translations.com\/es\/wp-json\/wp\/v2\/pages\/12479\/revisions"}],"predecessor-version":[{"id":36640,"href":"https:\/\/www.adhoc-translations.com\/es\/wp-json\/wp\/v2\/pages\/12479\/revisions\/36640"}],"wp:attachment":[{"href":"https:\/\/www.adhoc-translations.com\/es\/wp-json\/wp\/v2\/media?parent=12479"}],"curies":[{"name":"wp","href":"https:\/\/api.w.org\/{rel}","templated":true}]}}