{"id":12552,"date":"2018-10-13T14:57:54","date_gmt":"2018-10-13T12:57:54","guid":{"rendered":"https:\/\/www.adhoc-translations.com\/privacy-policy\/"},"modified":"2020-03-09T09:05:20","modified_gmt":"2020-03-09T08:05:20","slug":"privacy-policy","status":"publish","type":"page","link":"https:\/\/www.adhoc-translations.com\/sv\/privacy-policy\/","title":{"rendered":"Privacy policy"},"content":{"rendered":"<p>[et_pb_section fb_built=&#8221;1&#8243; module_class=&#8221;height-100&#8243; _builder_version=&#8221;3.22&#8243; background_image=&#8221;https:\/\/www.adhoc-translations.com\/wp-content\/uploads\/2016\/02\/adhoc-smartedit-2.jpg&#8221; transparent_background=&#8221;off&#8221; make_fullwidth=&#8221;off&#8221; use_custom_width=&#8221;off&#8221; width_unit=&#8221;on&#8221;][et_pb_row module_class=&#8221;et_pb_animation_top et-animated et-waypoint&#8221; _builder_version=&#8221;3.25&#8243; background_size=&#8221;initial&#8221; background_position=&#8221;top_left&#8221; background_repeat=&#8221;repeat&#8221; make_fullwidth=&#8221;off&#8221; use_custom_width=&#8221;off&#8221; width_unit=&#8221;on&#8221; custom_width_px=&#8221;1080px&#8221; custom_width_percent=&#8221;80%&#8221;][et_pb_column type=&#8221;4_4&#8243; _builder_version=&#8221;3.25&#8243; custom_padding=&#8221;|||&#8221; custom_padding__hover=&#8221;|||&#8221;][et_pb_text _builder_version=&#8221;3.27.4&#8243; header_font_size=&#8221;40px&#8221; background_size=&#8221;initial&#8221; background_position=&#8221;top_left&#8221; background_repeat=&#8221;repeat&#8221; text_orientation=&#8221;center&#8221; background_layout=&#8221;dark&#8221; module_alignment=&#8221;center&#8221; use_border_color=&#8221;off&#8221;]<\/p>\n<h1>Cookie- och integritetspolicy<\/h1>\n<p>[\/et_pb_text][\/et_pb_column][\/et_pb_row][et_pb_row disabled_on=&#8221;on||&#8221; module_id=&#8221;punkter-desktop&#8221; module_class=&#8221;et_pb_animation_top et-animated et-waypoint landing-images&#8221; _builder_version=&#8221;3.25&#8243; background_size=&#8221;initial&#8221; background_position=&#8221;top_left&#8221; background_repeat=&#8221;repeat&#8221; make_fullwidth=&#8221;off&#8221; use_custom_width=&#8221;off&#8221; width_unit=&#8221;off&#8221; custom_width_px=&#8221;1080px&#8221; custom_width_percent=&#8221;100%&#8221;][et_pb_column type=&#8221;4_4&#8243; _builder_version=&#8221;3.25&#8243; custom_padding=&#8221;|||&#8221; custom_padding__hover=&#8221;|||&#8221;][et_pb_text _builder_version=&#8221;3.27.4&#8243; background_size=&#8221;initial&#8221; background_position=&#8221;top_left&#8221; background_repeat=&#8221;repeat&#8221; text_orientation=&#8221;center&#8221; background_layout=&#8221;dark&#8221; module_alignment=&#8221;center&#8221; use_border_color=&#8221;off&#8221;]<\/p>\n<h2>Introduktion<\/h2>\n<p>N\u00e4r du bes\u00f6ker v\u00e5r webbplats samlas uppgifter om dig in. Uppgifter som anv\u00e4nds f\u00f6r att anpassa och f\u00f6rb\u00e4ttra v\u00e5rt inneh\u00e5ll och g\u00f6ra din upplevelse av v\u00e5r webbplats b\u00e4ttre. H\u00e4r nedan f\u00f6rklarar vi vilka uppgifter som samlas in, deras \u00e4ndam\u00e5l och vilka tredjeparter som har \u00e5tkomst till dem.<\/p>\n<p>[\/et_pb_text][\/et_pb_column][\/et_pb_row][\/et_pb_section][et_pb_section fb_built=&#8221;1&#8243; _builder_version=&#8221;3.22&#8243; background_color=&#8221;#f3f3f3&#8243; transparent_background=&#8221;off&#8221; make_fullwidth=&#8221;off&#8221; use_custom_width=&#8221;off&#8221; width_unit=&#8221;on&#8221; custom_width_px=&#8221;1080px&#8221; custom_width_percent=&#8221;80%&#8221;][et_pb_row _builder_version=&#8221;3.25&#8243; background_color=&#8221;#ffffff&#8221; background_size=&#8221;initial&#8221; background_position=&#8221;top_left&#8221; background_repeat=&#8221;repeat&#8221; custom_padding=&#8221;30px|30px||30px&#8221; make_fullwidth=&#8221;off&#8221; use_custom_width=&#8221;off&#8221; width_unit=&#8221;off&#8221; custom_width_px=&#8221;1080px&#8221; custom_width_percent=&#8221;80%&#8221;][et_pb_column type=&#8221;4_4&#8243; _builder_version=&#8221;3.25&#8243; custom_padding=&#8221;|||&#8221; custom_padding__hover=&#8221;|||&#8221;][et_pb_text _builder_version=&#8221;4.3.4&#8243; hover_enabled=&#8221;0&#8243;]<\/p>\n<h2>Cookies<\/h2>\n<p>P\u00e5 v\u00e5r webbplats anv\u00e4nds cookies, vilket \u00e4r en textfil, som sparas p\u00e5 din webbl\u00e4sare (t.ex. Internet Explorer, Firefox, Chrome, Safari, Opera och liknande) och som registrerar dig som en unik anv\u00e4ndare. Cookies g\u00f6r det l\u00e4ttare att anv\u00e4nda internet, eftersom du inte hela tiden m\u00e5ste b\u00f6rja om fr\u00e5n b\u00f6rjan. Webbplatsen kan med andra ord anv\u00e4nda cookies f\u00f6r att minnas information om dina preferenser. Cookies kan inte inneh\u00e5lla skadlig kod som exempelvis virus.<\/p>\n<p>Om du inte vi ha cookies kan du blockera alla cookies, radera befintliga cookies fr\u00e5n h\u00e5rddisken eller f\u00e5 en varning innan en cookie sparas. <a href=\"https:\/\/cookiepedia.co.uk\/how-to-manage-cookies\">Klicka h\u00e4r<\/a> f\u00f6r att f\u00e5 anvisningar om hur du st\u00e4ller in detta p\u00e5 din webbl\u00e4sare\/smartphone.<\/p>\n<p>Tillsammans med tredjepartsleverant\u00f6rer som Facebook, Twitter, LinkedIn och Google anv\u00e4nder vi b\u00e5de f\u00f6rstapartscookies (bl.a. Google Analytics-cookies), som ska f\u00f6rb\u00e4ttra anv\u00e4ndarupplevelsen p\u00e5 webbplatsen och tredjepartscookies (som DoubleClick-cookien), som anv\u00e4nds f\u00f6r att g\u00f6ra v\u00e5r marknadsf\u00f6ring m\u00e5linriktad (bl.a. via \u00e5termarknadsf\u00f6ring). Kontakta oss om du vill ha en fullst\u00e4ndig lista \u00f6ver v\u00e5ra tredjepartscookies.<\/p>\n<p><button id=\"ot-sdk-btn\" class=\"ot-sdk-show-settings\">Cookie-inst\u00e4llningar<\/button><\/p>\n<div id=\"ot-sdk-cookie-policy\"><\/div>\n<p><strong>\u00a0<\/strong><\/p>\n<h2>Personuppgifter<\/h2>\n<h3>N\u00e4r samlar vi in dina uppgifter?<\/h3>\n<p>Personuppgifter \u00e4r all slags information som p\u00e5 ett eller annat s\u00e4tt kan h\u00e4nf\u00f6ras till dig. N\u00e4r du anv\u00e4nder v\u00e5r webbplats samlar vi in och behandlar en m\u00e4ngd s\u00e5dan information. Det sker n\u00e4r du bes\u00f6ker v\u00e5rt inneh\u00e5ll, anm\u00e4ler dig till v\u00e5ra nyhetsbrev, fyller i formul\u00e4r, anv\u00e4nder livechatten eller p\u00e5 annat s\u00e4tt anger dina uppgifter p\u00e5 v\u00e5r sida.<\/p>\n<p>Vi samlar in och behandlar f\u00f6ljande typer av uppgifter: Ett unikt ID och tekniska uppgifter om din dator, surfplatta eller mobiltelefon, ditt IP-nummer, geografisk placering och vad du klickar p\u00e5 (intressen). I den utstr\u00e4ckning som du sj\u00e4lv ger ditt uttryckliga samtycke till detta och sj\u00e4lv skriver in informationen behandlas dessutom: namn, telefonnummer och e-postadress. Det sker oftast n\u00e4r du fyller i ett formul\u00e4r p\u00e5 sidan.<\/p>\n<p>&nbsp;<\/p>\n<h3>Vad anv\u00e4nder vi dina uppgifter till?<\/h3>\n<p>&nbsp;<\/p>\n<p><strong>Vi anv\u00e4nder uppgifterna f\u00f6r att:<\/strong><\/p>\n<ul>\n<li>g\u00f6ra din upplevelse p\u00e5 sidan personlig och f\u00f6r att kunna visa det inneh\u00e5ll och de produktblad som du \u00e4r mest intresserad av f\u00f6r dig<\/li>\n<li>f\u00f6rb\u00e4ttra v\u00e5r sida s\u00e5 att din upplevelse blir b\u00e4ttre<\/li>\n<li>kunna skicka erbjudanden f\u00f6r den tj\u00e4nst som du har best\u00e4llt till dig<\/li>\n<li>administrera t\u00e4vlingar, erbjudanden, unders\u00f6kningar och andra funktioner<\/li>\n<li>skicka regelbundna e-postmeddelanden (nyhetsbrev) om din best\u00e4llning eller andra produkter och tj\u00e4nster<\/li>\n<li>f\u00f6lja upp efter korrespondens (livechatt, e-postmeddelande, telefonf\u00f6rfr\u00e5gningar) s\u00e5 att vi kan leverera den tj\u00e4nst som du har best\u00e4llt.<\/li>\n<\/ul>\n<p>&nbsp;<\/p>\n<h3>Hur skyddar vi dina uppgifter?<\/h3>\n<p>P\u00e5 v\u00e5r webbplats skannar vi dagligen efter skadlig kod f\u00f6r att eliminera brister i s\u00e4kerheten och g\u00f6ra ditt bes\u00f6k p\u00e5 v\u00e5r webbplats s\u00e4kert.<\/p>\n<p>Vi har vidtagit olika tekniska och organisatoriska \u00e5tg\u00e4rder mot att dina uppgifter raderas av en h\u00e4ndelse eller olagligen, offentligg\u00f6rs, f\u00f6rloras, f\u00f6rs\u00e4mras eller kommer i or\u00e4tta h\u00e4nder, missbrukas eller p\u00e5 annat s\u00e4tt behandlas i strid mot lagen.<\/p>\n<p>Dina personuppgifter sparas p\u00e5 ett s\u00e4kert och konfidentiellt s\u00e4tt. Vi sparar dina personuppgifter p\u00e5 datorer som \u00e4r placerade i kontrollerade anl\u00e4ggningar och till vilka \u00e5tkomsten \u00e4r begr\u00e4nsad, v\u00e5ra s\u00e4kerhets\u00e5tg\u00e4rder kontrolleras l\u00f6pande f\u00f6r att avg\u00f6ra om v\u00e5ra anv\u00e4ndaruppgifter hanteras p\u00e5 r\u00e4tt s\u00e4tt och vi tar st\u00e4ndigt h\u00e4nsyn till dina r\u00e4ttigheter som anv\u00e4ndare. Det \u00e4r bara ett f\u00e5tal personer med s\u00e4rskilda \u00e5tkomstr\u00e4ttigheter till dessa system som har \u00e5tkomst till uppgifterna och de \u00e4r \u00e5lagda att h\u00e5lla dem konfidentiella. Alla konfidentiella uppgifter, som du anger, krypteras med tekniken SSL (Secure Socket Layer).<\/p>\n<p>&nbsp;<\/p>\n<h3>Hur l\u00e4nge sparar vi dina uppgifter?<\/h3>\n<p>Uppgifterna sparas s\u00e5 l\u00e4nge som det \u00e4r till\u00e5tet enligt lagen och vi raderar dem n\u00e4r de inte l\u00e4ngre beh\u00f6vs. Hur l\u00e4nge beror p\u00e5 vilken typ av uppgifter det \u00e4r och varf\u00f6r de sparas. Det g\u00e5r d\u00e4rf\u00f6r inte att s\u00e4ga n\u00e5gon allm\u00e4n tidsram f\u00f6r n\u00e4r uppgifterna raderas. Cookies raderas automatiskt efter ett visst antal m\u00e5nader (kan variera), men de f\u00f6rnyas efter varje bes\u00f6k.<\/p>\n<p>&nbsp;<\/p>\n<p>Om du har gett ditt samtycke till att vi f\u00e5r kontakta dig via e-post med nyhetsbrev och erbjudanden behandlar vi din e-postadress och dina uppgifter tills det inte l\u00e4ngre \u00e4r relevant. I praktiken inneb\u00e4r det tills du informerar oss om att du inte l\u00e4ngre vill f\u00e5 e-postmeddelanden fr\u00e5n oss. Du kan alltid dra tillbaka ditt samtycke. Det kan du antingen g\u00f6ra genom att anv\u00e4nda l\u00e4nken l\u00e4ngst ned i v\u00e5ra e-postmeddelanden eller genom att kontakta oss via nedanst\u00e5ende kontaktuppgifter.<\/p>\n<p>&nbsp;<\/p>\n<h3>Vem delar vi dina personuppgifter med?<\/h3>\n<p>Vi behandlar dina uppgifter konfidentiellt. Det inneb\u00e4r att vi inte s\u00e4ljer eller \u00f6verf\u00f6r dina uppgifter till tredjeparter, s\u00e5vida du inte har gett oss ett s\u00e4rskilt tillst\u00e5nd f\u00f6r det.<\/p>\n<p>Vi kan anv\u00e4nda supporttj\u00e4nster som levereras av tredjeparter. Det kan omfatta underh\u00e5ll, analys, e-postutskick och hantering av betalningstransaktioner. Dessa behandlar uteslutande uppgifter \u00e5 v\u00e5ra v\u00e4gnar och f\u00e5r inte anv\u00e4nda dem f\u00f6r egna \u00e4ndam\u00e5l. Vi vidtar n\u00f6dv\u00e4ndiga \u00e5tg\u00e4rder f\u00f6r att s\u00e4kerst\u00e4lla att dessa tredejpartsleverant\u00f6rer skyddar dina uppgifter.<\/p>\n<p>Vi anv\u00e4nder enbart personuppgiftsbitr\u00e4den i EU eller i l\u00e4nder som kan ge dina uppgifter ett tillr\u00e4ckligt skydd.<\/p>\n<p>Vi har ing\u00e5tt personuppgiftsbitr\u00e4desavtal med v\u00e5ra personuppgiftsbitr\u00e4den s\u00e5 att fullst\u00e4ndig konfidentialitet garanteras.<\/p>\n<p>&nbsp;<\/p>\n<h3>Inv\u00e4ndningar och klagom\u00e5l<\/h3>\n<p>Du har r\u00e4tt att f\u00e5 veta vilka personuppgifter om dig som vi behandlar. Du kan dessutom alltid inv\u00e4nda mot att uppgifterna anv\u00e4nds. Du kan \u00e4ven dra tillbaka ditt samtycker till att dina personuppgifter behandlas. Om de personuppgifter som behandlas om dig \u00e4r felaktiga har du r\u00e4tt att f\u00e5 dem korrigerade eller raderade. En beg\u00e4ran om detta kan g\u00f6ras p\u00e5 <a href=\"mailto:info@adhoc-translations.com\">info@adhoc-translations.com<\/a>.<\/p>\n<p>Om du vill klaga p\u00e5 v\u00e5r behandling av dina personuppgifter kan du \u00e4ven ta kontakt med\u00a0<a href=\"https:\/\/www.datatilsynet.dk\/english\/\">Datainspektionen<\/a>.<\/p>\n<p><strong>\u00a0<\/strong><\/p>\n<h3>Utgivare<\/h3>\n<p>&nbsp;<\/p>\n<p><strong>Webbplatsen \u00e4gs och publiceras av:<\/strong><\/p>\n<p>AdHoc Translations<\/p>\n<p>Skelb\u00e6kgade 2, 5.<\/p>\n<p>1717 K\u00f6penhamn V<\/p>\n<p>Danmark<\/p>\n<p><a href=\"mailto:info@adhoc-translations.com\">info@adhoc-translations.com<\/a><\/p>\n<p>+45 3391 0919<\/p>\n<p><strong>\u00a0<\/strong><\/p>\n<h3>Kontakta oss<\/h3>\n<p>Om du har \u00e5sikter eller fr\u00e5gor i samband med v\u00e5r information och\/eller behandling av personuppgifter \u00e4r du v\u00e4lkommen att kontakta oss.<\/p>\n<p>AdHoc Translations<\/p>\n<p>Skelb\u00e6kgade 2, 5.<\/p>\n<p>1717 K\u00f6penhamn V<\/p>\n<p>Danmark<\/p>\n<p><a href=\"mailto:info@adhoc-translations.com\">info@adhoc-translations.com<\/a><\/p>\n<p>+45 3391 0919<\/p>\n<p>&nbsp;<\/p>\n<p>Senaste redigering den 19 maj 2018[\/et_pb_text][\/et_pb_column][\/et_pb_row][\/et_pb_section]<\/p>\n","protected":false},"excerpt":{"rendered":"<p>Cookie- och integritetspolicy Introduktion N\u00e4r du bes\u00f6ker v\u00e5r webbplats samlas uppgifter om dig in. Uppgifter som anv\u00e4nds f\u00f6r att anpassa och f\u00f6rb\u00e4ttra v\u00e5rt inneh\u00e5ll och g\u00f6ra din upplevelse av v\u00e5r [&hellip;]<\/p>\n","protected":false},"author":898233,"featured_media":0,"parent":0,"menu_order":0,"comment_status":"closed","ping_status":"closed","template":"","meta":{"_et_pb_use_builder":"on","_et_pb_old_content":"","_et_gb_content_width":"","footnotes":""},"class_list":["post-12552","page","type-page","status-publish","hentry"],"yoast_head":"<!-- This site is optimized with the Yoast SEO plugin v27.3 - https:\/\/yoast.com\/product\/yoast-seo-wordpress\/ -->\n<title>Privacy policy - l\u00e4s om cookies och integritetspolicy<\/title>\n<meta name=\"description\" content=\"Allm\u00e4nna villkor f\u00f6r spr\u00e5ktj\u00e4nster som best\u00e4lls fr\u00e5n AdHoc Translations - se vilka regler, villkor och lagar som reglerar v\u00e5ra avtal med v\u00e5ra kunder.\" \/>\n<meta name=\"robots\" content=\"index, follow, max-snippet:-1, max-image-preview:large, max-video-preview:-1\" \/>\n<link rel=\"canonical\" href=\"https:\/\/www.adhoc-translations.com\/sv\/privacy-policy\/\" \/>\n<meta property=\"og:locale\" content=\"sv_SE\" \/>\n<meta property=\"og:type\" content=\"article\" \/>\n<meta property=\"og:title\" content=\"Privacy policy - l\u00e4s om cookies och integritetspolicy\" \/>\n<meta property=\"og:description\" content=\"Allm\u00e4nna villkor f\u00f6r spr\u00e5ktj\u00e4nster som best\u00e4lls fr\u00e5n AdHoc Translations - se vilka regler, villkor och lagar som reglerar v\u00e5ra avtal med v\u00e5ra kunder.\" \/>\n<meta property=\"og:url\" content=\"https:\/\/www.adhoc-translations.com\/sv\/privacy-policy\/\" \/>\n<meta property=\"og:site_name\" content=\"AdHoc Translations\" \/>\n<meta property=\"article:publisher\" content=\"https:\/\/www.facebook.com\/AdHocTranslations\/\" \/>\n<meta property=\"article:modified_time\" content=\"2020-03-09T08:05:20+00:00\" \/>\n<meta name=\"twitter:card\" content=\"summary_large_image\" \/>\n<meta name=\"twitter:site\" content=\"@AdHoc_Language\" \/>\n<meta name=\"twitter:label1\" content=\"Ber\u00e4knad l\u00e4stid\" \/>\n\t<meta name=\"twitter:data1\" content=\"8 minuter\" \/>\n<script type=\"application\/ld+json\" class=\"yoast-schema-graph\">{\"@context\":\"https:\\\/\\\/schema.org\",\"@graph\":[{\"@type\":\"WebPage\",\"@id\":\"https:\\\/\\\/www.adhoc-translations.com\\\/sv\\\/privacy-policy\\\/\",\"url\":\"https:\\\/\\\/www.adhoc-translations.com\\\/sv\\\/privacy-policy\\\/\",\"name\":\"Privacy policy - l\u00e4s om cookies och integritetspolicy\",\"isPartOf\":{\"@id\":\"https:\\\/\\\/www.adhoc-translations.com\\\/#website\"},\"datePublished\":\"2018-10-13T12:57:54+00:00\",\"dateModified\":\"2020-03-09T08:05:20+00:00\",\"description\":\"Allm\u00e4nna villkor f\u00f6r spr\u00e5ktj\u00e4nster som best\u00e4lls fr\u00e5n AdHoc Translations - se vilka regler, villkor och lagar som reglerar v\u00e5ra avtal med v\u00e5ra kunder.\",\"breadcrumb\":{\"@id\":\"https:\\\/\\\/www.adhoc-translations.com\\\/sv\\\/privacy-policy\\\/#breadcrumb\"},\"inLanguage\":\"sv-SE\",\"potentialAction\":[{\"@type\":\"ReadAction\",\"target\":[\"https:\\\/\\\/www.adhoc-translations.com\\\/sv\\\/privacy-policy\\\/\"]}]},{\"@type\":\"BreadcrumbList\",\"@id\":\"https:\\\/\\\/www.adhoc-translations.com\\\/sv\\\/privacy-policy\\\/#breadcrumb\",\"itemListElement\":[{\"@type\":\"ListItem\",\"position\":1,\"name\":\"Home\",\"item\":\"https:\\\/\\\/www.adhoc-translations.com\\\/sv\\\/\"},{\"@type\":\"ListItem\",\"position\":2,\"name\":\"Privacy policy\"}]},{\"@type\":\"WebSite\",\"@id\":\"https:\\\/\\\/www.adhoc-translations.com\\\/#website\",\"url\":\"https:\\\/\\\/www.adhoc-translations.com\\\/\",\"name\":\"AdHoc Translations\",\"description\":\"Global communication made easy\",\"publisher\":{\"@id\":\"https:\\\/\\\/www.adhoc-translations.com\\\/#organization\"},\"potentialAction\":[{\"@type\":\"SearchAction\",\"target\":{\"@type\":\"EntryPoint\",\"urlTemplate\":\"https:\\\/\\\/www.adhoc-translations.com\\\/?s={search_term_string}\"},\"query-input\":{\"@type\":\"PropertyValueSpecification\",\"valueRequired\":true,\"valueName\":\"search_term_string\"}}],\"inLanguage\":\"sv-SE\"},{\"@type\":\"Organization\",\"@id\":\"https:\\\/\\\/www.adhoc-translations.com\\\/#organization\",\"name\":\"AdHoc Translations\",\"url\":\"https:\\\/\\\/www.adhoc-translations.com\\\/\",\"logo\":{\"@type\":\"ImageObject\",\"inLanguage\":\"sv-SE\",\"@id\":\"https:\\\/\\\/www.adhoc-translations.com\\\/#\\\/schema\\\/logo\\\/image\\\/\",\"url\":\"https:\\\/\\\/www.adhoc-translations.com\\\/wp-content\\\/uploads\\\/2022\\\/08\\\/there-for-you.png\",\"contentUrl\":\"https:\\\/\\\/www.adhoc-translations.com\\\/wp-content\\\/uploads\\\/2022\\\/08\\\/there-for-you.png\",\"width\":1200,\"height\":1200,\"caption\":\"AdHoc Translations\"},\"image\":{\"@id\":\"https:\\\/\\\/www.adhoc-translations.com\\\/#\\\/schema\\\/logo\\\/image\\\/\"},\"sameAs\":[\"https:\\\/\\\/www.facebook.com\\\/AdHocTranslations\\\/\",\"https:\\\/\\\/x.com\\\/AdHoc_Language\",\"https:\\\/\\\/www.linkedin.com\\\/company\\\/ad-hoc-translations-a-s\\\/\",\"https:\\\/\\\/www.youtube.com\\\/channel\\\/UC6GxzaVOMxSFOqvl2ACKLuA\"]}]}<\/script>\n<!-- \/ Yoast SEO plugin. -->","yoast_head_json":{"title":"Privacy policy - l\u00e4s om cookies och integritetspolicy","description":"Allm\u00e4nna villkor f\u00f6r spr\u00e5ktj\u00e4nster som best\u00e4lls fr\u00e5n AdHoc Translations - se vilka regler, villkor och lagar som reglerar v\u00e5ra avtal med v\u00e5ra kunder.","robots":{"index":"index","follow":"follow","max-snippet":"max-snippet:-1","max-image-preview":"max-image-preview:large","max-video-preview":"max-video-preview:-1"},"canonical":"https:\/\/www.adhoc-translations.com\/sv\/privacy-policy\/","og_locale":"sv_SE","og_type":"article","og_title":"Privacy policy - l\u00e4s om cookies och integritetspolicy","og_description":"Allm\u00e4nna villkor f\u00f6r spr\u00e5ktj\u00e4nster som best\u00e4lls fr\u00e5n AdHoc Translations - se vilka regler, villkor och lagar som reglerar v\u00e5ra avtal med v\u00e5ra kunder.","og_url":"https:\/\/www.adhoc-translations.com\/sv\/privacy-policy\/","og_site_name":"AdHoc Translations","article_publisher":"https:\/\/www.facebook.com\/AdHocTranslations\/","article_modified_time":"2020-03-09T08:05:20+00:00","twitter_card":"summary_large_image","twitter_site":"@AdHoc_Language","twitter_misc":{"Ber\u00e4knad l\u00e4stid":"8 minuter"},"schema":{"@context":"https:\/\/schema.org","@graph":[{"@type":"WebPage","@id":"https:\/\/www.adhoc-translations.com\/sv\/privacy-policy\/","url":"https:\/\/www.adhoc-translations.com\/sv\/privacy-policy\/","name":"Privacy policy - l\u00e4s om cookies och integritetspolicy","isPartOf":{"@id":"https:\/\/www.adhoc-translations.com\/#website"},"datePublished":"2018-10-13T12:57:54+00:00","dateModified":"2020-03-09T08:05:20+00:00","description":"Allm\u00e4nna villkor f\u00f6r spr\u00e5ktj\u00e4nster som best\u00e4lls fr\u00e5n AdHoc Translations - se vilka regler, villkor och lagar som reglerar v\u00e5ra avtal med v\u00e5ra kunder.","breadcrumb":{"@id":"https:\/\/www.adhoc-translations.com\/sv\/privacy-policy\/#breadcrumb"},"inLanguage":"sv-SE","potentialAction":[{"@type":"ReadAction","target":["https:\/\/www.adhoc-translations.com\/sv\/privacy-policy\/"]}]},{"@type":"BreadcrumbList","@id":"https:\/\/www.adhoc-translations.com\/sv\/privacy-policy\/#breadcrumb","itemListElement":[{"@type":"ListItem","position":1,"name":"Home","item":"https:\/\/www.adhoc-translations.com\/sv\/"},{"@type":"ListItem","position":2,"name":"Privacy policy"}]},{"@type":"WebSite","@id":"https:\/\/www.adhoc-translations.com\/#website","url":"https:\/\/www.adhoc-translations.com\/","name":"AdHoc Translations","description":"Global communication made easy","publisher":{"@id":"https:\/\/www.adhoc-translations.com\/#organization"},"potentialAction":[{"@type":"SearchAction","target":{"@type":"EntryPoint","urlTemplate":"https:\/\/www.adhoc-translations.com\/?s={search_term_string}"},"query-input":{"@type":"PropertyValueSpecification","valueRequired":true,"valueName":"search_term_string"}}],"inLanguage":"sv-SE"},{"@type":"Organization","@id":"https:\/\/www.adhoc-translations.com\/#organization","name":"AdHoc Translations","url":"https:\/\/www.adhoc-translations.com\/","logo":{"@type":"ImageObject","inLanguage":"sv-SE","@id":"https:\/\/www.adhoc-translations.com\/#\/schema\/logo\/image\/","url":"https:\/\/www.adhoc-translations.com\/wp-content\/uploads\/2022\/08\/there-for-you.png","contentUrl":"https:\/\/www.adhoc-translations.com\/wp-content\/uploads\/2022\/08\/there-for-you.png","width":1200,"height":1200,"caption":"AdHoc Translations"},"image":{"@id":"https:\/\/www.adhoc-translations.com\/#\/schema\/logo\/image\/"},"sameAs":["https:\/\/www.facebook.com\/AdHocTranslations\/","https:\/\/x.com\/AdHoc_Language","https:\/\/www.linkedin.com\/company\/ad-hoc-translations-a-s\/","https:\/\/www.youtube.com\/channel\/UC6GxzaVOMxSFOqvl2ACKLuA"]}]}},"_links":{"self":[{"href":"https:\/\/www.adhoc-translations.com\/sv\/wp-json\/wp\/v2\/pages\/12552","targetHints":{"allow":["GET"]}}],"collection":[{"href":"https:\/\/www.adhoc-translations.com\/sv\/wp-json\/wp\/v2\/pages"}],"about":[{"href":"https:\/\/www.adhoc-translations.com\/sv\/wp-json\/wp\/v2\/types\/page"}],"author":[{"embeddable":true,"href":"https:\/\/www.adhoc-translations.com\/sv\/wp-json\/wp\/v2\/users\/898233"}],"replies":[{"embeddable":true,"href":"https:\/\/www.adhoc-translations.com\/sv\/wp-json\/wp\/v2\/comments?post=12552"}],"version-history":[{"count":4,"href":"https:\/\/www.adhoc-translations.com\/sv\/wp-json\/wp\/v2\/pages\/12552\/revisions"}],"predecessor-version":[{"id":31737,"href":"https:\/\/www.adhoc-translations.com\/sv\/wp-json\/wp\/v2\/pages\/12552\/revisions\/31737"}],"wp:attachment":[{"href":"https:\/\/www.adhoc-translations.com\/sv\/wp-json\/wp\/v2\/media?parent=12552"}],"curies":[{"name":"wp","href":"https:\/\/api.w.org\/{rel}","templated":true}]}}