{"id":12583,"date":"2018-10-13T14:58:01","date_gmt":"2018-10-13T12:58:01","guid":{"rendered":"https:\/\/www.adhoc-translations.com\/nyhetsbrev\/"},"modified":"2021-01-31T16:17:23","modified_gmt":"2021-01-31T15:17:23","slug":"nyhetsbrev","status":"publish","type":"page","link":"https:\/\/www.adhoc-translations.com\/sv\/nyhetsbrev\/","title":{"rendered":"Nyhetsbrev"},"content":{"rendered":"<p>[et_pb_section fb_built=&#8221;1&#8243; module_class=&#8221;height-100&#8243; _builder_version=&#8221;3.26.3&#8243; background_image=&#8221;https:\/\/www.adhoc-translations.com\/wp-content\/uploads\/2019\/07\/nyhedsbrev-sign-up.png&#8221; background_position=&#8221;center_left&#8221; inner_width_tablet=&#8221;50px&#8221; inner_max_width_tablet=&#8221;50px&#8221; z_index_tablet=&#8221;500&#8243; box_shadow_horizontal_tablet=&#8221;0px&#8221; box_shadow_vertical_tablet=&#8221;0px&#8221; box_shadow_blur_tablet=&#8221;40px&#8221; box_shadow_spread_tablet=&#8221;0px&#8221;][et_pb_row module_class=&#8221;et_pb_animation_top et-animated et-waypoint&#8221; _builder_version=&#8221;3.25&#8243; background_size=&#8221;initial&#8221; background_position=&#8221;top_left&#8221; background_repeat=&#8221;repeat&#8221; make_fullwidth=&#8221;off&#8221; use_custom_width=&#8221;off&#8221; width_unit=&#8221;on&#8221; custom_width_px=&#8221;1080px&#8221; custom_width_percent=&#8221;80%&#8221;][et_pb_column type=&#8221;4_4&#8243; _builder_version=&#8221;3.25&#8243; custom_padding=&#8221;|||&#8221; custom_padding__hover=&#8221;|||&#8221;][et_pb_text _builder_version=&#8221;3.27.4&#8243; header_font_size=&#8221;40px&#8221; background_size=&#8221;initial&#8221; background_position=&#8221;top_left&#8221; background_repeat=&#8221;repeat&#8221; text_orientation=&#8221;center&#8221; background_layout=&#8221;dark&#8221; module_alignment=&#8221;center&#8221; use_border_color=&#8221;off&#8221;]<\/p>\n<h1>Missa inte-<\/h1>\n<h2>tips, erbjudanden och sp\u00e4nnande artiklar om spr\u00e5k och \u00f6vers\u00e4ttning<\/h2>\n<p>[\/et_pb_text][\/et_pb_column][\/et_pb_row][et_pb_row _builder_version=&#8221;4.8.2&#8243; background_size=&#8221;initial&#8221; background_position=&#8221;top_left&#8221; background_repeat=&#8221;repeat&#8221; width=&#8221;45%&#8221; width_phone=&#8221;50px&#8221; max_width=&#8221;45%&#8221; max_width_phone=&#8221;1280px&#8221; custom_padding=&#8221;|100px||100px|false|false&#8221; z_index_tablet=&#8221;500&#8243;][et_pb_column type=&#8221;4_4&#8243; _builder_version=&#8221;3.25&#8243; custom_padding=&#8221;|||&#8221; custom_padding__hover=&#8221;|||&#8221;][et_pb_text _builder_version=&#8221;4.8.2&#8243; background_size=&#8221;initial&#8221; background_position=&#8221;top_left&#8221; background_repeat=&#8221;repeat&#8221; text_orientation=&#8221;center&#8221; background_layout=&#8221;dark&#8221; module_alignment=&#8221;center&#8221; hover_enabled=&#8221;0&#8243; use_border_color=&#8221;off&#8221; sticky_enabled=&#8221;0&#8243;]<\/p>\n<p>\n<!-- Begin Mailchimp Signup Form -->\n<link href=\"\/\/cdn-images.mailchimp.com\/embedcode\/classic-10_7.css\" rel=\"stylesheet\" type=\"text\/css\">\n<style type=\"text\/css\">\n#mc_embed_signup{clear:left; font:14px open sans; }\n.submitbutton {background-color:#f99d1c ; color:#fff; width:95%; font-weight:bold;padding:5px;}\n#mc_embed_signup #mce-success-response {color: #f99d1c!important;}\n\t\t\/* Add your own Mailchimp form style overrides in your site stylesheet or in this style block.\n\t   We recommend moving this block and the preceding CSS link to the HEAD of your HTML file. *\/\n<\/style>\n<div id=\"mc_embed_signup\">\n<form action=\"https:\/\/adhoc-translations.us12.list-manage.com\/subscribe\/post?u=20421bc9c952e6caafdb2a20b&amp;id=4389bc8eb7\" method=\"post\" id=\"mc-embedded-subscribe-form\" name=\"mc-embedded-subscribe-form\" class=\"validate\" target=\"_blank\" novalidate>\n<div id=\"mc_embed_signup_scroll\">\n<div class=\"mc-field-group\">\n<p>\t<input type=\"text\" value=\"\" placeholder=\"Ditt namn\"  name=\"FNAME\" class=\"\" id=\"mce-FNAME\">\n<\/div>\n<div class=\"mc-field-group\">\n<p>\t<input type=\"email\" value=\"\" placeholder=\"E-mail\"  name=\"EMAIL\" class=\"required email\" id=\"mce-EMAIL\">\n<\/div>\n<div class=\"mc-field-group\">\n<p>\t<select name=\"MMERGE2\" class=\"\" id=\"mce-MMERGE2\"><option value=\"\" disabled selected>Din bransch<\/option><option value=\"Juridik\">Juridik<\/option><option value=\"Fordon\">Fordon<\/option><option value=\"Bygg och anl\u00e4ggning\">Bygg och anl\u00e4ggning<\/option><option value=\"Energi och milj\u00f6\">Energi och milj\u00f6<\/option><option value=\"Finans och f\u00f6rs\u00e4kring\">Finans och f\u00f6rs\u00e4kring<\/option><option value=\"Handel, industri och service\">Handel, industri och service<\/option><option value=\"IT och telekom\">IT och telekom<\/option><option value=\"Livsvetenskap\">Livsvetenskap<\/option><option value=\"Det offentliga\">Det offentliga<\/option><option value=\"Medier\">Medier<\/option><option value=\"Mode, konst och kultur\">Mode, konst och kultur<\/option><option value=\"Robotteknologi\">Robotteknologi<\/option><\/select>\n<\/div>\n<div class=\"mc-field-group input-group\">\n    <strong>Godk\u00e4nnande <\/strong><\/p>\n<ul>\n<li><input type=\"checkbox\" value=\"1\" name=\"group[18261][1]\" id=\"mce-group[18261]-18261-0\"><label for=\"mce-group[18261]-18261-0\">Jag godk\u00e4nner h\u00e4rmed Adhoc Translations<a href=\"https:\/\/www.adhoc-translations.com\/sv\/privacy-policy\/\"> integritetspolicy<\/a> och bekr\u00e4ftar samtidigt att ni f\u00e5r anv\u00e4nda mina personuppgifter f\u00f6r att skicka mig e-post med nyheter, erbjudanden och information om v\u00e5ra produkter och tj\u00e4nster. Jag kan avsluta prenumerationen n\u00e4r som helst.<\/label><\/li>\n<\/ul>\n<\/div>\n<div id=\"mce-responses\" class=\"clear\">\n<div class=\"response\" id=\"mce-error-response\" style=\"display:none\"><\/div>\n<div class=\"response\" id=\"mce-success-response\" style=\"display:none\"><\/div>\n<\/p><\/div>\n<p>    <!-- real people should not fill this in and expect good things - do not remove this or risk form bot signups--><\/p>\n<div style=\"position: absolute; left: -5000px;\" aria-hidden=\"true\"><input type=\"text\" name=\"b_20421bc9c952e6caafdb2a20b_4389bc8eb7\" tabindex=\"-1\" value=\"\"><\/div>\n<div class=\"clear\"><input type=\"submit\" value=\"PRENUMERERA\" name=\"subscribe\" id=\"\" class=\"submitbutton\"><\/div>\n<\/p><\/div>\n<\/form>\n<\/div>\n<p><script type='text\/javascript' src='\/\/s3.amazonaws.com\/downloads.mailchimp.com\/js\/mc-validate.js'><\/script><script type='text\/javascript'>(function($) {window.fnames = new Array(); window.ftypes = new Array();fnames[1]='FNAME';ftypes[1]='text';fnames[0]='EMAIL';ftypes[0]='email';fnames[2]='MMERGE2';ftypes[2]='dropdown';}(jQuery));var $mcj = jQuery.noConflict(true);<\/script><br \/>\n<!--End mc_embed_signup-->[\/et_pb_text][\/et_pb_column][\/et_pb_row][\/et_pb_section]<\/p>\n","protected":false},"excerpt":{"rendered":"<p>Missa inte- tips, erbjudanden och sp\u00e4nnande artiklar om spr\u00e5k och \u00f6vers\u00e4ttning Din bransch Juridik Fordon Bygg och anl\u00e4ggning Energi och milj\u00f6 Finans och f\u00f6rs\u00e4kring Handel, industri och service IT och [&hellip;]<\/p>\n","protected":false},"author":898233,"featured_media":0,"parent":0,"menu_order":0,"comment_status":"closed","ping_status":"closed","template":"","meta":{"_et_pb_use_builder":"on","_et_pb_old_content":"","_et_gb_content_width":"","footnotes":""},"class_list":["post-12583","page","type-page","status-publish","hentry"],"yoast_head":"<!-- This site is optimized with the Yoast SEO plugin v27.4 - https:\/\/yoast.com\/product\/yoast-seo-wordpress\/ -->\n<title>Nyhetsbrev - goda r\u00e5d och sp\u00e4nnande artiklar fr\u00e5n AdHoc Translations<\/title>\n<meta name=\"description\" content=\"AdHoc Translations erbjuder professionell DTP (Desktop Publishing) och layout av ditt material s\u00e5 att du f\u00e5r tillbaka utskriftsklara filer.\" \/>\n<meta name=\"robots\" content=\"index, follow, max-snippet:-1, max-image-preview:large, max-video-preview:-1\" \/>\n<link rel=\"canonical\" href=\"https:\/\/www.adhoc-translations.com\/sv\/nyhetsbrev\/\" \/>\n<meta property=\"og:locale\" content=\"sv_SE\" \/>\n<meta property=\"og:type\" content=\"article\" \/>\n<meta property=\"og:title\" content=\"Nyhetsbrev - goda r\u00e5d och sp\u00e4nnande artiklar fr\u00e5n AdHoc Translations\" \/>\n<meta property=\"og:description\" content=\"AdHoc Translations erbjuder professionell DTP (Desktop Publishing) och layout av ditt material s\u00e5 att du f\u00e5r tillbaka utskriftsklara filer.\" \/>\n<meta property=\"og:url\" content=\"https:\/\/www.adhoc-translations.com\/sv\/nyhetsbrev\/\" \/>\n<meta property=\"og:site_name\" content=\"AdHoc Translations\" \/>\n<meta property=\"article:publisher\" content=\"https:\/\/www.facebook.com\/AdHocTranslations\/\" \/>\n<meta property=\"article:modified_time\" content=\"2021-01-31T15:17:23+00:00\" \/>\n<meta name=\"twitter:card\" content=\"summary_large_image\" \/>\n<meta name=\"twitter:site\" content=\"@AdHoc_Language\" \/>\n<meta name=\"twitter:label1\" content=\"Ber\u00e4knad l\u00e4stid\" \/>\n\t<meta name=\"twitter:data1\" content=\"2 minuter\" \/>\n<script type=\"application\/ld+json\" class=\"yoast-schema-graph\">{\"@context\":\"https:\\\/\\\/schema.org\",\"@graph\":[{\"@type\":\"WebPage\",\"@id\":\"https:\\\/\\\/www.adhoc-translations.com\\\/sv\\\/nyhetsbrev\\\/\",\"url\":\"https:\\\/\\\/www.adhoc-translations.com\\\/sv\\\/nyhetsbrev\\\/\",\"name\":\"Nyhetsbrev - goda r\u00e5d och sp\u00e4nnande artiklar fr\u00e5n AdHoc Translations\",\"isPartOf\":{\"@id\":\"https:\\\/\\\/www.adhoc-translations.com\\\/#website\"},\"datePublished\":\"2018-10-13T12:58:01+00:00\",\"dateModified\":\"2021-01-31T15:17:23+00:00\",\"description\":\"AdHoc Translations erbjuder professionell DTP (Desktop Publishing) och layout av ditt material s\u00e5 att du f\u00e5r tillbaka utskriftsklara filer.\",\"breadcrumb\":{\"@id\":\"https:\\\/\\\/www.adhoc-translations.com\\\/sv\\\/nyhetsbrev\\\/#breadcrumb\"},\"inLanguage\":\"sv-SE\",\"potentialAction\":[{\"@type\":\"ReadAction\",\"target\":[\"https:\\\/\\\/www.adhoc-translations.com\\\/sv\\\/nyhetsbrev\\\/\"]}]},{\"@type\":\"BreadcrumbList\",\"@id\":\"https:\\\/\\\/www.adhoc-translations.com\\\/sv\\\/nyhetsbrev\\\/#breadcrumb\",\"itemListElement\":[{\"@type\":\"ListItem\",\"position\":1,\"name\":\"Home\",\"item\":\"https:\\\/\\\/www.adhoc-translations.com\\\/sv\\\/\"},{\"@type\":\"ListItem\",\"position\":2,\"name\":\"Nyhetsbrev\"}]},{\"@type\":\"WebSite\",\"@id\":\"https:\\\/\\\/www.adhoc-translations.com\\\/#website\",\"url\":\"https:\\\/\\\/www.adhoc-translations.com\\\/\",\"name\":\"AdHoc Translations\",\"description\":\"Global communication made easy\",\"publisher\":{\"@id\":\"https:\\\/\\\/www.adhoc-translations.com\\\/#organization\"},\"potentialAction\":[{\"@type\":\"SearchAction\",\"target\":{\"@type\":\"EntryPoint\",\"urlTemplate\":\"https:\\\/\\\/www.adhoc-translations.com\\\/?s={search_term_string}\"},\"query-input\":{\"@type\":\"PropertyValueSpecification\",\"valueRequired\":true,\"valueName\":\"search_term_string\"}}],\"inLanguage\":\"sv-SE\"},{\"@type\":\"Organization\",\"@id\":\"https:\\\/\\\/www.adhoc-translations.com\\\/#organization\",\"name\":\"AdHoc Translations\",\"url\":\"https:\\\/\\\/www.adhoc-translations.com\\\/\",\"logo\":{\"@type\":\"ImageObject\",\"inLanguage\":\"sv-SE\",\"@id\":\"https:\\\/\\\/www.adhoc-translations.com\\\/#\\\/schema\\\/logo\\\/image\\\/\",\"url\":\"https:\\\/\\\/www.adhoc-translations.com\\\/wp-content\\\/uploads\\\/2022\\\/08\\\/there-for-you.png\",\"contentUrl\":\"https:\\\/\\\/www.adhoc-translations.com\\\/wp-content\\\/uploads\\\/2022\\\/08\\\/there-for-you.png\",\"width\":1200,\"height\":1200,\"caption\":\"AdHoc Translations\"},\"image\":{\"@id\":\"https:\\\/\\\/www.adhoc-translations.com\\\/#\\\/schema\\\/logo\\\/image\\\/\"},\"sameAs\":[\"https:\\\/\\\/www.facebook.com\\\/AdHocTranslations\\\/\",\"https:\\\/\\\/x.com\\\/AdHoc_Language\",\"https:\\\/\\\/www.linkedin.com\\\/company\\\/ad-hoc-translations-a-s\\\/\",\"https:\\\/\\\/www.youtube.com\\\/channel\\\/UC6GxzaVOMxSFOqvl2ACKLuA\"]}]}<\/script>\n<!-- \/ Yoast SEO plugin. -->","yoast_head_json":{"title":"Nyhetsbrev - goda r\u00e5d och sp\u00e4nnande artiklar fr\u00e5n AdHoc Translations","description":"AdHoc Translations erbjuder professionell DTP (Desktop Publishing) och layout av ditt material s\u00e5 att du f\u00e5r tillbaka utskriftsklara filer.","robots":{"index":"index","follow":"follow","max-snippet":"max-snippet:-1","max-image-preview":"max-image-preview:large","max-video-preview":"max-video-preview:-1"},"canonical":"https:\/\/www.adhoc-translations.com\/sv\/nyhetsbrev\/","og_locale":"sv_SE","og_type":"article","og_title":"Nyhetsbrev - goda r\u00e5d och sp\u00e4nnande artiklar fr\u00e5n AdHoc Translations","og_description":"AdHoc Translations erbjuder professionell DTP (Desktop Publishing) och layout av ditt material s\u00e5 att du f\u00e5r tillbaka utskriftsklara filer.","og_url":"https:\/\/www.adhoc-translations.com\/sv\/nyhetsbrev\/","og_site_name":"AdHoc Translations","article_publisher":"https:\/\/www.facebook.com\/AdHocTranslations\/","article_modified_time":"2021-01-31T15:17:23+00:00","twitter_card":"summary_large_image","twitter_site":"@AdHoc_Language","twitter_misc":{"Ber\u00e4knad l\u00e4stid":"2 minuter"},"schema":{"@context":"https:\/\/schema.org","@graph":[{"@type":"WebPage","@id":"https:\/\/www.adhoc-translations.com\/sv\/nyhetsbrev\/","url":"https:\/\/www.adhoc-translations.com\/sv\/nyhetsbrev\/","name":"Nyhetsbrev - goda r\u00e5d och sp\u00e4nnande artiklar fr\u00e5n AdHoc Translations","isPartOf":{"@id":"https:\/\/www.adhoc-translations.com\/#website"},"datePublished":"2018-10-13T12:58:01+00:00","dateModified":"2021-01-31T15:17:23+00:00","description":"AdHoc Translations erbjuder professionell DTP (Desktop Publishing) och layout av ditt material s\u00e5 att du f\u00e5r tillbaka utskriftsklara filer.","breadcrumb":{"@id":"https:\/\/www.adhoc-translations.com\/sv\/nyhetsbrev\/#breadcrumb"},"inLanguage":"sv-SE","potentialAction":[{"@type":"ReadAction","target":["https:\/\/www.adhoc-translations.com\/sv\/nyhetsbrev\/"]}]},{"@type":"BreadcrumbList","@id":"https:\/\/www.adhoc-translations.com\/sv\/nyhetsbrev\/#breadcrumb","itemListElement":[{"@type":"ListItem","position":1,"name":"Home","item":"https:\/\/www.adhoc-translations.com\/sv\/"},{"@type":"ListItem","position":2,"name":"Nyhetsbrev"}]},{"@type":"WebSite","@id":"https:\/\/www.adhoc-translations.com\/#website","url":"https:\/\/www.adhoc-translations.com\/","name":"AdHoc Translations","description":"Global communication made easy","publisher":{"@id":"https:\/\/www.adhoc-translations.com\/#organization"},"potentialAction":[{"@type":"SearchAction","target":{"@type":"EntryPoint","urlTemplate":"https:\/\/www.adhoc-translations.com\/?s={search_term_string}"},"query-input":{"@type":"PropertyValueSpecification","valueRequired":true,"valueName":"search_term_string"}}],"inLanguage":"sv-SE"},{"@type":"Organization","@id":"https:\/\/www.adhoc-translations.com\/#organization","name":"AdHoc Translations","url":"https:\/\/www.adhoc-translations.com\/","logo":{"@type":"ImageObject","inLanguage":"sv-SE","@id":"https:\/\/www.adhoc-translations.com\/#\/schema\/logo\/image\/","url":"https:\/\/www.adhoc-translations.com\/wp-content\/uploads\/2022\/08\/there-for-you.png","contentUrl":"https:\/\/www.adhoc-translations.com\/wp-content\/uploads\/2022\/08\/there-for-you.png","width":1200,"height":1200,"caption":"AdHoc Translations"},"image":{"@id":"https:\/\/www.adhoc-translations.com\/#\/schema\/logo\/image\/"},"sameAs":["https:\/\/www.facebook.com\/AdHocTranslations\/","https:\/\/x.com\/AdHoc_Language","https:\/\/www.linkedin.com\/company\/ad-hoc-translations-a-s\/","https:\/\/www.youtube.com\/channel\/UC6GxzaVOMxSFOqvl2ACKLuA"]}]}},"_links":{"self":[{"href":"https:\/\/www.adhoc-translations.com\/sv\/wp-json\/wp\/v2\/pages\/12583","targetHints":{"allow":["GET"]}}],"collection":[{"href":"https:\/\/www.adhoc-translations.com\/sv\/wp-json\/wp\/v2\/pages"}],"about":[{"href":"https:\/\/www.adhoc-translations.com\/sv\/wp-json\/wp\/v2\/types\/page"}],"author":[{"embeddable":true,"href":"https:\/\/www.adhoc-translations.com\/sv\/wp-json\/wp\/v2\/users\/898233"}],"replies":[{"embeddable":true,"href":"https:\/\/www.adhoc-translations.com\/sv\/wp-json\/wp\/v2\/comments?post=12583"}],"version-history":[{"count":5,"href":"https:\/\/www.adhoc-translations.com\/sv\/wp-json\/wp\/v2\/pages\/12583\/revisions"}],"predecessor-version":[{"id":36637,"href":"https:\/\/www.adhoc-translations.com\/sv\/wp-json\/wp\/v2\/pages\/12583\/revisions\/36637"}],"wp:attachment":[{"href":"https:\/\/www.adhoc-translations.com\/sv\/wp-json\/wp\/v2\/media?parent=12583"}],"curies":[{"name":"wp","href":"https:\/\/api.w.org\/{rel}","templated":true}]}}