{"id":12584,"date":"2018-10-13T14:58:01","date_gmt":"2018-10-13T12:58:01","guid":{"rendered":"https:\/\/www.adhoc-translations.com\/blogg\/"},"modified":"2019-07-26T15:24:18","modified_gmt":"2019-07-26T13:24:18","slug":"blogg","status":"publish","type":"page","link":"https:\/\/www.adhoc-translations.com\/sv\/blogg\/","title":{"rendered":"Blogg"},"content":{"rendered":"<p>[et_pb_section bb_built=&#8221;1&#8243; admin_label=&#8221;Sektion&#8221; background_image=&#8221;https:\/\/www.adhoc-translations.com\/wp-content\/uploads\/2019\/07\/blog-header.jpg&#8221; parallax_method=&#8221;off&#8221; specialty=&#8221;off&#8221; disabled=&#8221;off&#8221; next_background_color=&#8221;#f3f3f3&#8243; inner_width_tablet=&#8221;50px&#8221; inner_max_width_tablet=&#8221;100px&#8221; inner_max_width_phone=&#8221;50px&#8221; _builder_version=&#8221;3.26.3&#8243; box_shadow_horizontal_tablet=&#8221;0px&#8221; box_shadow_vertical_tablet=&#8221;0px&#8221; box_shadow_blur_tablet=&#8221;40px&#8221; box_shadow_spread_tablet=&#8221;0px&#8221; z_index_tablet=&#8221;500&#8243; custom_padding=&#8221;100px||100px|&#8221;][et_pb_row admin_label=&#8221;R\u00e6kke&#8221; make_fullwidth=&#8221;off&#8221; use_custom_width=&#8221;off&#8221; width_unit=&#8221;on&#8221; custom_width_px=&#8221;1080px&#8221; custom_width_percent=&#8221;80%&#8221; use_custom_gutter=&#8221;off&#8221; gutter_width=&#8221;3&#8243; allow_player_pause=&#8221;off&#8221; parallax=&#8221;off&#8221; parallax_method=&#8221;off&#8221; make_equal=&#8221;off&#8221; module_class=&#8221;et_pb_animation_top et-animated et-waypoint&#8221; disabled=&#8221;off&#8221; background_position=&#8221;top_left&#8221; background_repeat=&#8221;repeat&#8221; background_size=&#8221;initial&#8221; width=&#8221;80%&#8221; max_width=&#8221;1080px&#8221;][et_pb_column type=&#8221;4_4&#8243; custom_padding__hover=&#8221;|||&#8221; custom_padding=&#8221;|||&#8221; parallax_method=&#8221;off&#8221;][et_pb_text admin_label=&#8221;Tekst&#8221; background_layout=&#8221;dark&#8221; text_orientation=&#8221;center&#8221; header_font_size=&#8221;40px&#8221; use_border_color=&#8221;off&#8221; border_style=&#8221;solid&#8221; disabled=&#8221;off&#8221; border_color=&#8221;#ffffff&#8221; background_position=&#8221;top_left&#8221; background_repeat=&#8221;repeat&#8221; background_size=&#8221;initial&#8221; module_alignment=&#8221;center&#8221; _builder_version=&#8221;3.26.3&#8243; text_text_align=&#8221;center&#8221; text_text_shadow_horizontal_length=&#8221;text_text_shadow_style,%91object Object%93&#8243; text_text_shadow_horizontal_length_tablet=&#8221;0px&#8221; text_text_shadow_vertical_length=&#8221;text_text_shadow_style,%91object Object%93&#8243; text_text_shadow_vertical_length_tablet=&#8221;0px&#8221; text_text_shadow_blur_strength=&#8221;text_text_shadow_style,%91object Object%93&#8243; text_text_shadow_blur_strength_tablet=&#8221;1px&#8221; link_text_shadow_horizontal_length=&#8221;link_text_shadow_style,%91object Object%93&#8243; link_text_shadow_horizontal_length_tablet=&#8221;0px&#8221; link_text_shadow_vertical_length=&#8221;link_text_shadow_style,%91object Object%93&#8243; link_text_shadow_vertical_length_tablet=&#8221;0px&#8221; link_text_shadow_blur_strength=&#8221;link_text_shadow_style,%91object Object%93&#8243; link_text_shadow_blur_strength_tablet=&#8221;1px&#8221; ul_text_shadow_horizontal_length=&#8221;ul_text_shadow_style,%91object Object%93&#8243; ul_text_shadow_horizontal_length_tablet=&#8221;0px&#8221; ul_text_shadow_vertical_length=&#8221;ul_text_shadow_style,%91object Object%93&#8243; ul_text_shadow_vertical_length_tablet=&#8221;0px&#8221; ul_text_shadow_blur_strength=&#8221;ul_text_shadow_style,%91object Object%93&#8243; ul_text_shadow_blur_strength_tablet=&#8221;1px&#8221; ol_text_shadow_horizontal_length=&#8221;ol_text_shadow_style,%91object Object%93&#8243; ol_text_shadow_horizontal_length_tablet=&#8221;0px&#8221; ol_text_shadow_vertical_length=&#8221;ol_text_shadow_style,%91object Object%93&#8243; ol_text_shadow_vertical_length_tablet=&#8221;0px&#8221; ol_text_shadow_blur_strength=&#8221;ol_text_shadow_style,%91object Object%93&#8243; ol_text_shadow_blur_strength_tablet=&#8221;1px&#8221; quote_text_shadow_horizontal_length=&#8221;quote_text_shadow_style,%91object Object%93&#8243; quote_text_shadow_horizontal_length_tablet=&#8221;0px&#8221; quote_text_shadow_vertical_length=&#8221;quote_text_shadow_style,%91object Object%93&#8243; quote_text_shadow_vertical_length_tablet=&#8221;0px&#8221; quote_text_shadow_blur_strength=&#8221;quote_text_shadow_style,%91object Object%93&#8243; quote_text_shadow_blur_strength_tablet=&#8221;1px&#8221; header_text_shadow_horizontal_length=&#8221;header_text_shadow_style,%91object Object%93&#8243; header_text_shadow_horizontal_length_tablet=&#8221;0px&#8221; header_text_shadow_vertical_length=&#8221;header_text_shadow_style,%91object Object%93&#8243; header_text_shadow_vertical_length_tablet=&#8221;0px&#8221; header_text_shadow_blur_strength=&#8221;header_text_shadow_style,%91object Object%93&#8243; header_text_shadow_blur_strength_tablet=&#8221;1px&#8221; header_2_text_shadow_horizontal_length=&#8221;header_2_text_shadow_style,%91object Object%93&#8243; header_2_text_shadow_horizontal_length_tablet=&#8221;0px&#8221; header_2_text_shadow_vertical_length=&#8221;header_2_text_shadow_style,%91object Object%93&#8243; header_2_text_shadow_vertical_length_tablet=&#8221;0px&#8221; header_2_text_shadow_blur_strength=&#8221;header_2_text_shadow_style,%91object Object%93&#8243; header_2_text_shadow_blur_strength_tablet=&#8221;1px&#8221; header_3_text_shadow_horizontal_length=&#8221;header_3_text_shadow_style,%91object Object%93&#8243; header_3_text_shadow_horizontal_length_tablet=&#8221;0px&#8221; header_3_text_shadow_vertical_length=&#8221;header_3_text_shadow_style,%91object Object%93&#8243; header_3_text_shadow_vertical_length_tablet=&#8221;0px&#8221; header_3_text_shadow_blur_strength=&#8221;header_3_text_shadow_style,%91object Object%93&#8243; header_3_text_shadow_blur_strength_tablet=&#8221;1px&#8221; header_4_text_shadow_horizontal_length=&#8221;header_4_text_shadow_style,%91object Object%93&#8243; header_4_text_shadow_horizontal_length_tablet=&#8221;0px&#8221; header_4_text_shadow_vertical_length=&#8221;header_4_text_shadow_style,%91object Object%93&#8243; header_4_text_shadow_vertical_length_tablet=&#8221;0px&#8221; header_4_text_shadow_blur_strength=&#8221;header_4_text_shadow_style,%91object Object%93&#8243; header_4_text_shadow_blur_strength_tablet=&#8221;1px&#8221; header_5_text_shadow_horizontal_length=&#8221;header_5_text_shadow_style,%91object Object%93&#8243; header_5_text_shadow_horizontal_length_tablet=&#8221;0px&#8221; header_5_text_shadow_vertical_length=&#8221;header_5_text_shadow_style,%91object Object%93&#8243; header_5_text_shadow_vertical_length_tablet=&#8221;0px&#8221; header_5_text_shadow_blur_strength=&#8221;header_5_text_shadow_style,%91object Object%93&#8243; header_5_text_shadow_blur_strength_tablet=&#8221;1px&#8221; header_6_text_shadow_horizontal_length=&#8221;header_6_text_shadow_style,%91object Object%93&#8243; header_6_text_shadow_horizontal_length_tablet=&#8221;0px&#8221; header_6_text_shadow_vertical_length=&#8221;header_6_text_shadow_style,%91object Object%93&#8243; header_6_text_shadow_vertical_length_tablet=&#8221;0px&#8221; header_6_text_shadow_blur_strength=&#8221;header_6_text_shadow_style,%91object Object%93&#8243; header_6_text_shadow_blur_strength_tablet=&#8221;1px&#8221; box_shadow_horizontal_tablet=&#8221;0px&#8221; box_shadow_vertical_tablet=&#8221;0px&#8221; box_shadow_blur_tablet=&#8221;40px&#8221; box_shadow_spread_tablet=&#8221;0px&#8221; z_index_tablet=&#8221;500&#8243;]<\/p>\n<h1>ADHOC TRANSLATIONS BLOGG<\/h1>\n<h2>Branschnyheter, Tips och trix &#038; Intressanta artiklar<\/h2>\n<p>[\/et_pb_text][\/et_pb_column][\/et_pb_row][\/et_pb_section][et_pb_section bb_built=&#8221;1&#8243; admin_label=&#8221;Sektion&#8221; background_color=&#8221;#f3f3f3&#8243; parallax_method=&#8221;off&#8221; specialty=&#8221;off&#8221; disabled=&#8221;off&#8221; module_id=&#8221;blog&#8221; prev_background_color=&#8221;#ffffff&#8221; inner_width_tablet=&#8221;50px&#8221; inner_max_width_tablet=&#8221;100px&#8221; inner_max_width_phone=&#8221;50px&#8221; _builder_version=&#8221;3.26.3&#8243; box_shadow_horizontal_tablet=&#8221;0px&#8221; box_shadow_vertical_tablet=&#8221;0px&#8221; box_shadow_blur_tablet=&#8221;40px&#8221; box_shadow_spread_tablet=&#8221;0px&#8221; z_index_tablet=&#8221;500&#8243;][et_pb_row admin_label=&#8221;R\u00e6kke&#8221; custom_padding=&#8221;30px|30px||30px&#8221; parallax_method=&#8221;off&#8221; disabled=&#8221;off&#8221; background_position=&#8221;top_left&#8221; background_repeat=&#8221;repeat&#8221; background_size=&#8221;initial&#8221; width_phone=&#8221;50px&#8221; max_width_phone=&#8221;1280px&#8221; _builder_version=&#8221;3.26.3&#8243; box_shadow_horizontal_tablet=&#8221;0px&#8221; box_shadow_vertical_tablet=&#8221;0px&#8221; box_shadow_blur_tablet=&#8221;40px&#8221; box_shadow_spread_tablet=&#8221;0px&#8221; z_index_tablet=&#8221;500&#8243; custom_margin=&#8221;-120px|||&#8221; make_equal=&#8221;on&#8221;][et_pb_column type=&#8221;4_4&#8243; custom_padding__hover=&#8221;|||&#8221; custom_padding=&#8221;|||&#8221; parallax_method=&#8221;off&#8221;][et_pb_blog fullwidth=&#8221;off&#8221; show_author=&#8221;off&#8221; show_pagination=&#8221;off&#8221; use_border_color=&#8221;off&#8221; _builder_version=&#8221;3.26.3&#8243; posts_number=&#8221;999&#8243; include_categories=&#8221;1,111,113&#8243; show_excerpt=&#8221;off&#8221; box_shadow_vertical_image_tablet=&#8221;0px&#8221; box_shadow_blur_image_tablet=&#8221;40px&#8221; box_shadow_spread_image_tablet=&#8221;0px&#8221; text_shadow_horizontal_length=&#8221;text_shadow_style,%91object Object%93&#8243; text_shadow_horizontal_length_tablet=&#8221;0px&#8221; text_shadow_vertical_length=&#8221;text_shadow_style,%91object Object%93&#8243; text_shadow_vertical_length_tablet=&#8221;0px&#8221; text_shadow_blur_strength=&#8221;text_shadow_style,%91object Object%93&#8243; text_shadow_blur_strength_tablet=&#8221;1px&#8221; header_text_shadow_horizontal_length=&#8221;header_text_shadow_style,%91object Object%93&#8243; header_text_shadow_horizontal_length_tablet=&#8221;0px&#8221; header_text_shadow_vertical_length=&#8221;header_text_shadow_style,%91object Object%93&#8243; header_text_shadow_vertical_length_tablet=&#8221;0px&#8221; header_text_shadow_blur_strength=&#8221;header_text_shadow_style,%91object Object%93&#8243; header_text_shadow_blur_strength_tablet=&#8221;1px&#8221; body_text_shadow_horizontal_length=&#8221;body_text_shadow_style,%91object Object%93&#8243; body_text_shadow_horizontal_length_tablet=&#8221;0px&#8221; body_text_shadow_vertical_length=&#8221;body_text_shadow_style,%91object Object%93&#8243; body_text_shadow_vertical_length_tablet=&#8221;0px&#8221; body_text_shadow_blur_strength=&#8221;body_text_shadow_style,%91object Object%93&#8243; body_text_shadow_blur_strength_tablet=&#8221;1px&#8221; body_link_text_shadow_horizontal_length=&#8221;body_link_text_shadow_style,%91object Object%93&#8243; body_link_text_shadow_horizontal_length_tablet=&#8221;0px&#8221; body_link_text_shadow_vertical_length=&#8221;body_link_text_shadow_style,%91object Object%93&#8243; body_link_text_shadow_vertical_length_tablet=&#8221;0px&#8221; body_link_text_shadow_blur_strength=&#8221;body_link_text_shadow_style,%91object Object%93&#8243; body_link_text_shadow_blur_strength_tablet=&#8221;1px&#8221; body_ul_text_shadow_horizontal_length=&#8221;body_ul_text_shadow_style,%91object Object%93&#8243; body_ul_text_shadow_horizontal_length_tablet=&#8221;0px&#8221; body_ul_text_shadow_vertical_length=&#8221;body_ul_text_shadow_style,%91object Object%93&#8243; body_ul_text_shadow_vertical_length_tablet=&#8221;0px&#8221; body_ul_text_shadow_blur_strength=&#8221;body_ul_text_shadow_style,%91object Object%93&#8243; body_ul_text_shadow_blur_strength_tablet=&#8221;1px&#8221; body_ol_text_shadow_horizontal_length=&#8221;body_ol_text_shadow_style,%91object Object%93&#8243; body_ol_text_shadow_horizontal_length_tablet=&#8221;0px&#8221; body_ol_text_shadow_vertical_length=&#8221;body_ol_text_shadow_style,%91object Object%93&#8243; body_ol_text_shadow_vertical_length_tablet=&#8221;0px&#8221; body_ol_text_shadow_blur_strength=&#8221;body_ol_text_shadow_style,%91object Object%93&#8243; body_ol_text_shadow_blur_strength_tablet=&#8221;1px&#8221; body_quote_text_shadow_horizontal_length=&#8221;body_quote_text_shadow_style,%91object Object%93&#8243; body_quote_text_shadow_horizontal_length_tablet=&#8221;0px&#8221; body_quote_text_shadow_vertical_length=&#8221;body_quote_text_shadow_style,%91object Object%93&#8243; body_quote_text_shadow_vertical_length_tablet=&#8221;0px&#8221; body_quote_text_shadow_blur_strength=&#8221;body_quote_text_shadow_style,%91object Object%93&#8243; body_quote_text_shadow_blur_strength_tablet=&#8221;1px&#8221; meta_text_shadow_horizontal_length=&#8221;meta_text_shadow_style,%91object Object%93&#8243; meta_text_shadow_horizontal_length_tablet=&#8221;0px&#8221; meta_text_shadow_vertical_length=&#8221;meta_text_shadow_style,%91object Object%93&#8243; meta_text_shadow_vertical_length_tablet=&#8221;0px&#8221; meta_text_shadow_blur_strength=&#8221;meta_text_shadow_style,%91object Object%93&#8243; meta_text_shadow_blur_strength_tablet=&#8221;1px&#8221; read_more_text_shadow_horizontal_length=&#8221;read_more_text_shadow_style,%91object Object%93&#8243; read_more_text_shadow_horizontal_length_tablet=&#8221;0px&#8221; read_more_text_shadow_vertical_length=&#8221;read_more_text_shadow_style,%91object Object%93&#8243; read_more_text_shadow_vertical_length_tablet=&#8221;0px&#8221; read_more_text_shadow_blur_strength=&#8221;read_more_text_shadow_style,%91object Object%93&#8243; read_more_text_shadow_blur_strength_tablet=&#8221;1px&#8221; pagination_text_shadow_horizontal_length=&#8221;pagination_text_shadow_style,%91object Object%93&#8243; pagination_text_shadow_horizontal_length_tablet=&#8221;0px&#8221; pagination_text_shadow_vertical_length=&#8221;pagination_text_shadow_style,%91object Object%93&#8243; pagination_text_shadow_vertical_length_tablet=&#8221;0px&#8221; pagination_text_shadow_blur_strength=&#8221;pagination_text_shadow_style,%91object Object%93&#8243; pagination_text_shadow_blur_strength_tablet=&#8221;1px&#8221; box_shadow_horizontal_tablet=&#8221;0px&#8221; box_shadow_vertical_tablet=&#8221;0px&#8221; box_shadow_blur_tablet=&#8221;40px&#8221; box_shadow_spread_tablet=&#8221;0px&#8221; z_index_tablet=&#8221;500&#8243; box_shadow_style_image=&#8221;preset3&#8243; masonry_tile_background_color=&#8221;#ffffff&#8221; header_level=&#8221;h3&#8243; header_text_color=&#8221;#545454&#8243; header_font_size=&#8221;16px&#8221; header_line_height=&#8221;20px&#8221; show_categories=&#8221;off&#8221; border_color_top_image=&#8221;#f99d1c&#8221; meta_text_color=&#8221;#f99d1c&#8221; \/][\/et_pb_column][\/et_pb_row][\/et_pb_section]<\/p>\n","protected":false},"excerpt":{"rendered":"<p>ADHOC TRANSLATIONS BLOGG Branschnyheter, Tips och trix &#038; Intressanta artiklar<\/p>\n","protected":false},"author":898233,"featured_media":0,"parent":0,"menu_order":0,"comment_status":"closed","ping_status":"closed","template":"","meta":{"_et_pb_use_builder":"on","_et_pb_old_content":"","_et_gb_content_width":"","footnotes":""},"class_list":["post-12584","page","type-page","status-publish","hentry"],"yoast_head":"<!-- This site is optimized with the Yoast SEO plugin v27.3 - https:\/\/yoast.com\/product\/yoast-seo-wordpress\/ -->\n<title>Blogg - l\u00e4s artiklar, branschnyheter och smarta tips<\/title>\n<meta name=\"description\" content=\"L\u00e4s AdHoc Translations blogg med senaste nytt, goda r\u00e5d om spr\u00e5k och \u00f6vers\u00e4ttning samt sp\u00e4nnande artiklar om relevanta \u00e4mnen.\" \/>\n<meta name=\"robots\" content=\"index, follow, max-snippet:-1, max-image-preview:large, max-video-preview:-1\" \/>\n<link rel=\"canonical\" href=\"https:\/\/www.adhoc-translations.com\/sv\/blogg\/\" \/>\n<meta property=\"og:locale\" content=\"sv_SE\" \/>\n<meta property=\"og:type\" content=\"article\" \/>\n<meta property=\"og:title\" content=\"Blogg - l\u00e4s artiklar, branschnyheter och smarta tips\" \/>\n<meta property=\"og:description\" content=\"L\u00e4s AdHoc Translations blogg med senaste nytt, goda r\u00e5d om spr\u00e5k och \u00f6vers\u00e4ttning samt sp\u00e4nnande artiklar om relevanta \u00e4mnen.\" \/>\n<meta property=\"og:url\" content=\"https:\/\/www.adhoc-translations.com\/sv\/blogg\/\" \/>\n<meta property=\"og:site_name\" content=\"AdHoc Translations\" \/>\n<meta property=\"article:publisher\" content=\"https:\/\/www.facebook.com\/AdHocTranslations\/\" \/>\n<meta property=\"article:modified_time\" content=\"2019-07-26T13:24:18+00:00\" \/>\n<meta name=\"twitter:card\" content=\"summary_large_image\" \/>\n<meta name=\"twitter:site\" content=\"@AdHoc_Language\" \/>\n<meta name=\"twitter:label1\" content=\"Ber\u00e4knad l\u00e4stid\" \/>\n\t<meta name=\"twitter:data1\" content=\"8 minuter\" \/>\n<script type=\"application\/ld+json\" class=\"yoast-schema-graph\">{\"@context\":\"https:\\\/\\\/schema.org\",\"@graph\":[{\"@type\":\"WebPage\",\"@id\":\"https:\\\/\\\/www.adhoc-translations.com\\\/sv\\\/blogg\\\/\",\"url\":\"https:\\\/\\\/www.adhoc-translations.com\\\/sv\\\/blogg\\\/\",\"name\":\"Blogg - l\u00e4s artiklar, branschnyheter och smarta tips\",\"isPartOf\":{\"@id\":\"https:\\\/\\\/www.adhoc-translations.com\\\/#website\"},\"datePublished\":\"2018-10-13T12:58:01+00:00\",\"dateModified\":\"2019-07-26T13:24:18+00:00\",\"description\":\"L\u00e4s AdHoc Translations blogg med senaste nytt, goda r\u00e5d om spr\u00e5k och \u00f6vers\u00e4ttning samt sp\u00e4nnande artiklar om relevanta \u00e4mnen.\",\"breadcrumb\":{\"@id\":\"https:\\\/\\\/www.adhoc-translations.com\\\/sv\\\/blogg\\\/#breadcrumb\"},\"inLanguage\":\"sv-SE\",\"potentialAction\":[{\"@type\":\"ReadAction\",\"target\":[\"https:\\\/\\\/www.adhoc-translations.com\\\/sv\\\/blogg\\\/\"]}]},{\"@type\":\"BreadcrumbList\",\"@id\":\"https:\\\/\\\/www.adhoc-translations.com\\\/sv\\\/blogg\\\/#breadcrumb\",\"itemListElement\":[{\"@type\":\"ListItem\",\"position\":1,\"name\":\"Home\",\"item\":\"https:\\\/\\\/www.adhoc-translations.com\\\/sv\\\/\"},{\"@type\":\"ListItem\",\"position\":2,\"name\":\"Blogg\"}]},{\"@type\":\"WebSite\",\"@id\":\"https:\\\/\\\/www.adhoc-translations.com\\\/#website\",\"url\":\"https:\\\/\\\/www.adhoc-translations.com\\\/\",\"name\":\"AdHoc Translations\",\"description\":\"Global communication made easy\",\"publisher\":{\"@id\":\"https:\\\/\\\/www.adhoc-translations.com\\\/#organization\"},\"potentialAction\":[{\"@type\":\"SearchAction\",\"target\":{\"@type\":\"EntryPoint\",\"urlTemplate\":\"https:\\\/\\\/www.adhoc-translations.com\\\/?s={search_term_string}\"},\"query-input\":{\"@type\":\"PropertyValueSpecification\",\"valueRequired\":true,\"valueName\":\"search_term_string\"}}],\"inLanguage\":\"sv-SE\"},{\"@type\":\"Organization\",\"@id\":\"https:\\\/\\\/www.adhoc-translations.com\\\/#organization\",\"name\":\"AdHoc Translations\",\"url\":\"https:\\\/\\\/www.adhoc-translations.com\\\/\",\"logo\":{\"@type\":\"ImageObject\",\"inLanguage\":\"sv-SE\",\"@id\":\"https:\\\/\\\/www.adhoc-translations.com\\\/#\\\/schema\\\/logo\\\/image\\\/\",\"url\":\"https:\\\/\\\/www.adhoc-translations.com\\\/wp-content\\\/uploads\\\/2022\\\/08\\\/there-for-you.png\",\"contentUrl\":\"https:\\\/\\\/www.adhoc-translations.com\\\/wp-content\\\/uploads\\\/2022\\\/08\\\/there-for-you.png\",\"width\":1200,\"height\":1200,\"caption\":\"AdHoc Translations\"},\"image\":{\"@id\":\"https:\\\/\\\/www.adhoc-translations.com\\\/#\\\/schema\\\/logo\\\/image\\\/\"},\"sameAs\":[\"https:\\\/\\\/www.facebook.com\\\/AdHocTranslations\\\/\",\"https:\\\/\\\/x.com\\\/AdHoc_Language\",\"https:\\\/\\\/www.linkedin.com\\\/company\\\/ad-hoc-translations-a-s\\\/\",\"https:\\\/\\\/www.youtube.com\\\/channel\\\/UC6GxzaVOMxSFOqvl2ACKLuA\"]}]}<\/script>\n<!-- \/ Yoast SEO plugin. -->","yoast_head_json":{"title":"Blogg - l\u00e4s artiklar, branschnyheter och smarta tips","description":"L\u00e4s AdHoc Translations blogg med senaste nytt, goda r\u00e5d om spr\u00e5k och \u00f6vers\u00e4ttning samt sp\u00e4nnande artiklar om relevanta \u00e4mnen.","robots":{"index":"index","follow":"follow","max-snippet":"max-snippet:-1","max-image-preview":"max-image-preview:large","max-video-preview":"max-video-preview:-1"},"canonical":"https:\/\/www.adhoc-translations.com\/sv\/blogg\/","og_locale":"sv_SE","og_type":"article","og_title":"Blogg - l\u00e4s artiklar, branschnyheter och smarta tips","og_description":"L\u00e4s AdHoc Translations blogg med senaste nytt, goda r\u00e5d om spr\u00e5k och \u00f6vers\u00e4ttning samt sp\u00e4nnande artiklar om relevanta \u00e4mnen.","og_url":"https:\/\/www.adhoc-translations.com\/sv\/blogg\/","og_site_name":"AdHoc Translations","article_publisher":"https:\/\/www.facebook.com\/AdHocTranslations\/","article_modified_time":"2019-07-26T13:24:18+00:00","twitter_card":"summary_large_image","twitter_site":"@AdHoc_Language","twitter_misc":{"Ber\u00e4knad l\u00e4stid":"8 minuter"},"schema":{"@context":"https:\/\/schema.org","@graph":[{"@type":"WebPage","@id":"https:\/\/www.adhoc-translations.com\/sv\/blogg\/","url":"https:\/\/www.adhoc-translations.com\/sv\/blogg\/","name":"Blogg - l\u00e4s artiklar, branschnyheter och smarta tips","isPartOf":{"@id":"https:\/\/www.adhoc-translations.com\/#website"},"datePublished":"2018-10-13T12:58:01+00:00","dateModified":"2019-07-26T13:24:18+00:00","description":"L\u00e4s AdHoc Translations blogg med senaste nytt, goda r\u00e5d om spr\u00e5k och \u00f6vers\u00e4ttning samt sp\u00e4nnande artiklar om relevanta \u00e4mnen.","breadcrumb":{"@id":"https:\/\/www.adhoc-translations.com\/sv\/blogg\/#breadcrumb"},"inLanguage":"sv-SE","potentialAction":[{"@type":"ReadAction","target":["https:\/\/www.adhoc-translations.com\/sv\/blogg\/"]}]},{"@type":"BreadcrumbList","@id":"https:\/\/www.adhoc-translations.com\/sv\/blogg\/#breadcrumb","itemListElement":[{"@type":"ListItem","position":1,"name":"Home","item":"https:\/\/www.adhoc-translations.com\/sv\/"},{"@type":"ListItem","position":2,"name":"Blogg"}]},{"@type":"WebSite","@id":"https:\/\/www.adhoc-translations.com\/#website","url":"https:\/\/www.adhoc-translations.com\/","name":"AdHoc Translations","description":"Global communication made easy","publisher":{"@id":"https:\/\/www.adhoc-translations.com\/#organization"},"potentialAction":[{"@type":"SearchAction","target":{"@type":"EntryPoint","urlTemplate":"https:\/\/www.adhoc-translations.com\/?s={search_term_string}"},"query-input":{"@type":"PropertyValueSpecification","valueRequired":true,"valueName":"search_term_string"}}],"inLanguage":"sv-SE"},{"@type":"Organization","@id":"https:\/\/www.adhoc-translations.com\/#organization","name":"AdHoc Translations","url":"https:\/\/www.adhoc-translations.com\/","logo":{"@type":"ImageObject","inLanguage":"sv-SE","@id":"https:\/\/www.adhoc-translations.com\/#\/schema\/logo\/image\/","url":"https:\/\/www.adhoc-translations.com\/wp-content\/uploads\/2022\/08\/there-for-you.png","contentUrl":"https:\/\/www.adhoc-translations.com\/wp-content\/uploads\/2022\/08\/there-for-you.png","width":1200,"height":1200,"caption":"AdHoc Translations"},"image":{"@id":"https:\/\/www.adhoc-translations.com\/#\/schema\/logo\/image\/"},"sameAs":["https:\/\/www.facebook.com\/AdHocTranslations\/","https:\/\/x.com\/AdHoc_Language","https:\/\/www.linkedin.com\/company\/ad-hoc-translations-a-s\/","https:\/\/www.youtube.com\/channel\/UC6GxzaVOMxSFOqvl2ACKLuA"]}]}},"_links":{"self":[{"href":"https:\/\/www.adhoc-translations.com\/sv\/wp-json\/wp\/v2\/pages\/12584","targetHints":{"allow":["GET"]}}],"collection":[{"href":"https:\/\/www.adhoc-translations.com\/sv\/wp-json\/wp\/v2\/pages"}],"about":[{"href":"https:\/\/www.adhoc-translations.com\/sv\/wp-json\/wp\/v2\/types\/page"}],"author":[{"embeddable":true,"href":"https:\/\/www.adhoc-translations.com\/sv\/wp-json\/wp\/v2\/users\/898233"}],"replies":[{"embeddable":true,"href":"https:\/\/www.adhoc-translations.com\/sv\/wp-json\/wp\/v2\/comments?post=12584"}],"version-history":[{"count":4,"href":"https:\/\/www.adhoc-translations.com\/sv\/wp-json\/wp\/v2\/pages\/12584\/revisions"}],"predecessor-version":[{"id":28616,"href":"https:\/\/www.adhoc-translations.com\/sv\/wp-json\/wp\/v2\/pages\/12584\/revisions\/28616"}],"wp:attachment":[{"href":"https:\/\/www.adhoc-translations.com\/sv\/wp-json\/wp\/v2\/media?parent=12584"}],"curies":[{"name":"wp","href":"https:\/\/api.w.org\/{rel}","templated":true}]}}